{"id":1641,"date":"2016-03-24T14:46:25","date_gmt":"2016-03-24T13:46:25","guid":{"rendered":"https:\/\/cemondeblog.wordpress.com\/?page_id=1641"},"modified":"2020-06-17T15:30:38","modified_gmt":"2020-06-17T13:30:38","slug":"mondo-in-mi-settima-monde-en-mi-septieme","status":"publish","type":"page","link":"https:\/\/asimon.eu\/blog\/mondo-in-mi-settima-monde-en-mi-septieme\/","title":{"rendered":"Mondo in Mi settima (Monde en mi septi\u00e8me)"},"content":{"rendered":"\n<div class=\"wp-block-ugb-columns ugb-columns ugb-aff7d5e ugb-columns--design-plain ugb-columns--columns-3 ugb-main-block\" id=\"\"><style>.ugb-aff7d5e > .ugb-inner-block > .ugb-block-content > .ugb-columns__item{grid-template-columns:0.42fr 2.16fr 0.42fr !important}<\/style><div class=\"ugb-inner-block\"><div class=\"ugb-block-content\"><div class=\"ugb-columns__item ugb-aff7d5e-content-wrapper\">\n<div class=\"wp-block-ugb-column ugb-column ugb-3038824 ugb-column--design-plain ugb-main-block\" id=\"\"><div class=\"ugb-inner-block\"><div class=\"ugb-block-content\"><div class=\"ugb-column__item ugb-3038824-column-wrapper\"><div class=\"ugb-column__content-wrapper\"><\/div><\/div><\/div><\/div><\/div>\n\n\n\n<div class=\"wp-block-ugb-column ugb-column ugb-33a218d ugb-column--design-plain ugb-main-block\" id=\"\"><div class=\"ugb-inner-block\"><div class=\"ugb-block-content\"><div class=\"ugb-column__item ugb-33a218d-column-wrapper\"><div class=\"ugb-column__content-wrapper\">\n<figure class=\"wp-block-embed-youtube wp-block-embed is-type-video is-provider-youtube wp-embed-aspect-16-9 wp-has-aspect-ratio\"><div class=\"wp-block-embed__wrapper\">\n<span class=\"embed-youtube\" style=\"text-align:center; display: block;\"><iframe loading=\"lazy\" class=\"youtube-player\" width=\"843\" height=\"475\" src=\"https:\/\/www.youtube.com\/embed\/Nkt83ykakOw?version=3&#038;rel=1&#038;showsearch=0&#038;showinfo=1&#038;iv_load_policy=1&#038;fs=1&#038;hl=fr-FR&#038;autohide=2&#038;wmode=transparent\" allowfullscreen=\"true\" style=\"border:0;\" sandbox=\"allow-scripts allow-same-origin allow-popups allow-presentation allow-popups-to-escape-sandbox\"><\/iframe><\/span>\n<\/div><\/figure>\n<\/div><\/div><\/div><\/div><\/div>\n\n\n\n<div class=\"wp-block-ugb-column ugb-column ugb-3956bd5 ugb-column--design-plain ugb-main-block\" id=\"\"><div class=\"ugb-inner-block\"><div class=\"ugb-block-content\"><div class=\"ugb-column__item ugb-3956bd5-column-wrapper\"><div class=\"ugb-column__content-wrapper\"><\/div><\/div><\/div><\/div><\/div>\n<\/div><\/div><\/div><\/div>\n\n\n\n<div class=\"wp-block-ugb-columns ugb-columns ugb-faf7f1d ugb-columns--design-plain ugb-columns--columns-2 ugb-main-block\" id=\"\"><style>.ugb-faf7f1d .ugb-inner-block{text-align:center}<\/style><div class=\"ugb-inner-block\"><div class=\"ugb-block-content\"><div class=\"ugb-columns__item ugb-faf7f1d-content-wrapper\">\n<div class=\"wp-block-ugb-column ugb-column ugb-d64ee20 ugb-column--design-plain ugb-main-block\" id=\"\"><div class=\"ugb-inner-block\"><div class=\"ugb-block-content\"><div class=\"ugb-column__item ugb-d64ee20-column-wrapper\"><div class=\"ugb-column__content-wrapper\">\n<p>Brano pubblicato nel 1966.<\/p>\n\n\n\n<p class=\"has-text-align-center\"><br>Prendo il giornale<br>e leggo che<br>di giusti al mondo<br>non ce n\u2019e\u2019<br>come mai il mondo e\u2019 cosi\u2019 brutto?<br>Si siamo stati noi a rovinare<br>questo capolavoro sospeso nel cielo<br>nel cielo nel cielo<br>ahi ahi ahi ahi ahi ahi ahi<br>leggo che sulla terra<br>sempre c\u2019e\u2019 una guerra<br>ma pero\u2019 per fortuna<br>stiamo arrivando sulla luna<br>mentre qui c\u2019e\u2019 la fame<br>c\u2019e\u2019 la fame<br>c\u2019e\u2019 la fame<br>c\u2019e\u2019 la fame<br>c\u2019e\u2019 la fame<br>ahi ahi ahi\u2026<br>ogni atomica e\u2019 una boccia<br>e i birilli son l\u2019umanita\u2019<br>il capriccio di un capoccia<br>ed il mondo in aria saltera\u2019<br>si rapina lunedi\u2019<br>ci si ammazza gli altri di\u2019<br>guarda un po\u2019 che societa\u2019<br>Ipocrisia qua e la\u2019 non va<br>non esiste morale<br>c\u2019e\u2019 per tutti un complesso<br>un problema del sesso<br>e le persone serie<br>che non raccontan storie<br>le han spedite in ferie<br>questa terra e\u2019 il monopolio delle idee sbagliate<br>qui si premiano quei film dove c\u2019e\u2019 un morto in piu\u2019<br>si divorano i romanzi con il vizio a rate<br>c\u2019e\u2019 perfino corruzione dove c\u2019e\u2019 lo sport.<\/p>\n\n\n\n<p class=\"has-text-align-center\">no, ragazze<br>non ora restate cos\u00ed<br>dico&nbsp;: perch\u00e9 piangi&nbsp;?<br>E allora staremo freschi se veramente nel mondo<br>succedessero tutte queste cose<br>e poi<br>lo sapete anche voi, no&nbsp;?<br>I giornali qualche volta esagerano sempre un p\u00f3<br>guardate quello che scrivono su di me<br>E poi se andiamo a guardare questo giornale<br>chiss\u00e1 di quanti anni \u00e8<br>Anzi adesso voglio proprio guardare la data<br>\u2026 \u00e8 di oggi&nbsp;!<\/p>\n\n\n\n<p class=\"has-text-align-center\">e se noi tutti insieme<br>in un \u00ab&nbsp;clan&nbsp;\u00bb<br>ci uniremo<br>cambiera\u2019<br>questo mondo<br>se noi<br>daremo una mano<br>a chi ha piu\u2019<br>bisogno<br>ci sara \u2018 solo amore<br>ci sara \u2018 solo amore amore<br>amore<br>solo amore<br>solo amore<br>solo amore<\/p>\n\n\n\n<p class=\"has-text-align-right\"><em>Adriano Celentano<\/em><\/p>\n<\/div><\/div><\/div><\/div><\/div>\n\n\n\n<div class=\"wp-block-ugb-column ugb-column ugb-86cf0a1 ugb-column--design-plain ugb-main-block\" id=\"\"><div class=\"ugb-inner-block\"><div class=\"ugb-block-content\"><div class=\"ugb-column__item ugb-86cf0a1-column-wrapper\"><div class=\"ugb-column__content-wrapper\">\n<p>Morceau publi\u00e9 en 1966.<\/p>\n\n\n\n<p><br>Je prends le journal<br>et je lis que<br>des justes dans le monde<br>il n&rsquo;y en a pas<br>pourquoi donc le monde est-il si moche&nbsp;?<br>C&rsquo;est nous qui avons ab\u00eem\u00e9<br>ce chef-d&rsquo;oeuvre suspendu dans le ciel<br>dans le ciel, dans le ciel<br>ahi ahi ahi ahi ahi ahi ahi<br>je lis que sur la terre<br>il y a toujours une guerre<br>mais heureusement<br>nous arrivons sur la lune<br>pendant qu&rsquo;ici il y a la faim<br>il y a la faim<br>il y a la faim<br>il y a la faim<br>il y a la faim<br>ahi ahi ahi \u2026<br>chaque bombe atomique est une boule<br>et les quilles sont l&rsquo;humanit\u00e9<br>le caprice d&rsquo;un contrma\u00eetre<br>et le monde sautera en l&rsquo;air<br>on vole le lundi<br>on s&rsquo;entretue les autres jours<br>regarde un peu quelle soci\u00e9t\u00e9<br>Hypocrisie \u00e7a et l\u00e0, \u00e7a ne va pas<br>il n&rsquo;existe pas de morale<br>tous ont un complexe<br>un probl\u00e8me de sexe<br>et les personnes s\u00e9rieuses<br>qui ne racontent pas des histoires<br>on les a envoy\u00e9es en vacances<br>cette terre a le monopole des id\u00e9es erron\u00e9es<br>ici on prime les films o\u00f9 il y a un mort de plus<br>on d\u00e9vore les romans avec le vice \u00e0 cr\u00e9dit<br>il y a m\u00eame de la corruption dans le sport<\/p>\n\n\n\n<p class=\"has-text-align-center\">Non les filles<br>ne restez pas maintenant comme \u00e7a<br>je dis&nbsp;: pourquoi pleures-tu?<br>Et alors, on serait frais si vraiment dans le monde<br>toutes ces choses arrivaient<br>et puis<br>vous le savez vous aussi, non&nbsp;?<br>Les journaux quelquefois exag\u00e8rent toujours un peu<br>voyez ce qu&rsquo;ils \u00e9crivent sur moi<br>Et puis, si nous allons regarder ce journal,<br>qui sait de quelle ann\u00e9e il est<br>Mieux&nbsp;: je veux maintenant vraiment regarder la date<br>\u2026 il est d&rsquo;aujourd&rsquo;hui&nbsp;!<\/p>\n\n\n\n<p class=\"has-text-align-center\">Et si nous tous ensemble<br>en un \u00ab&nbsp;clan&nbsp;\u00bb<br>nous nous unissons<br>\u00e7a changera<br>ce monde<br>si nous,<br>nous donnons un coup de main<br>\u00e0 qui en a le plus<br>besoin<br>il y aura seulement de l&rsquo;amour<br>il y aura seulement de l&rsquo;amour amour<br>amour<br>seulement de l&rsquo;amour<br>seulement de l&rsquo;amour<br>seulement de l&rsquo;amour<\/p>\n<\/div><\/div><\/div><\/div><\/div>\n<\/div><\/div><\/div><\/div>\n","protected":false},"excerpt":{"rendered":"<p>Brano pubblicato nel 1966. Prendo il giornalee leggo chedi giusti al mondonon ce n\u2019e\u2019come mai il mondo e\u2019 cosi\u2019 brutto?Si siamo stati noi a rovinarequesto&hellip;<\/p>\n","protected":false},"author":1,"featured_media":0,"parent":0,"menu_order":0,"comment_status":"closed","ping_status":"closed","template":"","meta":{"_uag_custom_page_level_css":"","_lmt_disableupdate":"no","_lmt_disable":"","h5ap_radio_sources":[],"jetpack_post_was_ever_published":false,"footnotes":""},"class_list":["post-1641","page","type-page","status-publish","hentry"],"featured_image_urls_v2":{"full":"","thumbnail":"","medium":"","medium_large":"","large":"","gs-tiny":"","xl":"","xxl":"","xxxl":"","xxxxl":"","xxxxxl":"","1536x1536":"","2048x2048":"","mailpoet_newsletter_max":""},"post_excerpt_stackable_v2":"<p>Brano pubblicato nel 1966. Prendo il giornalee leggo chedi giusti al mondonon ce n\u2019e\u2019come mai il mondo e\u2019 cosi\u2019 brutto?Si siamo stati noi a rovinarequesto capolavoro sospeso nel cielonel cielo nel cieloahi ahi ahi ahi ahi ahi ahileggo che sulla terrasempre c\u2019e\u2019 una guerrama pero\u2019 per fortunastiamo arrivando sulla lunamentre qui c\u2019e\u2019 la famec\u2019e\u2019 la famec\u2019e\u2019 la famec\u2019e\u2019 la famec\u2019e\u2019 la fameahi ahi ahi\u2026ogni atomica e\u2019 una bocciae i birilli son l\u2019umanita\u2019il capriccio di un capocciaed il mondo in aria saltera\u2019si rapina lunedi\u2019ci si ammazza gli altri di\u2019guarda un po\u2019 che societa\u2019Ipocrisia qua e la\u2019 non vanon esiste moralec\u2019e\u2019 per\u2026<\/p>\n","category_list_v2":"","author_info_v2":{"name":"Andr\u00e9","url":"https:\/\/asimon.eu\/blog\/author\/andre\/"},"comments_num_v2":"0 commentaire","yoast_head":"<!-- This site is optimized with the Yoast SEO plugin v27.4 - https:\/\/yoast.com\/product\/yoast-seo-wordpress\/ -->\n<title>Mondo in Mi settima (Monde en mi septi\u00e8me) - Cemondeblog<\/title>\n<meta name=\"robots\" content=\"index, follow, max-snippet:-1, max-image-preview:large, max-video-preview:-1\" \/>\n<link rel=\"canonical\" href=\"https:\/\/asimon.eu\/blog\/mondo-in-mi-settima-monde-en-mi-septieme\/\" \/>\n<meta property=\"og:locale\" content=\"fr_FR\" \/>\n<meta property=\"og:type\" content=\"article\" \/>\n<meta property=\"og:title\" content=\"Mondo in Mi settima (Monde en mi septi\u00e8me) - Cemondeblog\" \/>\n<meta property=\"og:description\" content=\"Brano pubblicato nel 1966. Prendo il giornalee leggo chedi giusti al mondonon ce n\u2019e\u2019come mai il mondo e\u2019 cosi\u2019 brutto?Si siamo stati noi a rovinarequesto&hellip;\" \/>\n<meta property=\"og:url\" content=\"https:\/\/asimon.eu\/blog\/mondo-in-mi-settima-monde-en-mi-septieme\/\" \/>\n<meta property=\"og:site_name\" content=\"Cemondeblog\" \/>\n<meta property=\"article:modified_time\" content=\"2020-06-17T13:30:38+00:00\" \/>\n<meta name=\"twitter:card\" content=\"summary_large_image\" \/>\n<meta name=\"twitter:site\" content=\"@olrik16\" \/>\n<meta name=\"twitter:label1\" content=\"Dur\u00e9e de lecture estim\u00e9e\" \/>\n\t<meta name=\"twitter:data1\" content=\"3 minutes\" \/>\n<script type=\"application\/ld+json\" class=\"yoast-schema-graph\">{\"@context\":\"https:\\\/\\\/schema.org\",\"@graph\":[{\"@type\":\"WebPage\",\"@id\":\"https:\\\/\\\/asimon.eu\\\/blog\\\/mondo-in-mi-settima-monde-en-mi-septieme\\\/\",\"url\":\"https:\\\/\\\/asimon.eu\\\/blog\\\/mondo-in-mi-settima-monde-en-mi-septieme\\\/\",\"name\":\"Mondo in Mi settima (Monde en mi septi\u00e8me) - Cemondeblog\",\"isPartOf\":{\"@id\":\"https:\\\/\\\/asimon.eu\\\/blog\\\/#website\"},\"datePublished\":\"2016-03-24T13:46:25+00:00\",\"dateModified\":\"2020-06-17T13:30:38+00:00\",\"breadcrumb\":{\"@id\":\"https:\\\/\\\/asimon.eu\\\/blog\\\/mondo-in-mi-settima-monde-en-mi-septieme\\\/#breadcrumb\"},\"inLanguage\":\"fr-FR\",\"potentialAction\":[{\"@type\":\"ReadAction\",\"target\":[\"https:\\\/\\\/asimon.eu\\\/blog\\\/mondo-in-mi-settima-monde-en-mi-septieme\\\/\"]}]},{\"@type\":\"BreadcrumbList\",\"@id\":\"https:\\\/\\\/asimon.eu\\\/blog\\\/mondo-in-mi-settima-monde-en-mi-septieme\\\/#breadcrumb\",\"itemListElement\":[{\"@type\":\"ListItem\",\"position\":1,\"name\":\"Accueil\",\"item\":\"https:\\\/\\\/asimon.eu\\\/blog\\\/\"},{\"@type\":\"ListItem\",\"position\":2,\"name\":\"Mondo in Mi settima (Monde en mi septi\u00e8me)\"}]},{\"@type\":\"WebSite\",\"@id\":\"https:\\\/\\\/asimon.eu\\\/blog\\\/#website\",\"url\":\"https:\\\/\\\/asimon.eu\\\/blog\\\/\",\"name\":\"Cemondeblog\",\"description\":\"Ce monde o\u00f9 je vis, o\u00f9 nous vivons.\",\"publisher\":{\"@id\":\"https:\\\/\\\/asimon.eu\\\/blog\\\/#\\\/schema\\\/person\\\/4aef5843155766a51be733fbdace4241\"},\"potentialAction\":[{\"@type\":\"SearchAction\",\"target\":{\"@type\":\"EntryPoint\",\"urlTemplate\":\"https:\\\/\\\/asimon.eu\\\/blog\\\/?s={search_term_string}\"},\"query-input\":{\"@type\":\"PropertyValueSpecification\",\"valueRequired\":true,\"valueName\":\"search_term_string\"}}],\"inLanguage\":\"fr-FR\"},{\"@type\":[\"Person\",\"Organization\"],\"@id\":\"https:\\\/\\\/asimon.eu\\\/blog\\\/#\\\/schema\\\/person\\\/4aef5843155766a51be733fbdace4241\",\"name\":\"Andr\u00e9\",\"image\":{\"@type\":\"ImageObject\",\"inLanguage\":\"fr-FR\",\"@id\":\"https:\\\/\\\/i0.wp.com\\\/asimon.eu\\\/blog\\\/wp-content\\\/uploads\\\/2019\\\/12\\\/cropped-rancheria-14.png?fit=1597%2C422&ssl=1\",\"url\":\"https:\\\/\\\/i0.wp.com\\\/asimon.eu\\\/blog\\\/wp-content\\\/uploads\\\/2019\\\/12\\\/cropped-rancheria-14.png?fit=1597%2C422&ssl=1\",\"contentUrl\":\"https:\\\/\\\/i0.wp.com\\\/asimon.eu\\\/blog\\\/wp-content\\\/uploads\\\/2019\\\/12\\\/cropped-rancheria-14.png?fit=1597%2C422&ssl=1\",\"width\":1597,\"height\":422,\"caption\":\"Andr\u00e9\"},\"logo\":{\"@id\":\"https:\\\/\\\/i0.wp.com\\\/asimon.eu\\\/blog\\\/wp-content\\\/uploads\\\/2019\\\/12\\\/cropped-rancheria-14.png?fit=1597%2C422&ssl=1\"},\"description\":\"Et la vie va ...\",\"sameAs\":[\"https:\\\/\\\/asimon.eu\"]}]}<\/script>\n<!-- \/ Yoast SEO plugin. -->","yoast_head_json":{"title":"Mondo in Mi settima (Monde en mi septi\u00e8me) - Cemondeblog","robots":{"index":"index","follow":"follow","max-snippet":"max-snippet:-1","max-image-preview":"max-image-preview:large","max-video-preview":"max-video-preview:-1"},"canonical":"https:\/\/asimon.eu\/blog\/mondo-in-mi-settima-monde-en-mi-septieme\/","og_locale":"fr_FR","og_type":"article","og_title":"Mondo in Mi settima (Monde en mi septi\u00e8me) - Cemondeblog","og_description":"Brano pubblicato nel 1966. Prendo il giornalee leggo chedi giusti al mondonon ce n\u2019e\u2019come mai il mondo e\u2019 cosi\u2019 brutto?Si siamo stati noi a rovinarequesto&hellip;","og_url":"https:\/\/asimon.eu\/blog\/mondo-in-mi-settima-monde-en-mi-septieme\/","og_site_name":"Cemondeblog","article_modified_time":"2020-06-17T13:30:38+00:00","twitter_card":"summary_large_image","twitter_site":"@olrik16","twitter_misc":{"Dur\u00e9e de lecture estim\u00e9e":"3 minutes"},"schema":{"@context":"https:\/\/schema.org","@graph":[{"@type":"WebPage","@id":"https:\/\/asimon.eu\/blog\/mondo-in-mi-settima-monde-en-mi-septieme\/","url":"https:\/\/asimon.eu\/blog\/mondo-in-mi-settima-monde-en-mi-septieme\/","name":"Mondo in Mi settima (Monde en mi septi\u00e8me) - Cemondeblog","isPartOf":{"@id":"https:\/\/asimon.eu\/blog\/#website"},"datePublished":"2016-03-24T13:46:25+00:00","dateModified":"2020-06-17T13:30:38+00:00","breadcrumb":{"@id":"https:\/\/asimon.eu\/blog\/mondo-in-mi-settima-monde-en-mi-septieme\/#breadcrumb"},"inLanguage":"fr-FR","potentialAction":[{"@type":"ReadAction","target":["https:\/\/asimon.eu\/blog\/mondo-in-mi-settima-monde-en-mi-septieme\/"]}]},{"@type":"BreadcrumbList","@id":"https:\/\/asimon.eu\/blog\/mondo-in-mi-settima-monde-en-mi-septieme\/#breadcrumb","itemListElement":[{"@type":"ListItem","position":1,"name":"Accueil","item":"https:\/\/asimon.eu\/blog\/"},{"@type":"ListItem","position":2,"name":"Mondo in Mi settima (Monde en mi septi\u00e8me)"}]},{"@type":"WebSite","@id":"https:\/\/asimon.eu\/blog\/#website","url":"https:\/\/asimon.eu\/blog\/","name":"Cemondeblog","description":"Ce monde o\u00f9 je vis, o\u00f9 nous vivons.","publisher":{"@id":"https:\/\/asimon.eu\/blog\/#\/schema\/person\/4aef5843155766a51be733fbdace4241"},"potentialAction":[{"@type":"SearchAction","target":{"@type":"EntryPoint","urlTemplate":"https:\/\/asimon.eu\/blog\/?s={search_term_string}"},"query-input":{"@type":"PropertyValueSpecification","valueRequired":true,"valueName":"search_term_string"}}],"inLanguage":"fr-FR"},{"@type":["Person","Organization"],"@id":"https:\/\/asimon.eu\/blog\/#\/schema\/person\/4aef5843155766a51be733fbdace4241","name":"Andr\u00e9","image":{"@type":"ImageObject","inLanguage":"fr-FR","@id":"https:\/\/i0.wp.com\/asimon.eu\/blog\/wp-content\/uploads\/2019\/12\/cropped-rancheria-14.png?fit=1597%2C422&ssl=1","url":"https:\/\/i0.wp.com\/asimon.eu\/blog\/wp-content\/uploads\/2019\/12\/cropped-rancheria-14.png?fit=1597%2C422&ssl=1","contentUrl":"https:\/\/i0.wp.com\/asimon.eu\/blog\/wp-content\/uploads\/2019\/12\/cropped-rancheria-14.png?fit=1597%2C422&ssl=1","width":1597,"height":422,"caption":"Andr\u00e9"},"logo":{"@id":"https:\/\/i0.wp.com\/asimon.eu\/blog\/wp-content\/uploads\/2019\/12\/cropped-rancheria-14.png?fit=1597%2C422&ssl=1"},"description":"Et la vie va ...","sameAs":["https:\/\/asimon.eu"]}]}},"uagb_featured_image_src":{"full":false,"thumbnail":false,"medium":false,"medium_large":false,"large":false,"gs-tiny":false,"xl":false,"xxl":false,"xxxl":false,"xxxxl":false,"xxxxxl":false,"1536x1536":false,"2048x2048":false,"mailpoet_newsletter_max":false},"uagb_author_info":{"display_name":"Andr\u00e9","author_link":"https:\/\/asimon.eu\/blog\/author\/andre\/"},"uagb_comment_info":0,"uagb_excerpt":"Brano pubblicato nel 1966. Prendo il giornalee leggo chedi giusti al mondonon ce n\u2019e\u2019come mai il mondo e\u2019 cosi\u2019 brutto?Si siamo stati noi a rovinarequesto&hellip;","jetpack-related-posts":[{"id":3565,"url":"https:\/\/asimon.eu\/blog\/lhomme-de-la-mancha\/","url_meta":{"origin":1641,"position":0},"title":"L&rsquo;Homme de la Mancha","author":"Andr\u00e9","date":"20 janvier 2017","format":false,"excerpt":"https:\/\/youtu.be\/tv6P567IGas \u00c9coute-moiPauvre monde, insupportable mondeC'en est trop, tu es tomb\u00e9 trop basTu es trop gris, tu es trop laidAbominable monde, \u00e9coute-moiUn chevalier te d\u00e9fie. Oui c'est moi, Don QuichotteSeigneur de la ManchaPour toujours au service de l'honneurCar j'ai l'honneur d'\u00eatre moiDon Quichotte sans peurEt le vent de l'histoire chante en\u2026","rel":"","context":"Dans \"gris\"","block_context":{"text":"gris","link":"https:\/\/asimon.eu\/blog\/tag\/gris\/"},"img":{"alt_text":"","src":"https:\/\/i0.wp.com\/img.youtube.com\/vi\/tv6P567IGas\/0.jpg?resize=350%2C200","width":350,"height":200},"classes":[]},{"id":237,"url":"https:\/\/asimon.eu\/blog\/et-pourtant-dans-le-monde\/","url_meta":{"origin":1641,"position":1},"title":"Et pourtant dans le monde.","author":"Andr\u00e9","date":"13 janvier 2016","format":false,"excerpt":"https:\/\/youtu.be\/JPjhIkgxdy0 Tu me diras que j'ai tort de chanter La r\u00e9volution et la libert\u00e9 Que tout \u00e7a ne sert \u00e0 rien Que ce n'est pas encore pour demain Et pourtant dans le monde D'autres voix me r\u00e9pondent Et pourtant dans le monde Tu me diras que j'ai tort de r\u00eaver\u2026","rel":"","context":"Dans \"amour\"","block_context":{"text":"amour","link":"https:\/\/asimon.eu\/blog\/tag\/amour\/"},"img":{"alt_text":"","src":"https:\/\/i0.wp.com\/img.youtube.com\/vi\/JPjhIkgxdy0\/0.jpg?resize=350%2C200","width":350,"height":200},"classes":[]},{"id":273566,"url":"https:\/\/asimon.eu\/blog\/te-quiero\/","url_meta":{"origin":1641,"position":2},"title":"Te quiero","author":"Andr\u00e9","date":"22 janvier 2016","format":false,"excerpt":"https:\/\/youtu.be\/q_JiHvs4dSM Tus manos son mi cariciamis acordes cotidianoste quiero porque tus manostrabajan por la justicia si te quiero es porque sosmi amor mi c\u00f3mplice y todoy en la calle codo a codosomos mucho m\u00e1s que dos tus ojos son mi conjurocontra la mala jornadate quiero por tu miradaque mira y\u2026","rel":"","context":"Dans \"Chanson\"","block_context":{"text":"Chanson","link":"https:\/\/asimon.eu\/blog\/tag\/chanson\/"},"img":{"alt_text":"","src":"https:\/\/i0.wp.com\/img.youtube.com\/vi\/q_JiHvs4dSM\/0.jpg?resize=350%2C200","width":350,"height":200},"classes":[]},{"id":2743,"url":"https:\/\/asimon.eu\/blog\/je-me-suis-souvent-demande\/","url_meta":{"origin":1641,"position":3},"title":"Je me suis souvent demand\u00e9.","author":"Andr\u00e9","date":"1 juin 2016","format":false,"excerpt":"https:\/\/youtu.be\/BFRRCwJ16Ac Je me suis souvent demand\u00e9 Comment il se fait qu'un ma\u00e7on N'a presque jamais sa maison Je me suis souvent demand\u00e9 Pourquoi les noirs eux n'avaient pas Comme les blancs les m\u00eames droits Je me suis souvent demand\u00e9 Pourquoi les petits chiens pel\u00e9s Un peu partout \u00e9taient trait\u00e9s A\u2026","rel":"","context":"Dans \"amour\"","block_context":{"text":"amour","link":"https:\/\/asimon.eu\/blog\/tag\/amour\/"},"img":{"alt_text":"","src":"https:\/\/i0.wp.com\/img.youtube.com\/vi\/BFRRCwJ16Ac\/0.jpg?resize=350%2C200","width":350,"height":200},"classes":[]},{"id":265,"url":"https:\/\/asimon.eu\/blog\/les-reves-sont-en-nous\/","url_meta":{"origin":1641,"position":4},"title":"Les r\u00eaves sont en nous.","author":"Andr\u00e9","date":"13 janvier 2016","format":false,"excerpt":"https:\/\/youtu.be\/Lq_3jWXxnKk Tous les r\u00eaves, tous les r\u00eaves que l'on a partag\u00e9sTous les r\u00eaves, tous ces r\u00eaves faut pas les oublierTout ce qui nous apporte un peu de redouxTout ce qui nous importe s'\u00e9loigne de nous Tous les r\u00eaves, tous ces r\u00eaves, tous ces baisers vol\u00e9sTous ces r\u00eaves envol\u00e9s qu'on a\u2026","rel":"","context":"Dans \"Chanson\"","block_context":{"text":"Chanson","link":"https:\/\/asimon.eu\/blog\/tag\/chanson\/"},"img":{"alt_text":"","src":"https:\/\/i0.wp.com\/img.youtube.com\/vi\/Lq_3jWXxnKk\/0.jpg?resize=350%2C200","width":350,"height":200},"classes":[]},{"id":240,"url":"https:\/\/asimon.eu\/blog\/imagine\/","url_meta":{"origin":1641,"position":5},"title":"Imagine.","author":"Andr\u00e9","date":"13 janvier 2016","format":false,"excerpt":"https:\/\/youtu.be\/VOgFZfRVaww Imagine there's no heaven, It's easy if you try, No hell below us, Above us only sky, Imagine all the people living for today... Imagine there's no countries, It isnt hard to do, Nothing to kill or die for, No religion too, Imagine all the people living life in\u2026","rel":"","context":"Dans \"Chanson\"","block_context":{"text":"Chanson","link":"https:\/\/asimon.eu\/blog\/tag\/chanson\/"},"img":{"alt_text":"","src":"https:\/\/i0.wp.com\/img.youtube.com\/vi\/VOgFZfRVaww\/0.jpg?resize=350%2C200","width":350,"height":200},"classes":[]}],"jetpack_shortlink":"https:\/\/wp.me\/P9rk1P-qt","jetpack_sharing_enabled":true,"jetpack_likes_enabled":true,"_links":{"self":[{"href":"https:\/\/asimon.eu\/blog\/wp-json\/wp\/v2\/pages\/1641","targetHints":{"allow":["GET"]}}],"collection":[{"href":"https:\/\/asimon.eu\/blog\/wp-json\/wp\/v2\/pages"}],"about":[{"href":"https:\/\/asimon.eu\/blog\/wp-json\/wp\/v2\/types\/page"}],"author":[{"embeddable":true,"href":"https:\/\/asimon.eu\/blog\/wp-json\/wp\/v2\/users\/1"}],"replies":[{"embeddable":true,"href":"https:\/\/asimon.eu\/blog\/wp-json\/wp\/v2\/comments?post=1641"}],"version-history":[{"count":4,"href":"https:\/\/asimon.eu\/blog\/wp-json\/wp\/v2\/pages\/1641\/revisions"}],"predecessor-version":[{"id":476174,"href":"https:\/\/asimon.eu\/blog\/wp-json\/wp\/v2\/pages\/1641\/revisions\/476174"}],"wp:attachment":[{"href":"https:\/\/asimon.eu\/blog\/wp-json\/wp\/v2\/media?parent=1641"}],"curies":[{"name":"wp","href":"https:\/\/api.w.org\/{rel}","templated":true}]}}