{"id":1908,"date":"2016-04-02T08:17:23","date_gmt":"2016-04-02T06:17:23","guid":{"rendered":"https:\/\/cemondeblog.wordpress.com\/?page_id=1908"},"modified":"2020-06-17T15:37:16","modified_gmt":"2020-06-17T13:37:16","slug":"paris-mai","status":"publish","type":"page","link":"https:\/\/asimon.eu\/blog\/paris-mai\/","title":{"rendered":"Paris mai"},"content":{"rendered":"\n<div class=\"wp-block-ugb-columns ugb-columns ugb-832ca5f ugb-columns--design-plain ugb-columns--columns-3 ugb-main-block\" id=\"\"><style>.ugb-832ca5f > .ugb-inner-block > .ugb-block-content > .ugb-columns__item{grid-template-columns:0.42fr 2.16fr 0.42fr !important}<\/style><div class=\"ugb-inner-block\"><div class=\"ugb-block-content\"><div class=\"ugb-columns__item ugb-832ca5f-content-wrapper\">\n<div class=\"wp-block-ugb-column ugb-column ugb-d9510f1 ugb-column--design-plain ugb-main-block\" id=\"\"><div class=\"ugb-inner-block\"><div class=\"ugb-block-content\"><div class=\"ugb-column__item ugb-d9510f1-column-wrapper\"><div class=\"ugb-column__content-wrapper\"><\/div><\/div><\/div><\/div><\/div>\n\n\n\n<div class=\"wp-block-ugb-column ugb-column ugb-37e45bd ugb-column--design-plain ugb-main-block\" id=\"\"><div class=\"ugb-inner-block\"><div class=\"ugb-block-content\"><div class=\"ugb-column__item ugb-37e45bd-column-wrapper\"><div class=\"ugb-column__content-wrapper\">\n<figure class=\"wp-block-embed-youtube wp-block-embed is-type-video is-provider-youtube wp-embed-aspect-4-3 wp-has-aspect-ratio\"><div class=\"wp-block-embed__wrapper\">\n<span class=\"embed-youtube\" style=\"text-align:center; display: block;\"><iframe loading=\"lazy\" class=\"youtube-player\" width=\"843\" height=\"475\" src=\"https:\/\/www.youtube.com\/embed\/dM0fPuZ-VG4?version=3&#038;rel=1&#038;showsearch=0&#038;showinfo=1&#038;iv_load_policy=1&#038;fs=1&#038;hl=fr-FR&#038;autohide=2&#038;wmode=transparent\" allowfullscreen=\"true\" style=\"border:0;\" sandbox=\"allow-scripts allow-same-origin allow-popups allow-presentation allow-popups-to-escape-sandbox\"><\/iframe><\/span>\n<\/div><\/figure>\n<\/div><\/div><\/div><\/div><\/div>\n\n\n\n<div class=\"wp-block-ugb-column ugb-column ugb-d9f74e0 ugb-column--design-plain ugb-main-block\" id=\"\"><div class=\"ugb-inner-block\"><div class=\"ugb-block-content\"><div class=\"ugb-column__item ugb-d9f74e0-column-wrapper\"><div class=\"ugb-column__content-wrapper\"><\/div><\/div><\/div><\/div><\/div>\n<\/div><\/div><\/div><\/div>\n\n\n<p style=\"text-align: left; padding-left: 200px;\"><span class=\"lyrics\">Mai mai mai Paris mai<br \/>Mai mai mai Paris<\/span><\/p>\n<p style=\"padding-left: 200px;\">Le casque des pav\u00e9s ne bouge plus d&rsquo;un cil<br \/>La Seine de nouveau ruisselle d&rsquo;eau b\u00e9nite<br \/>Le vent a dispers\u00e9 les cendres de Bendit<br \/>Et chacun est rentr\u00e9 chez son automobile.<br \/>J&rsquo;ai retrouv\u00e9 mon pas sur le glabre bitume<br \/>Mon pas d&rsquo;oiseau for\u00e7at encha\u00een\u00e9 \u00e0 sa plume<br \/>Et piochant l&rsquo;\u00e9vasion d&rsquo;un rossignol titan<br \/>Capable d&rsquo;assurer le Sacre du Printemps.<br \/>Ces temps ci, je l&rsquo;avoue, j&rsquo;ai la gorge un peu \u00e2cre<br \/>Le Sacre du Printemps sonne comme un massacre<br \/>Mais chaque jour qui vient embellira mon cri<br \/>Il se peut que je couve un Igor Stravinski<\/p>\n<p style=\"padding-left: 200px;\">Mai mai mai Paris mai<br \/>Mai mai mai Paris<\/p>\n<p style=\"padding-left: 200px;\">Et je te prends Paris dans mes bras pleins de z\u00e8le<br \/>Sur ma poitrine je presse tes pierreries<br \/>Je d\u00e9pose l&rsquo;aurore sur tes Tuileries<br \/>Comme rose sur le lit d&rsquo;une demoiselle.<br \/>Je survole \u00e0 midi tes six millions de types<br \/>Ta vie \u00e0 ras le bol me file au ras des tripes<br \/>J&rsquo;avale tes quartiers aux couleurs de pigeon,<br \/>Intelligence blanche et grise religion<br \/>Je rep\u00e8re en passant Hugo dans la Sorbonne<br \/>Et l&rsquo;odeur d&rsquo;eau de vie de la vieille bonbonne<br \/>Aux lisi\u00e8res du soir, mi manne, mi mendiant,<br \/>Je plonge vers un pont o\u00f9 penche un \u00e9tudiant<\/p>\n<p style=\"padding-left: 200px;\">Mai mai mai Paris mai<br \/>Mai mai mai Paris<\/p>\n<p style=\"padding-left: 200px;\">Le jeune homme harass\u00e9 d\u00e9chirait ses cheveux<br \/>Le jeune homme h\u00e9riss\u00e9 arrachait sa chemise :<br \/>\u00a0\u00bb Camarade, ma peau est elle encore de mise<br \/>Et dedans mon c\u0153ur seul ne fait il pas vieux jeu ?<br \/>Avec ma belle amie quand nous dansons ensemble<br \/>Est ce nous qui dansons ou la terre qui tremble ?<br \/>Je ne veux plus cracher dans la gueule \u00e0 papa<br \/>Je voudrais savoir si l&rsquo;homme a raison ou pas<br \/>Si je dois endosser cette gu\u00e9rite \u00e9troite<br \/>Avec sa manche gauche, avec sa manche droite,<br \/>Ses p\u00e2les oraisons, ses hymnes cramoisis,<br \/>Sa passion du futur, sa chronique amn\u00e9sie \u00ab\u00a0<\/p>\n<p style=\"padding-left: 200px;\">Mai mai mai Paris mai<br \/>Mai mai mai Paris<\/p>\n<p style=\"padding-left: 200px;\">C&rsquo;est ainsi que parlait sans un mot ce jeune homme<br \/>Entre le fleuve ancien et le fleuve nouveau<br \/>O\u00f9 les hommes noy\u00e9s nagent dans leurs autos.<br \/>C&rsquo;est ainsi, sans un mot, que parlait ce jeune homme.<br \/>Et moi, l&rsquo;oiseau for\u00e7at, casseur d&rsquo;am\u00e8re cro\u00fbte<br \/>Vers mon ciel du dedans j&rsquo;ai replong\u00e9 ma route,<br \/>Le long tunnel grondant sur le dos de ses murs,<br \/>Aspir\u00e9 tout au bout par un goulot d&rsquo;azur<br \/>L\u00e0 bas brillent la paix, la rencontre des p\u00f4les<br \/>Et l&rsquo;\u00e9p\u00e9e du printemps qui sacre notre \u00e9paule<\/p>\n<p style=\"padding-left: 200px;\">Gazouillez les pinsons \u00e0 soulever le jour<br \/>Et nous autres grin\u00e7ons, ponts-levis de l&rsquo;amour<\/p>\n<p style=\"padding-left: 200px;\">Mai mai mai Paris mai<br \/>Mai mai mai Paris<\/p>\n<p style=\"padding-left: 200px; text-align: center;\">Claude Nougaro<\/p>","protected":false},"excerpt":{"rendered":"<p>Mai mai mai Paris maiMai mai mai Paris Le casque des pav\u00e9s ne bouge plus d&rsquo;un cilLa Seine de nouveau ruisselle d&rsquo;eau b\u00e9niteLe vent a&hellip;<\/p>\n","protected":false},"author":1,"featured_media":0,"parent":0,"menu_order":0,"comment_status":"closed","ping_status":"closed","template":"","meta":{"_uag_custom_page_level_css":"","_lmt_disableupdate":"no","_lmt_disable":"","h5ap_radio_sources":[],"jetpack_post_was_ever_published":false,"footnotes":""},"class_list":["post-1908","page","type-page","status-publish","hentry"],"featured_image_urls_v2":{"full":"","thumbnail":"","medium":"","medium_large":"","large":"","gs-tiny":"","xl":"","xxl":"","xxxl":"","xxxxl":"","xxxxxl":"","1536x1536":"","2048x2048":"","mailpoet_newsletter_max":""},"post_excerpt_stackable_v2":"<p>Mai mai mai Paris maiMai mai mai Paris Le casque des pav\u00e9s ne bouge plus d&rsquo;un cilLa Seine de nouveau ruisselle d&rsquo;eau b\u00e9niteLe vent a dispers\u00e9 les cendres de BenditEt chacun est rentr\u00e9 chez son automobile.J&rsquo;ai retrouv\u00e9 mon pas sur le glabre bitumeMon pas d&rsquo;oiseau for\u00e7at encha\u00een\u00e9 \u00e0 sa plumeEt piochant l&rsquo;\u00e9vasion d&rsquo;un rossignol titanCapable d&rsquo;assurer le Sacre du Printemps.Ces temps ci, je l&rsquo;avoue, j&rsquo;ai la gorge un peu \u00e2creLe Sacre du Printemps sonne comme un massacreMais chaque jour qui vient embellira mon criIl se peut que je couve un Igor Stravinski Mai mai mai Paris maiMai mai mai Paris\u2026<\/p>\n","category_list_v2":"","author_info_v2":{"name":"Andr\u00e9","url":"https:\/\/asimon.eu\/blog\/author\/andre\/"},"comments_num_v2":"0 commentaire","yoast_head":"<!-- This site is optimized with the Yoast SEO plugin v27.4 - https:\/\/yoast.com\/product\/yoast-seo-wordpress\/ -->\n<title>Paris mai - Cemondeblog<\/title>\n<meta name=\"robots\" content=\"index, follow, max-snippet:-1, max-image-preview:large, max-video-preview:-1\" \/>\n<link rel=\"canonical\" href=\"https:\/\/asimon.eu\/blog\/paris-mai\/\" \/>\n<meta property=\"og:locale\" content=\"fr_FR\" \/>\n<meta property=\"og:type\" content=\"article\" \/>\n<meta property=\"og:title\" content=\"Paris mai - Cemondeblog\" \/>\n<meta property=\"og:description\" content=\"Mai mai mai Paris maiMai mai mai Paris Le casque des pav\u00e9s ne bouge plus d&rsquo;un cilLa Seine de nouveau ruisselle d&rsquo;eau b\u00e9niteLe vent a&hellip;\" \/>\n<meta property=\"og:url\" content=\"https:\/\/asimon.eu\/blog\/paris-mai\/\" \/>\n<meta property=\"og:site_name\" content=\"Cemondeblog\" \/>\n<meta property=\"article:modified_time\" content=\"2020-06-17T13:37:16+00:00\" \/>\n<meta name=\"twitter:card\" content=\"summary_large_image\" \/>\n<meta name=\"twitter:site\" content=\"@olrik16\" \/>\n<meta name=\"twitter:label1\" content=\"Dur\u00e9e de lecture estim\u00e9e\" \/>\n\t<meta name=\"twitter:data1\" content=\"2 minutes\" \/>\n<script type=\"application\/ld+json\" class=\"yoast-schema-graph\">{\"@context\":\"https:\\\/\\\/schema.org\",\"@graph\":[{\"@type\":\"WebPage\",\"@id\":\"https:\\\/\\\/asimon.eu\\\/blog\\\/paris-mai\\\/\",\"url\":\"https:\\\/\\\/asimon.eu\\\/blog\\\/paris-mai\\\/\",\"name\":\"Paris mai - Cemondeblog\",\"isPartOf\":{\"@id\":\"https:\\\/\\\/asimon.eu\\\/blog\\\/#website\"},\"datePublished\":\"2016-04-02T06:17:23+00:00\",\"dateModified\":\"2020-06-17T13:37:16+00:00\",\"breadcrumb\":{\"@id\":\"https:\\\/\\\/asimon.eu\\\/blog\\\/paris-mai\\\/#breadcrumb\"},\"inLanguage\":\"fr-FR\",\"potentialAction\":[{\"@type\":\"ReadAction\",\"target\":[\"https:\\\/\\\/asimon.eu\\\/blog\\\/paris-mai\\\/\"]}]},{\"@type\":\"BreadcrumbList\",\"@id\":\"https:\\\/\\\/asimon.eu\\\/blog\\\/paris-mai\\\/#breadcrumb\",\"itemListElement\":[{\"@type\":\"ListItem\",\"position\":1,\"name\":\"Accueil\",\"item\":\"https:\\\/\\\/asimon.eu\\\/blog\\\/\"},{\"@type\":\"ListItem\",\"position\":2,\"name\":\"Paris mai\"}]},{\"@type\":\"WebSite\",\"@id\":\"https:\\\/\\\/asimon.eu\\\/blog\\\/#website\",\"url\":\"https:\\\/\\\/asimon.eu\\\/blog\\\/\",\"name\":\"Cemondeblog\",\"description\":\"Ce monde o\u00f9 je vis, o\u00f9 nous vivons.\",\"publisher\":{\"@id\":\"https:\\\/\\\/asimon.eu\\\/blog\\\/#\\\/schema\\\/person\\\/4aef5843155766a51be733fbdace4241\"},\"potentialAction\":[{\"@type\":\"SearchAction\",\"target\":{\"@type\":\"EntryPoint\",\"urlTemplate\":\"https:\\\/\\\/asimon.eu\\\/blog\\\/?s={search_term_string}\"},\"query-input\":{\"@type\":\"PropertyValueSpecification\",\"valueRequired\":true,\"valueName\":\"search_term_string\"}}],\"inLanguage\":\"fr-FR\"},{\"@type\":[\"Person\",\"Organization\"],\"@id\":\"https:\\\/\\\/asimon.eu\\\/blog\\\/#\\\/schema\\\/person\\\/4aef5843155766a51be733fbdace4241\",\"name\":\"Andr\u00e9\",\"image\":{\"@type\":\"ImageObject\",\"inLanguage\":\"fr-FR\",\"@id\":\"https:\\\/\\\/i0.wp.com\\\/asimon.eu\\\/blog\\\/wp-content\\\/uploads\\\/2019\\\/12\\\/cropped-rancheria-14.png?fit=1597%2C422&ssl=1\",\"url\":\"https:\\\/\\\/i0.wp.com\\\/asimon.eu\\\/blog\\\/wp-content\\\/uploads\\\/2019\\\/12\\\/cropped-rancheria-14.png?fit=1597%2C422&ssl=1\",\"contentUrl\":\"https:\\\/\\\/i0.wp.com\\\/asimon.eu\\\/blog\\\/wp-content\\\/uploads\\\/2019\\\/12\\\/cropped-rancheria-14.png?fit=1597%2C422&ssl=1\",\"width\":1597,\"height\":422,\"caption\":\"Andr\u00e9\"},\"logo\":{\"@id\":\"https:\\\/\\\/i0.wp.com\\\/asimon.eu\\\/blog\\\/wp-content\\\/uploads\\\/2019\\\/12\\\/cropped-rancheria-14.png?fit=1597%2C422&ssl=1\"},\"description\":\"Et la vie va ...\",\"sameAs\":[\"https:\\\/\\\/asimon.eu\"]}]}<\/script>\n<!-- \/ Yoast SEO plugin. -->","yoast_head_json":{"title":"Paris mai - Cemondeblog","robots":{"index":"index","follow":"follow","max-snippet":"max-snippet:-1","max-image-preview":"max-image-preview:large","max-video-preview":"max-video-preview:-1"},"canonical":"https:\/\/asimon.eu\/blog\/paris-mai\/","og_locale":"fr_FR","og_type":"article","og_title":"Paris mai - Cemondeblog","og_description":"Mai mai mai Paris maiMai mai mai Paris Le casque des pav\u00e9s ne bouge plus d&rsquo;un cilLa Seine de nouveau ruisselle d&rsquo;eau b\u00e9niteLe vent a&hellip;","og_url":"https:\/\/asimon.eu\/blog\/paris-mai\/","og_site_name":"Cemondeblog","article_modified_time":"2020-06-17T13:37:16+00:00","twitter_card":"summary_large_image","twitter_site":"@olrik16","twitter_misc":{"Dur\u00e9e de lecture estim\u00e9e":"2 minutes"},"schema":{"@context":"https:\/\/schema.org","@graph":[{"@type":"WebPage","@id":"https:\/\/asimon.eu\/blog\/paris-mai\/","url":"https:\/\/asimon.eu\/blog\/paris-mai\/","name":"Paris mai - Cemondeblog","isPartOf":{"@id":"https:\/\/asimon.eu\/blog\/#website"},"datePublished":"2016-04-02T06:17:23+00:00","dateModified":"2020-06-17T13:37:16+00:00","breadcrumb":{"@id":"https:\/\/asimon.eu\/blog\/paris-mai\/#breadcrumb"},"inLanguage":"fr-FR","potentialAction":[{"@type":"ReadAction","target":["https:\/\/asimon.eu\/blog\/paris-mai\/"]}]},{"@type":"BreadcrumbList","@id":"https:\/\/asimon.eu\/blog\/paris-mai\/#breadcrumb","itemListElement":[{"@type":"ListItem","position":1,"name":"Accueil","item":"https:\/\/asimon.eu\/blog\/"},{"@type":"ListItem","position":2,"name":"Paris mai"}]},{"@type":"WebSite","@id":"https:\/\/asimon.eu\/blog\/#website","url":"https:\/\/asimon.eu\/blog\/","name":"Cemondeblog","description":"Ce monde o\u00f9 je vis, o\u00f9 nous vivons.","publisher":{"@id":"https:\/\/asimon.eu\/blog\/#\/schema\/person\/4aef5843155766a51be733fbdace4241"},"potentialAction":[{"@type":"SearchAction","target":{"@type":"EntryPoint","urlTemplate":"https:\/\/asimon.eu\/blog\/?s={search_term_string}"},"query-input":{"@type":"PropertyValueSpecification","valueRequired":true,"valueName":"search_term_string"}}],"inLanguage":"fr-FR"},{"@type":["Person","Organization"],"@id":"https:\/\/asimon.eu\/blog\/#\/schema\/person\/4aef5843155766a51be733fbdace4241","name":"Andr\u00e9","image":{"@type":"ImageObject","inLanguage":"fr-FR","@id":"https:\/\/i0.wp.com\/asimon.eu\/blog\/wp-content\/uploads\/2019\/12\/cropped-rancheria-14.png?fit=1597%2C422&ssl=1","url":"https:\/\/i0.wp.com\/asimon.eu\/blog\/wp-content\/uploads\/2019\/12\/cropped-rancheria-14.png?fit=1597%2C422&ssl=1","contentUrl":"https:\/\/i0.wp.com\/asimon.eu\/blog\/wp-content\/uploads\/2019\/12\/cropped-rancheria-14.png?fit=1597%2C422&ssl=1","width":1597,"height":422,"caption":"Andr\u00e9"},"logo":{"@id":"https:\/\/i0.wp.com\/asimon.eu\/blog\/wp-content\/uploads\/2019\/12\/cropped-rancheria-14.png?fit=1597%2C422&ssl=1"},"description":"Et la vie va ...","sameAs":["https:\/\/asimon.eu"]}]}},"uagb_featured_image_src":{"full":false,"thumbnail":false,"medium":false,"medium_large":false,"large":false,"gs-tiny":false,"xl":false,"xxl":false,"xxxl":false,"xxxxl":false,"xxxxxl":false,"1536x1536":false,"2048x2048":false,"mailpoet_newsletter_max":false},"uagb_author_info":{"display_name":"Andr\u00e9","author_link":"https:\/\/asimon.eu\/blog\/author\/andre\/"},"uagb_comment_info":0,"uagb_excerpt":"Mai mai mai Paris maiMai mai mai Paris Le casque des pav\u00e9s ne bouge plus d&rsquo;un cilLa Seine de nouveau ruisselle d&rsquo;eau b\u00e9niteLe vent a&hellip;","jetpack-related-posts":[{"id":240,"url":"https:\/\/asimon.eu\/blog\/imagine\/","url_meta":{"origin":1908,"position":0},"title":"Imagine.","author":"Andr\u00e9","date":"13 janvier 2016","format":false,"excerpt":"https:\/\/youtu.be\/VOgFZfRVaww Imagine there's no heaven, It's easy if you try, No hell below us, Above us only sky, Imagine all the people living for today... Imagine there's no countries, It isnt hard to do, Nothing to kill or die for, No religion too, Imagine all the people living life in\u2026","rel":"","context":"Dans \"Chanson\"","block_context":{"text":"Chanson","link":"https:\/\/asimon.eu\/blog\/tag\/chanson\/"},"img":{"alt_text":"","src":"https:\/\/i0.wp.com\/img.youtube.com\/vi\/VOgFZfRVaww\/0.jpg?resize=350%2C200","width":350,"height":200},"classes":[]},{"id":3568,"url":"https:\/\/asimon.eu\/blog\/la-quete\/","url_meta":{"origin":1908,"position":1},"title":"La Qu\u00eate","author":"Andr\u00e9","date":"20 janvier 2017","format":false,"excerpt":"https:\/\/youtu.be\/DCO7pCEdxTA?list=PLVUhqPbWyCOBTMdPKq32mGqBHiGt8hPGR R\u00eaver un impossible r\u00eavePorter le chagrin des d\u00e9partsBr\u00fbler d'une possible fi\u00e8vrePartir o\u00f9 personne ne part Aimer jusqu'\u00e0 la d\u00e9chirureAimer, m\u00eame trop, m\u00eame mal,Tenter, sans force et sans armure,D'atteindre l'inaccessible \u00e9toile Telle est ma qu\u00eate,Suivre l'\u00e9toilePeu m'importent mes chancesPeu m'importe le tempsOu ma d\u00e9sesp\u00e9ranceEt puis lutter toujoursSans questions ni reposSe\u2026","rel":"","context":"Dans \"Paroles\"","block_context":{"text":"Paroles","link":"https:\/\/asimon.eu\/blog\/tag\/paroles\/"},"img":{"alt_text":"","src":"https:\/\/i0.wp.com\/img.youtube.com\/vi\/PLVUhqPbWyCOBTMdPKq32mGqBHiGt8hPGR\/0.jpg?resize=350%2C200","width":350,"height":200},"classes":[]},{"id":3565,"url":"https:\/\/asimon.eu\/blog\/lhomme-de-la-mancha\/","url_meta":{"origin":1908,"position":2},"title":"L&rsquo;Homme de la Mancha","author":"Andr\u00e9","date":"20 janvier 2017","format":false,"excerpt":"https:\/\/youtu.be\/tv6P567IGas \u00c9coute-moiPauvre monde, insupportable mondeC'en est trop, tu es tomb\u00e9 trop basTu es trop gris, tu es trop laidAbominable monde, \u00e9coute-moiUn chevalier te d\u00e9fie. Oui c'est moi, Don QuichotteSeigneur de la ManchaPour toujours au service de l'honneurCar j'ai l'honneur d'\u00eatre moiDon Quichotte sans peurEt le vent de l'histoire chante en\u2026","rel":"","context":"Dans \"gris\"","block_context":{"text":"gris","link":"https:\/\/asimon.eu\/blog\/tag\/gris\/"},"img":{"alt_text":"","src":"https:\/\/i0.wp.com\/img.youtube.com\/vi\/tv6P567IGas\/0.jpg?resize=350%2C200","width":350,"height":200},"classes":[]},{"id":273566,"url":"https:\/\/asimon.eu\/blog\/te-quiero\/","url_meta":{"origin":1908,"position":3},"title":"Te quiero","author":"Andr\u00e9","date":"22 janvier 2016","format":false,"excerpt":"https:\/\/youtu.be\/q_JiHvs4dSM Tus manos son mi cariciamis acordes cotidianoste quiero porque tus manostrabajan por la justicia si te quiero es porque sosmi amor mi c\u00f3mplice y todoy en la calle codo a codosomos mucho m\u00e1s que dos tus ojos son mi conjurocontra la mala jornadate quiero por tu miradaque mira y\u2026","rel":"","context":"Dans \"Chanson\"","block_context":{"text":"Chanson","link":"https:\/\/asimon.eu\/blog\/tag\/chanson\/"},"img":{"alt_text":"","src":"https:\/\/i0.wp.com\/img.youtube.com\/vi\/q_JiHvs4dSM\/0.jpg?resize=350%2C200","width":350,"height":200},"classes":[]},{"id":273564,"url":"https:\/\/asimon.eu\/blog\/quand-les-hommes-vivront-damour\/","url_meta":{"origin":1908,"position":4},"title":"Quand les hommes vivront d&rsquo;amour.","author":"Andr\u00e9","date":"13 janvier 2016","format":false,"excerpt":"https:\/\/youtu.be\/EspK03oWGN0 Quand les hommes vivront d'amourIl n'y aura plus de mis\u00e8reEt commenceront les beaux joursMais nous nous serons morts mon fr\u00e8reQuand les hommes vivront d'amourCe sera la paix sur la terreLes soldats seront troubadoursMais nous nous serons morts mon fr\u00e8re Dans la grand' cha\u00eene de la vieO\u00f9 il fallait que\u2026","rel":"","context":"Dans \"amour\"","block_context":{"text":"amour","link":"https:\/\/asimon.eu\/blog\/tag\/amour\/"},"img":{"alt_text":"","src":"https:\/\/i0.wp.com\/img.youtube.com\/vi\/EspK03oWGN0\/0.jpg?resize=350%2C200","width":350,"height":200},"classes":[]},{"id":273565,"url":"https:\/\/asimon.eu\/blog\/page-decriture\/","url_meta":{"origin":1908,"position":5},"title":"Page d&rsquo;\u00e9criture","author":"Andr\u00e9","date":"20 janvier 2016","format":false,"excerpt":"https:\/\/youtu.be\/Shs2H9u6wak Deux et deux quatrequatre et quatre huithuit et huit font seize...R\u00e9p\u00e9tez ! dit le ma\u00eetreDeux et deux quatrequatre et quatre huithuit et huit font seize.Mais voil\u00e0 l\u2019oiseau-lyrequi passe dans le ciell\u2019enfant le voitl\u2019enfant l\u2019entendl\u2019enfant l\u2019appelle :Sauve-moijoue avec moioiseau !Alors l\u2019oiseau descendet joue avec l\u2019enfantDeux et deux quatre...R\u00e9p\u00e9tez ! dit\u2026","rel":"","context":"Dans \"Chanson\"","block_context":{"text":"Chanson","link":"https:\/\/asimon.eu\/blog\/tag\/chanson\/"},"img":{"alt_text":"","src":"https:\/\/i0.wp.com\/img.youtube.com\/vi\/Shs2H9u6wak\/0.jpg?resize=350%2C200","width":350,"height":200},"classes":[]}],"jetpack_shortlink":"https:\/\/wp.me\/P9rk1P-uM","jetpack_sharing_enabled":true,"jetpack_likes_enabled":true,"_links":{"self":[{"href":"https:\/\/asimon.eu\/blog\/wp-json\/wp\/v2\/pages\/1908","targetHints":{"allow":["GET"]}}],"collection":[{"href":"https:\/\/asimon.eu\/blog\/wp-json\/wp\/v2\/pages"}],"about":[{"href":"https:\/\/asimon.eu\/blog\/wp-json\/wp\/v2\/types\/page"}],"author":[{"embeddable":true,"href":"https:\/\/asimon.eu\/blog\/wp-json\/wp\/v2\/users\/1"}],"replies":[{"embeddable":true,"href":"https:\/\/asimon.eu\/blog\/wp-json\/wp\/v2\/comments?post=1908"}],"version-history":[{"count":1,"href":"https:\/\/asimon.eu\/blog\/wp-json\/wp\/v2\/pages\/1908\/revisions"}],"predecessor-version":[{"id":476180,"href":"https:\/\/asimon.eu\/blog\/wp-json\/wp\/v2\/pages\/1908\/revisions\/476180"}],"wp:attachment":[{"href":"https:\/\/asimon.eu\/blog\/wp-json\/wp\/v2\/media?parent=1908"}],"curies":[{"name":"wp","href":"https:\/\/api.w.org\/{rel}","templated":true}]}}