{"id":1938,"date":"2016-04-04T17:12:48","date_gmt":"2016-04-04T15:12:48","guid":{"rendered":"https:\/\/cemondeblog.wordpress.com\/?page_id=1938"},"modified":"2021-07-13T20:08:21","modified_gmt":"2021-07-13T18:08:21","slug":"what-a-wonderfull-world","status":"publish","type":"page","link":"https:\/\/asimon.eu\/blog\/what-a-wonderfull-world\/","title":{"rendered":"What a wonderfull world"},"content":{"rendered":"\n<div class=\"wp-block-ugb-container ugb-container ugb-de1ba83 ugb-container--v2 ugb-container--design-basic ugb-main-block\"><style>.ugb-de1ba83-wrapper.ugb-container__wrapper{background-color:rgba(255,255,255,0) !important}<\/style><div class=\"ugb-inner-block\"><div class=\"ugb-block-content\"><div class=\"ugb-container__wrapper ugb-de1ba83-wrapper\"><div class=\"ugb-container__side\"><div class=\"ugb-container__content-wrapper ugb-de1ba83-content-wrapper\">\n<figure class=\"wp-block-embed is-type-video is-provider-dailymotion wp-block-embed-dailymotion wp-embed-aspect-1-1 wp-has-aspect-ratio\"><div class=\"wp-block-embed__wrapper\">\n<iframe loading=\"lazy\" title=\"Louis armstrong wonderful world\" frameborder=\"0\" width=\"843\" height=\"702\" src=\"https:\/\/www.dailymotion.com\/embed\/video\/x28dnn\" allowfullscreen allow=\"autoplay\"><\/iframe>\n<\/div><\/figure>\n\n\n<\/div><\/div><\/div><\/div><\/div><\/div>\n\n\n\n<div class=\"wp-block-ugb-columns ugb-columns ugb-6013879 ugb-columns--design-plain ugb-columns--columns-2 ugb-main-block\"><style>.ugb-6013879 .ugb-inner-block{text-align:center}<\/style><div class=\"ugb-inner-block\"><div class=\"ugb-block-content\"><div class=\"ugb-columns__item ugb-6013879-content-wrapper\">\n<div class=\"wp-block-ugb-column ugb-column ugb-c385a0f ugb-column--design-plain ugb-main-block\"><div class=\"ugb-inner-block\"><div class=\"ugb-block-content\"><div class=\"ugb-column__item ugb-c385a0f-column-wrapper\"><div class=\"ugb-column__content-wrapper\">\n<p class=\"has-text-align-center\">I see trees of green, <br>red roses too<br>I see them bloom <br>for me and you<br>And I think to myself <br>what a wonderful world.<br>I see skies of blue <br>and clouds of white<br>The bright blessed day, <br>the dark sacred night<br>And I think to myself <br>what a wonderful world.<br>The colors of the rainbow <br>so pretty in the sky<br>Are also on the faces<br>of people going by<br>I see friends shaking hands <br>saying how do you do<br>But they&rsquo;re really saying I love you.<br>I hear baby&rsquo;s cry,<br>and I watched them grow<br>They&rsquo;ll learn much more <br>than I&rsquo;ll ever know<br>And I think to myself <br>what a wonderful world.<br>Yes, I think to myself <br>what a wonderful world.&nbsp;<\/p>\n<\/div><\/div><\/div><\/div><\/div>\n\n\n\n<div class=\"wp-block-ugb-column ugb-column ugb-8430bec ugb-column--design-plain ugb-main-block\"><div class=\"ugb-inner-block\"><div class=\"ugb-block-content\"><div class=\"ugb-column__item ugb-8430bec-column-wrapper\"><div class=\"ugb-column__content-wrapper\">\n<p class=\"has-text-align-center\">J&rsquo;aper\u00e7ois des arbres verts<br>Des roses rouges \u00e9galement<br>Je les vois s&rsquo;\u00e9panouir<br>Pour toi et moi<br>Et je pense en moi-m\u00eame<br>\u00ab\u00a0Quel monde merveilleux\u00a0\u00bb<br>Je vois des ciels bleus<br>Et de blancs nuages<br>L&rsquo;\u00e9clatant jour b\u00e9ni<br>La sombre nuit sacr\u00e9e<br>Et je pense en moi-m\u00eame<br>\u00ab\u00a0Quel monde merveilleux\u00a0\u00bb<br>Les couleurs de l&rsquo;arc-en-ciel<br>Si jolies dans le ciel<br>Sont aussi sur les visages<br>Des passants<br>Je vois des amis se serrer la main<br>Se dire \u00ab comment vas-tu \u00bb<br>En r\u00e9alit\u00e9 ils se disent \u00ab je t&rsquo;aime \u00bb<br>J&rsquo;entends des b\u00e9b\u00e9s pleurer<br>Je les vois grandir<br>Ils apprendront bien plus<br>Que je n&rsquo;en saurai jamais<br>Et je pense en moi-m\u00eame<br>Quel monde merveilleux<br>Et je pense en moi-m\u00eame<br>\u00ab\u00a0Quel monde merveilleux\u00a0\u00bb<\/p>\n<\/div><\/div><\/div><\/div><\/div>\n<\/div><\/div><\/div><\/div>\n","protected":false},"excerpt":{"rendered":"<p>I see trees of green, red roses tooI see them bloom for me and youAnd I think to myself what a wonderful world.I see skies&hellip;<\/p>\n","protected":false},"author":1,"featured_media":0,"parent":0,"menu_order":0,"comment_status":"closed","ping_status":"closed","template":"","meta":{"_uag_custom_page_level_css":"","_lmt_disableupdate":"no","_lmt_disable":"","h5ap_radio_sources":[],"jetpack_post_was_ever_published":false,"footnotes":""},"class_list":["post-1938","page","type-page","status-publish","hentry"],"featured_image_urls_v2":{"full":"","thumbnail":"","medium":"","medium_large":"","large":"","gs-tiny":"","xl":"","xxl":"","xxxl":"","xxxxl":"","xxxxxl":"","1536x1536":"","2048x2048":"","mailpoet_newsletter_max":""},"post_excerpt_stackable_v2":"<p>I see trees of green, red roses tooI see them bloom for me and youAnd I think to myself what a wonderful world.I see skies of blue and clouds of whiteThe bright blessed day, the dark sacred nightAnd I think to myself what a wonderful world.The colors of the rainbow so pretty in the skyAre also on the facesof people going byI see friends shaking hands saying how do you doBut they&rsquo;re really saying I love you.I hear baby&rsquo;s cry,and I watched them growThey&rsquo;ll learn much more than I&rsquo;ll ever knowAnd I think to myself what a wonderful world.Yes, I\u2026<\/p>\n","category_list_v2":"","author_info_v2":{"name":"Andr\u00e9","url":"https:\/\/asimon.eu\/blog\/author\/andre\/"},"comments_num_v2":"0 commentaire","yoast_head":"<!-- This site is optimized with the Yoast SEO plugin v27.4 - https:\/\/yoast.com\/product\/yoast-seo-wordpress\/ -->\n<title>What a wonderfull world - Cemondeblog<\/title>\n<meta name=\"robots\" content=\"index, follow, max-snippet:-1, max-image-preview:large, max-video-preview:-1\" \/>\n<link rel=\"canonical\" href=\"https:\/\/asimon.eu\/blog\/what-a-wonderfull-world\/\" \/>\n<meta property=\"og:locale\" content=\"fr_FR\" \/>\n<meta property=\"og:type\" content=\"article\" \/>\n<meta property=\"og:title\" content=\"What a wonderfull world - Cemondeblog\" \/>\n<meta property=\"og:description\" content=\"I see trees of green, red roses tooI see them bloom for me and youAnd I think to myself what a wonderful world.I see skies&hellip;\" \/>\n<meta property=\"og:url\" content=\"https:\/\/asimon.eu\/blog\/what-a-wonderfull-world\/\" \/>\n<meta property=\"og:site_name\" content=\"Cemondeblog\" \/>\n<meta property=\"article:modified_time\" content=\"2021-07-13T18:08:21+00:00\" \/>\n<meta name=\"twitter:card\" content=\"summary_large_image\" \/>\n<meta name=\"twitter:site\" content=\"@olrik16\" \/>\n<meta name=\"twitter:label1\" content=\"Dur\u00e9e de lecture estim\u00e9e\" \/>\n\t<meta name=\"twitter:data1\" content=\"2 minutes\" \/>\n<script type=\"application\/ld+json\" class=\"yoast-schema-graph\">{\"@context\":\"https:\\\/\\\/schema.org\",\"@graph\":[{\"@type\":\"WebPage\",\"@id\":\"https:\\\/\\\/asimon.eu\\\/blog\\\/what-a-wonderfull-world\\\/\",\"url\":\"https:\\\/\\\/asimon.eu\\\/blog\\\/what-a-wonderfull-world\\\/\",\"name\":\"What a wonderfull world - Cemondeblog\",\"isPartOf\":{\"@id\":\"https:\\\/\\\/asimon.eu\\\/blog\\\/#website\"},\"datePublished\":\"2016-04-04T15:12:48+00:00\",\"dateModified\":\"2021-07-13T18:08:21+00:00\",\"breadcrumb\":{\"@id\":\"https:\\\/\\\/asimon.eu\\\/blog\\\/what-a-wonderfull-world\\\/#breadcrumb\"},\"inLanguage\":\"fr-FR\",\"potentialAction\":[{\"@type\":\"ReadAction\",\"target\":[\"https:\\\/\\\/asimon.eu\\\/blog\\\/what-a-wonderfull-world\\\/\"]}]},{\"@type\":\"BreadcrumbList\",\"@id\":\"https:\\\/\\\/asimon.eu\\\/blog\\\/what-a-wonderfull-world\\\/#breadcrumb\",\"itemListElement\":[{\"@type\":\"ListItem\",\"position\":1,\"name\":\"Accueil\",\"item\":\"https:\\\/\\\/asimon.eu\\\/blog\\\/\"},{\"@type\":\"ListItem\",\"position\":2,\"name\":\"What a wonderfull world\"}]},{\"@type\":\"WebSite\",\"@id\":\"https:\\\/\\\/asimon.eu\\\/blog\\\/#website\",\"url\":\"https:\\\/\\\/asimon.eu\\\/blog\\\/\",\"name\":\"Cemondeblog\",\"description\":\"Ce monde o\u00f9 je vis, o\u00f9 nous vivons.\",\"publisher\":{\"@id\":\"https:\\\/\\\/asimon.eu\\\/blog\\\/#\\\/schema\\\/person\\\/4aef5843155766a51be733fbdace4241\"},\"potentialAction\":[{\"@type\":\"SearchAction\",\"target\":{\"@type\":\"EntryPoint\",\"urlTemplate\":\"https:\\\/\\\/asimon.eu\\\/blog\\\/?s={search_term_string}\"},\"query-input\":{\"@type\":\"PropertyValueSpecification\",\"valueRequired\":true,\"valueName\":\"search_term_string\"}}],\"inLanguage\":\"fr-FR\"},{\"@type\":[\"Person\",\"Organization\"],\"@id\":\"https:\\\/\\\/asimon.eu\\\/blog\\\/#\\\/schema\\\/person\\\/4aef5843155766a51be733fbdace4241\",\"name\":\"Andr\u00e9\",\"image\":{\"@type\":\"ImageObject\",\"inLanguage\":\"fr-FR\",\"@id\":\"https:\\\/\\\/i0.wp.com\\\/asimon.eu\\\/blog\\\/wp-content\\\/uploads\\\/2019\\\/12\\\/cropped-rancheria-14.png?fit=1597%2C422&ssl=1\",\"url\":\"https:\\\/\\\/i0.wp.com\\\/asimon.eu\\\/blog\\\/wp-content\\\/uploads\\\/2019\\\/12\\\/cropped-rancheria-14.png?fit=1597%2C422&ssl=1\",\"contentUrl\":\"https:\\\/\\\/i0.wp.com\\\/asimon.eu\\\/blog\\\/wp-content\\\/uploads\\\/2019\\\/12\\\/cropped-rancheria-14.png?fit=1597%2C422&ssl=1\",\"width\":1597,\"height\":422,\"caption\":\"Andr\u00e9\"},\"logo\":{\"@id\":\"https:\\\/\\\/i0.wp.com\\\/asimon.eu\\\/blog\\\/wp-content\\\/uploads\\\/2019\\\/12\\\/cropped-rancheria-14.png?fit=1597%2C422&ssl=1\"},\"description\":\"Et la vie va ...\",\"sameAs\":[\"https:\\\/\\\/asimon.eu\"]}]}<\/script>\n<!-- \/ Yoast SEO plugin. -->","yoast_head_json":{"title":"What a wonderfull world - Cemondeblog","robots":{"index":"index","follow":"follow","max-snippet":"max-snippet:-1","max-image-preview":"max-image-preview:large","max-video-preview":"max-video-preview:-1"},"canonical":"https:\/\/asimon.eu\/blog\/what-a-wonderfull-world\/","og_locale":"fr_FR","og_type":"article","og_title":"What a wonderfull world - Cemondeblog","og_description":"I see trees of green, red roses tooI see them bloom for me and youAnd I think to myself what a wonderful world.I see skies&hellip;","og_url":"https:\/\/asimon.eu\/blog\/what-a-wonderfull-world\/","og_site_name":"Cemondeblog","article_modified_time":"2021-07-13T18:08:21+00:00","twitter_card":"summary_large_image","twitter_site":"@olrik16","twitter_misc":{"Dur\u00e9e de lecture estim\u00e9e":"2 minutes"},"schema":{"@context":"https:\/\/schema.org","@graph":[{"@type":"WebPage","@id":"https:\/\/asimon.eu\/blog\/what-a-wonderfull-world\/","url":"https:\/\/asimon.eu\/blog\/what-a-wonderfull-world\/","name":"What a wonderfull world - Cemondeblog","isPartOf":{"@id":"https:\/\/asimon.eu\/blog\/#website"},"datePublished":"2016-04-04T15:12:48+00:00","dateModified":"2021-07-13T18:08:21+00:00","breadcrumb":{"@id":"https:\/\/asimon.eu\/blog\/what-a-wonderfull-world\/#breadcrumb"},"inLanguage":"fr-FR","potentialAction":[{"@type":"ReadAction","target":["https:\/\/asimon.eu\/blog\/what-a-wonderfull-world\/"]}]},{"@type":"BreadcrumbList","@id":"https:\/\/asimon.eu\/blog\/what-a-wonderfull-world\/#breadcrumb","itemListElement":[{"@type":"ListItem","position":1,"name":"Accueil","item":"https:\/\/asimon.eu\/blog\/"},{"@type":"ListItem","position":2,"name":"What a wonderfull world"}]},{"@type":"WebSite","@id":"https:\/\/asimon.eu\/blog\/#website","url":"https:\/\/asimon.eu\/blog\/","name":"Cemondeblog","description":"Ce monde o\u00f9 je vis, o\u00f9 nous vivons.","publisher":{"@id":"https:\/\/asimon.eu\/blog\/#\/schema\/person\/4aef5843155766a51be733fbdace4241"},"potentialAction":[{"@type":"SearchAction","target":{"@type":"EntryPoint","urlTemplate":"https:\/\/asimon.eu\/blog\/?s={search_term_string}"},"query-input":{"@type":"PropertyValueSpecification","valueRequired":true,"valueName":"search_term_string"}}],"inLanguage":"fr-FR"},{"@type":["Person","Organization"],"@id":"https:\/\/asimon.eu\/blog\/#\/schema\/person\/4aef5843155766a51be733fbdace4241","name":"Andr\u00e9","image":{"@type":"ImageObject","inLanguage":"fr-FR","@id":"https:\/\/i0.wp.com\/asimon.eu\/blog\/wp-content\/uploads\/2019\/12\/cropped-rancheria-14.png?fit=1597%2C422&ssl=1","url":"https:\/\/i0.wp.com\/asimon.eu\/blog\/wp-content\/uploads\/2019\/12\/cropped-rancheria-14.png?fit=1597%2C422&ssl=1","contentUrl":"https:\/\/i0.wp.com\/asimon.eu\/blog\/wp-content\/uploads\/2019\/12\/cropped-rancheria-14.png?fit=1597%2C422&ssl=1","width":1597,"height":422,"caption":"Andr\u00e9"},"logo":{"@id":"https:\/\/i0.wp.com\/asimon.eu\/blog\/wp-content\/uploads\/2019\/12\/cropped-rancheria-14.png?fit=1597%2C422&ssl=1"},"description":"Et la vie va ...","sameAs":["https:\/\/asimon.eu"]}]}},"uagb_featured_image_src":{"full":false,"thumbnail":false,"medium":false,"medium_large":false,"large":false,"gs-tiny":false,"xl":false,"xxl":false,"xxxl":false,"xxxxl":false,"xxxxxl":false,"1536x1536":false,"2048x2048":false,"mailpoet_newsletter_max":false},"uagb_author_info":{"display_name":"Andr\u00e9","author_link":"https:\/\/asimon.eu\/blog\/author\/andre\/"},"uagb_comment_info":0,"uagb_excerpt":"I see trees of green, red roses tooI see them bloom for me and youAnd I think to myself what a wonderful world.I see skies&hellip;","jetpack-related-posts":[],"jetpack_shortlink":"https:\/\/wp.me\/P9rk1P-vg","jetpack_sharing_enabled":true,"jetpack_likes_enabled":true,"_links":{"self":[{"href":"https:\/\/asimon.eu\/blog\/wp-json\/wp\/v2\/pages\/1938","targetHints":{"allow":["GET"]}}],"collection":[{"href":"https:\/\/asimon.eu\/blog\/wp-json\/wp\/v2\/pages"}],"about":[{"href":"https:\/\/asimon.eu\/blog\/wp-json\/wp\/v2\/types\/page"}],"author":[{"embeddable":true,"href":"https:\/\/asimon.eu\/blog\/wp-json\/wp\/v2\/users\/1"}],"replies":[{"embeddable":true,"href":"https:\/\/asimon.eu\/blog\/wp-json\/wp\/v2\/comments?post=1938"}],"version-history":[{"count":2,"href":"https:\/\/asimon.eu\/blog\/wp-json\/wp\/v2\/pages\/1938\/revisions"}],"predecessor-version":[{"id":478616,"href":"https:\/\/asimon.eu\/blog\/wp-json\/wp\/v2\/pages\/1938\/revisions\/478616"}],"wp:attachment":[{"href":"https:\/\/asimon.eu\/blog\/wp-json\/wp\/v2\/media?parent=1938"}],"curies":[{"name":"wp","href":"https:\/\/api.w.org\/{rel}","templated":true}]}}