{"id":2056,"date":"2016-04-06T21:58:20","date_gmt":"2016-04-06T19:58:20","guid":{"rendered":"https:\/\/cemondeblog.wordpress.com\/?page_id=2056"},"modified":"2020-06-13T21:07:31","modified_gmt":"2020-06-13T19:07:31","slug":"io-sono-un-uomo-libero","status":"publish","type":"page","link":"https:\/\/asimon.eu\/blog\/io-sono-un-uomo-libero\/","title":{"rendered":"Io sono un uomo libero"},"content":{"rendered":"\n<div class=\"wp-block-ugb-columns ugb-columns ugb-2d66899 ugb-columns--design-plain ugb-columns--columns-3 ugb-main-block\" id=\"\"><style>.ugb-2d66899 > .ugb-inner-block > .ugb-block-content > .ugb-columns__item{grid-template-columns:0.42fr 2.16fr 0.42fr !important}<\/style><div class=\"ugb-inner-block\"><div class=\"ugb-block-content\"><div class=\"ugb-columns__item ugb-2d66899-content-wrapper\">\n<div class=\"wp-block-ugb-column ugb-column ugb-c5dc02d ugb-column--design-plain ugb-main-block\" id=\"\"><div class=\"ugb-inner-block\"><div class=\"ugb-block-content\"><div class=\"ugb-column__item ugb-c5dc02d-column-wrapper\"><div class=\"ugb-column__content-wrapper\"><\/div><\/div><\/div><\/div><\/div>\n\n\n\n<div class=\"wp-block-ugb-column ugb-column ugb-2bef2ad ugb-column--design-plain ugb-main-block\" id=\"\"><div class=\"ugb-inner-block\"><div class=\"ugb-block-content\"><div class=\"ugb-column__item ugb-2bef2ad-column-wrapper\"><div class=\"ugb-column__content-wrapper\">\n<figure class=\"wp-block-embed-youtube wp-block-embed is-type-video is-provider-youtube wp-embed-aspect-4-3 wp-has-aspect-ratio\"><div class=\"wp-block-embed__wrapper\">\n<span class=\"embed-youtube\" style=\"text-align:center; display: block;\"><iframe loading=\"lazy\" class=\"youtube-player\" width=\"843\" height=\"475\" src=\"https:\/\/www.youtube.com\/embed\/xDVf17D_MYE?version=3&#038;rel=1&#038;showsearch=0&#038;showinfo=1&#038;iv_load_policy=1&#038;fs=1&#038;hl=fr-FR&#038;autohide=2&#038;wmode=transparent\" allowfullscreen=\"true\" style=\"border:0;\" sandbox=\"allow-scripts allow-same-origin allow-popups allow-presentation allow-popups-to-escape-sandbox\"><\/iframe><\/span>\n<\/div><\/figure>\n\n\n\n<div class=\"wp-block-ugb-columns ugb-columns ugb-987b598 ugb-columns--design-plain ugb-columns--columns-2 ugb-main-block\" id=\"\"><div class=\"ugb-inner-block\"><div class=\"ugb-block-content\"><div class=\"ugb-columns__item ugb-987b598-content-wrapper\">\n<div class=\"wp-block-ugb-column ugb-column ugb-8e1205f ugb-column--design-plain ugb-main-block\" id=\"\"><div class=\"ugb-inner-block\"><div class=\"ugb-block-content\"><div class=\"ugb-column__item ugb-8e1205f-column-wrapper\"><div class=\"ugb-column__content-wrapper\">\n<p><em>Esco di rado e parlo ancora meno<\/em><br><em>mi hanno detto che vuoi vedermi<\/em><br><em>e mi conosci bene, dici<\/em><br><em>la vita \u00e8 un viaggio lento ragazza mia<\/em><br><em>ne destra ne sinistra<\/em><br><em>Lazzaro si sveglia tutti i giorni<\/em><br><em>e Caino gli porge il sale<\/em><br><em>e non per la minestra<\/em><br><em>e non per la minestra<\/em><\/p>\n\n\n\n<p><em>Sono stato un uomo tenero, ti dico<\/em><br><em>un uomo vegetale<\/em><br><em>sono stato a guardare la feroce<\/em><br><em>bellezza del mondo<\/em><br><em>lentamente trasformare<\/em><br><em>lentamente trasformare<\/em><\/p>\n\n\n\n<p><em>Io sono un uomo libero<\/em><br><em>ne destra ne sinistra<\/em><br><em>sogno ancora credendo di pensare<\/em><br><em>sogno ancora coi gomiti affacciato alla finestra<\/em><br><em>affacciato alla finestra.<\/em><\/p>\n\n\n\n<p><em>Ma<\/em><br><em>ci sono cantanti a cui non si pu\u00f2 credere<\/em><br><em>ci sono poeti che non si pu\u00f2 raggiungere<\/em><br><em>qui tutti parlano e parlano<\/em><br><em>o peggio scrivono e scrivono<\/em><br><em>\u00e8 cultura universale<\/em><br><em>o biblioteca comunale.<\/em><\/p>\n\n\n\n<p><em>Fra il celeste e il profetico<\/em><br><em>fra il religioso e il mistico<\/em><br><em>il maschio e la sua conquista<\/em><br><em>il puro e il diabolico<\/em><br><em>fra il politico e il possibile<\/em><br><em>il passero e l&rsquo;azzurro profondo<\/em><br><em>il rosso e il suo tramonto<\/em><br><em>la voce e lo spirito<\/em><\/p>\n\n\n\n<p><em>scelgo di camminare in silenzio accanto a te<\/em><br><em>vita mia<\/em><br><em>che sono un uomo libero in questo mondo<\/em><br><em>vita mia<\/em><br><em>che sono un uomo libero in questo mondo<\/em><\/p>\n\n\n\n<p><em>sempre e sempre<\/em><br><em>sempre e sempre<\/em><br><em>sono un uomo libero<\/em><br><em>sempre e sempre<\/em><br><em>sempre e sempre<\/em><\/p>\n\n\n\n<p><em>Esco di rado e osservo molto<\/em><br><em>come vedi<\/em><br><em>alla vita mi vendo tutto<\/em><br><em>dalla testa ai piedi<\/em><br><em>la vita \u00e8 un ballo verticale<\/em><br><em>si impara un passo al giorno<\/em><br><em>il prezzo dei passi sbagliati<\/em><br><em>\u00e8 un brutto foglio di viaggio<\/em><br><em>e non c&rsquo;\u00e8 ritorno<\/em><br><em>e non c&rsquo;\u00e8 ritorno<\/em><\/p>\n\n\n\n<p><em>Fra il celeste e il profetico<\/em><br><em>fra il religioso e il mistico<\/em><br><em>fra l&rsquo;inganno e la promessa<\/em><br><em>il delirio fanatico<\/em><br><em>la pace con le armi<\/em><br><em>il politico e il possibile<\/em><br><em>il passero e l&rsquo;azzurro profondo<\/em><br><em>la voce e lo spirito<\/em><\/p>\n\n\n\n<p><em>scelgo di camminare in silenzio accanto a te<\/em><br><em>vita mia<\/em><br><em>che sono un uomo libero in questo mondo<\/em><br><em>vita mia<\/em><br><em>che sono un uomo libero in questo mondo<\/em><\/p>\n\n\n\n<p><em>sempre e sempre<\/em><br><em>sempre e sempre<\/em><br><em>sono un uomo libero<\/em><br><em>sempre e sempre<\/em><br><em>sempre e sempre<\/em><\/p>\n<\/div><\/div><\/div><\/div><\/div>\n\n\n\n<div class=\"wp-block-ugb-column ugb-column ugb-09b7b9a ugb-column--design-plain ugb-main-block\" id=\"\"><div class=\"ugb-inner-block\"><div class=\"ugb-block-content\"><div class=\"ugb-column__item ugb-09b7b9a-column-wrapper\"><div class=\"ugb-column__content-wrapper\">\n<p>Je sors rarement, et je parle encore moins<br>On m&rsquo;a dit que tu veux me voir<br>Ettu me connais bien, dis-tu<br>La vie est un lent voyage ma gamine<br>ni \u00e0 droite ni \u00e0 gauche<br>Lazare se r\u00e9veille tous les jours<br>Et Ca\u00efn lui passe le sel<br>Et pas pour la soupe<br>Et pas pour la soupe<\/p>\n\n\n\n<p>J&rsquo;ai \u00e9t\u00e9 unhomme tendre, je te dis<br>un homme v\u00e9g\u00e9tal<br>je suis rest\u00e9 \u00e0 regarder la f\u00e9roce<br>beaut\u00e9 du monde<br>lentement se transformer<br>lentement se transformer<\/p>\n\n\n\n<p>Moi je suis un homme libre<br>ni de droite ni de gauche<br>je r\u00eave encore en croyant penser<br>je r\u00eave encore accoud\u00e9 \u00e0 lafen\u00eatre<br>accoud\u00e9 \u00e0 la fen\u00eatre<\/p>\n\n\n\n<p>Mais<br>il y a des chanteurs qu&rsquo;on ne peut croire<br>il y a des po\u00e8tes qu&rsquo;on ne peut rejoindre<br>ici tous parlent et parlent<br>o pire \u00e9crivent et \u00e9crivent<br>c&rsquo;est la culture universelle<br>ou la biblioth\u00e8que communale<\/p>\n\n\n\n<p>Entre le c\u00e9leste et le prof\u00e9tique<br>entre le religieux et le mystique<br>le m\u00e2le et sa conqu\u00eate<br>le pur et le diabolique<br>entre le politique et le possible<br>l&rsquo;oiseau et le bleu profond du ciel<br>le rouge et son cr\u00e9puscule<br>la voix et l&rsquo;esprit<\/p>\n\n\n\n<p>je choisis de marcher en silence \u00e0 c\u00f4t\u00e9 de toi<br>ma vie<br>parce que je suis un homme libre dans ce monde,<br>ma vie<br>parce que je suis un homme libre dans ce monde<\/p>\n\n\n\n<p>toujours et toujours<br>toujours et toujours<br>je suis un homme libre<br>toujours et toujours<br>toujours et toujours<\/p>\n\n\n\n<p>Je sors rarement et j&rsquo;observe beaucoup,<br>comme tu vois<br>\u00e0 la vie, je me vends tout<br>de la t\u00eate aux pieds<br>la vie est un bal vertical<br>on apprend un pas par jour<br>le prix des faux pas<br>est un moche billet de voyage<br>et il n&rsquo;y a pas de retour<br>et il n&rsquo;y a pas de retour<\/p>\n\n\n\n<p>Entre le c\u00e9leste et le prof\u00e9tique<br>entre le religieux et le mystique<br>entre la tromperie et la promesse<br>le d\u00e9lire fanatique<br>la paix avec les armes<br>l&rsquo;oiseau et le bleu profond du ciel<br>le rouge et son cr\u00e9puscule<br>la voix et l&rsquo;esprit<\/p>\n\n\n\n<p>je choisis de marcher en silence \u00e0 c\u00f4t\u00e9 de toi<br>ma vie<br>parce que je suis un homme libre dans ce monde,<br>ma vie<br>parce que je suis un homme libre dans ce monde<\/p>\n\n\n\n<p>toujours et toujours<br>toujours et toujours<br>je suis un homme libre<br>toujours et toujours<br>toujours et toujours<\/p>\n<\/div><\/div><\/div><\/div><\/div>\n<\/div><\/div><\/div><\/div>\n\n\n\n<p class=\"has-text-align-center\">Adriano Celentano<\/p>\n<\/div><\/div><\/div><\/div><\/div>\n\n\n\n<div class=\"wp-block-ugb-column ugb-column ugb-b54a627 ugb-column--design-plain ugb-main-block\" id=\"\"><div class=\"ugb-inner-block\"><div class=\"ugb-block-content\"><div class=\"ugb-column__item ugb-b54a627-column-wrapper\"><div class=\"ugb-column__content-wrapper\"><\/div><\/div><\/div><\/div><\/div>\n<\/div><\/div><\/div><\/div>\n","protected":false},"excerpt":{"rendered":"<p>Esco di rado e parlo ancora menomi hanno detto che vuoi vedermie mi conosci bene, dicila vita \u00e8 un viaggio lento ragazza miane destra ne&hellip;<\/p>\n","protected":false},"author":1,"featured_media":0,"parent":0,"menu_order":0,"comment_status":"closed","ping_status":"closed","template":"","meta":{"_uag_custom_page_level_css":"","_lmt_disableupdate":"no","_lmt_disable":"","h5ap_radio_sources":[],"jetpack_post_was_ever_published":false,"footnotes":""},"class_list":["post-2056","page","type-page","status-publish","hentry"],"featured_image_urls_v2":{"full":"","thumbnail":"","medium":"","medium_large":"","large":"","gs-tiny":"","xl":"","xxl":"","xxxl":"","xxxxl":"","xxxxxl":"","1536x1536":"","2048x2048":"","mailpoet_newsletter_max":""},"post_excerpt_stackable_v2":"<p>Esco di rado e parlo ancora menomi hanno detto che vuoi vedermie mi conosci bene, dicila vita \u00e8 un viaggio lento ragazza miane destra ne sinistraLazzaro si sveglia tutti i giornie Caino gli porge il salee non per la minestrae non per la minestra Sono stato un uomo tenero, ti dicoun uomo vegetalesono stato a guardare la ferocebellezza del mondolentamente trasformarelentamente trasformare Io sono un uomo liberone destra ne sinistrasogno ancora credendo di pensaresogno ancora coi gomiti affacciato alla finestraaffacciato alla finestra. Maci sono cantanti a cui non si pu\u00f2 credereci sono poeti che non si pu\u00f2 raggiungerequi tutti parlano\u2026<\/p>\n","category_list_v2":"","author_info_v2":{"name":"Andr\u00e9","url":"https:\/\/asimon.eu\/blog\/author\/andre\/"},"comments_num_v2":"0 commentaire","yoast_head":"<!-- This site is optimized with the Yoast SEO plugin v27.4 - https:\/\/yoast.com\/product\/yoast-seo-wordpress\/ -->\n<title>Io sono un uomo libero - Cemondeblog<\/title>\n<meta name=\"robots\" content=\"index, follow, max-snippet:-1, max-image-preview:large, max-video-preview:-1\" \/>\n<link rel=\"canonical\" href=\"https:\/\/asimon.eu\/blog\/io-sono-un-uomo-libero\/\" \/>\n<meta property=\"og:locale\" content=\"fr_FR\" \/>\n<meta property=\"og:type\" content=\"article\" \/>\n<meta property=\"og:title\" content=\"Io sono un uomo libero - Cemondeblog\" \/>\n<meta property=\"og:description\" content=\"Esco di rado e parlo ancora menomi hanno detto che vuoi vedermie mi conosci bene, dicila vita \u00e8 un viaggio lento ragazza miane destra ne&hellip;\" \/>\n<meta property=\"og:url\" content=\"https:\/\/asimon.eu\/blog\/io-sono-un-uomo-libero\/\" \/>\n<meta property=\"og:site_name\" content=\"Cemondeblog\" \/>\n<meta property=\"article:modified_time\" content=\"2020-06-13T19:07:31+00:00\" \/>\n<meta name=\"twitter:card\" content=\"summary_large_image\" \/>\n<meta name=\"twitter:site\" content=\"@olrik16\" \/>\n<meta name=\"twitter:label1\" content=\"Dur\u00e9e de lecture estim\u00e9e\" \/>\n\t<meta name=\"twitter:data1\" content=\"3 minutes\" \/>\n<script type=\"application\/ld+json\" class=\"yoast-schema-graph\">{\"@context\":\"https:\\\/\\\/schema.org\",\"@graph\":[{\"@type\":\"WebPage\",\"@id\":\"https:\\\/\\\/asimon.eu\\\/blog\\\/io-sono-un-uomo-libero\\\/\",\"url\":\"https:\\\/\\\/asimon.eu\\\/blog\\\/io-sono-un-uomo-libero\\\/\",\"name\":\"Io sono un uomo libero - Cemondeblog\",\"isPartOf\":{\"@id\":\"https:\\\/\\\/asimon.eu\\\/blog\\\/#website\"},\"datePublished\":\"2016-04-06T19:58:20+00:00\",\"dateModified\":\"2020-06-13T19:07:31+00:00\",\"breadcrumb\":{\"@id\":\"https:\\\/\\\/asimon.eu\\\/blog\\\/io-sono-un-uomo-libero\\\/#breadcrumb\"},\"inLanguage\":\"fr-FR\",\"potentialAction\":[{\"@type\":\"ReadAction\",\"target\":[\"https:\\\/\\\/asimon.eu\\\/blog\\\/io-sono-un-uomo-libero\\\/\"]}]},{\"@type\":\"BreadcrumbList\",\"@id\":\"https:\\\/\\\/asimon.eu\\\/blog\\\/io-sono-un-uomo-libero\\\/#breadcrumb\",\"itemListElement\":[{\"@type\":\"ListItem\",\"position\":1,\"name\":\"Accueil\",\"item\":\"https:\\\/\\\/asimon.eu\\\/blog\\\/\"},{\"@type\":\"ListItem\",\"position\":2,\"name\":\"Io sono un uomo libero\"}]},{\"@type\":\"WebSite\",\"@id\":\"https:\\\/\\\/asimon.eu\\\/blog\\\/#website\",\"url\":\"https:\\\/\\\/asimon.eu\\\/blog\\\/\",\"name\":\"Cemondeblog\",\"description\":\"Ce monde o\u00f9 je vis, o\u00f9 nous vivons.\",\"publisher\":{\"@id\":\"https:\\\/\\\/asimon.eu\\\/blog\\\/#\\\/schema\\\/person\\\/4aef5843155766a51be733fbdace4241\"},\"potentialAction\":[{\"@type\":\"SearchAction\",\"target\":{\"@type\":\"EntryPoint\",\"urlTemplate\":\"https:\\\/\\\/asimon.eu\\\/blog\\\/?s={search_term_string}\"},\"query-input\":{\"@type\":\"PropertyValueSpecification\",\"valueRequired\":true,\"valueName\":\"search_term_string\"}}],\"inLanguage\":\"fr-FR\"},{\"@type\":[\"Person\",\"Organization\"],\"@id\":\"https:\\\/\\\/asimon.eu\\\/blog\\\/#\\\/schema\\\/person\\\/4aef5843155766a51be733fbdace4241\",\"name\":\"Andr\u00e9\",\"image\":{\"@type\":\"ImageObject\",\"inLanguage\":\"fr-FR\",\"@id\":\"https:\\\/\\\/i0.wp.com\\\/asimon.eu\\\/blog\\\/wp-content\\\/uploads\\\/2019\\\/12\\\/cropped-rancheria-14.png?fit=1597%2C422&ssl=1\",\"url\":\"https:\\\/\\\/i0.wp.com\\\/asimon.eu\\\/blog\\\/wp-content\\\/uploads\\\/2019\\\/12\\\/cropped-rancheria-14.png?fit=1597%2C422&ssl=1\",\"contentUrl\":\"https:\\\/\\\/i0.wp.com\\\/asimon.eu\\\/blog\\\/wp-content\\\/uploads\\\/2019\\\/12\\\/cropped-rancheria-14.png?fit=1597%2C422&ssl=1\",\"width\":1597,\"height\":422,\"caption\":\"Andr\u00e9\"},\"logo\":{\"@id\":\"https:\\\/\\\/i0.wp.com\\\/asimon.eu\\\/blog\\\/wp-content\\\/uploads\\\/2019\\\/12\\\/cropped-rancheria-14.png?fit=1597%2C422&ssl=1\"},\"description\":\"Et la vie va ...\",\"sameAs\":[\"https:\\\/\\\/asimon.eu\"]}]}<\/script>\n<!-- \/ Yoast SEO plugin. -->","yoast_head_json":{"title":"Io sono un uomo libero - Cemondeblog","robots":{"index":"index","follow":"follow","max-snippet":"max-snippet:-1","max-image-preview":"max-image-preview:large","max-video-preview":"max-video-preview:-1"},"canonical":"https:\/\/asimon.eu\/blog\/io-sono-un-uomo-libero\/","og_locale":"fr_FR","og_type":"article","og_title":"Io sono un uomo libero - Cemondeblog","og_description":"Esco di rado e parlo ancora menomi hanno detto che vuoi vedermie mi conosci bene, dicila vita \u00e8 un viaggio lento ragazza miane destra ne&hellip;","og_url":"https:\/\/asimon.eu\/blog\/io-sono-un-uomo-libero\/","og_site_name":"Cemondeblog","article_modified_time":"2020-06-13T19:07:31+00:00","twitter_card":"summary_large_image","twitter_site":"@olrik16","twitter_misc":{"Dur\u00e9e de lecture estim\u00e9e":"3 minutes"},"schema":{"@context":"https:\/\/schema.org","@graph":[{"@type":"WebPage","@id":"https:\/\/asimon.eu\/blog\/io-sono-un-uomo-libero\/","url":"https:\/\/asimon.eu\/blog\/io-sono-un-uomo-libero\/","name":"Io sono un uomo libero - Cemondeblog","isPartOf":{"@id":"https:\/\/asimon.eu\/blog\/#website"},"datePublished":"2016-04-06T19:58:20+00:00","dateModified":"2020-06-13T19:07:31+00:00","breadcrumb":{"@id":"https:\/\/asimon.eu\/blog\/io-sono-un-uomo-libero\/#breadcrumb"},"inLanguage":"fr-FR","potentialAction":[{"@type":"ReadAction","target":["https:\/\/asimon.eu\/blog\/io-sono-un-uomo-libero\/"]}]},{"@type":"BreadcrumbList","@id":"https:\/\/asimon.eu\/blog\/io-sono-un-uomo-libero\/#breadcrumb","itemListElement":[{"@type":"ListItem","position":1,"name":"Accueil","item":"https:\/\/asimon.eu\/blog\/"},{"@type":"ListItem","position":2,"name":"Io sono un uomo libero"}]},{"@type":"WebSite","@id":"https:\/\/asimon.eu\/blog\/#website","url":"https:\/\/asimon.eu\/blog\/","name":"Cemondeblog","description":"Ce monde o\u00f9 je vis, o\u00f9 nous vivons.","publisher":{"@id":"https:\/\/asimon.eu\/blog\/#\/schema\/person\/4aef5843155766a51be733fbdace4241"},"potentialAction":[{"@type":"SearchAction","target":{"@type":"EntryPoint","urlTemplate":"https:\/\/asimon.eu\/blog\/?s={search_term_string}"},"query-input":{"@type":"PropertyValueSpecification","valueRequired":true,"valueName":"search_term_string"}}],"inLanguage":"fr-FR"},{"@type":["Person","Organization"],"@id":"https:\/\/asimon.eu\/blog\/#\/schema\/person\/4aef5843155766a51be733fbdace4241","name":"Andr\u00e9","image":{"@type":"ImageObject","inLanguage":"fr-FR","@id":"https:\/\/i0.wp.com\/asimon.eu\/blog\/wp-content\/uploads\/2019\/12\/cropped-rancheria-14.png?fit=1597%2C422&ssl=1","url":"https:\/\/i0.wp.com\/asimon.eu\/blog\/wp-content\/uploads\/2019\/12\/cropped-rancheria-14.png?fit=1597%2C422&ssl=1","contentUrl":"https:\/\/i0.wp.com\/asimon.eu\/blog\/wp-content\/uploads\/2019\/12\/cropped-rancheria-14.png?fit=1597%2C422&ssl=1","width":1597,"height":422,"caption":"Andr\u00e9"},"logo":{"@id":"https:\/\/i0.wp.com\/asimon.eu\/blog\/wp-content\/uploads\/2019\/12\/cropped-rancheria-14.png?fit=1597%2C422&ssl=1"},"description":"Et la vie va ...","sameAs":["https:\/\/asimon.eu"]}]}},"uagb_featured_image_src":{"full":false,"thumbnail":false,"medium":false,"medium_large":false,"large":false,"gs-tiny":false,"xl":false,"xxl":false,"xxxl":false,"xxxxl":false,"xxxxxl":false,"1536x1536":false,"2048x2048":false,"mailpoet_newsletter_max":false},"uagb_author_info":{"display_name":"Andr\u00e9","author_link":"https:\/\/asimon.eu\/blog\/author\/andre\/"},"uagb_comment_info":0,"uagb_excerpt":"Esco di rado e parlo ancora menomi hanno detto che vuoi vedermie mi conosci bene, dicila vita \u00e8 un viaggio lento ragazza miane destra ne&hellip;","jetpack-related-posts":[{"id":240,"url":"https:\/\/asimon.eu\/blog\/imagine\/","url_meta":{"origin":2056,"position":0},"title":"Imagine.","author":"Andr\u00e9","date":"13 janvier 2016","format":false,"excerpt":"https:\/\/youtu.be\/VOgFZfRVaww Imagine there's no heaven, It's easy if you try, No hell below us, Above us only sky, Imagine all the people living for today... Imagine there's no countries, It isnt hard to do, Nothing to kill or die for, No religion too, Imagine all the people living life in\u2026","rel":"","context":"Dans \"Chanson\"","block_context":{"text":"Chanson","link":"https:\/\/asimon.eu\/blog\/tag\/chanson\/"},"img":{"alt_text":"","src":"https:\/\/i0.wp.com\/img.youtube.com\/vi\/VOgFZfRVaww\/0.jpg?resize=350%2C200","width":350,"height":200},"classes":[]},{"id":3568,"url":"https:\/\/asimon.eu\/blog\/la-quete\/","url_meta":{"origin":2056,"position":1},"title":"La Qu\u00eate","author":"Andr\u00e9","date":"20 janvier 2017","format":false,"excerpt":"https:\/\/youtu.be\/DCO7pCEdxTA?list=PLVUhqPbWyCOBTMdPKq32mGqBHiGt8hPGR R\u00eaver un impossible r\u00eavePorter le chagrin des d\u00e9partsBr\u00fbler d'une possible fi\u00e8vrePartir o\u00f9 personne ne part Aimer jusqu'\u00e0 la d\u00e9chirureAimer, m\u00eame trop, m\u00eame mal,Tenter, sans force et sans armure,D'atteindre l'inaccessible \u00e9toile Telle est ma qu\u00eate,Suivre l'\u00e9toilePeu m'importent mes chancesPeu m'importe le tempsOu ma d\u00e9sesp\u00e9ranceEt puis lutter toujoursSans questions ni reposSe\u2026","rel":"","context":"Dans \"Paroles\"","block_context":{"text":"Paroles","link":"https:\/\/asimon.eu\/blog\/tag\/paroles\/"},"img":{"alt_text":"","src":"https:\/\/i0.wp.com\/img.youtube.com\/vi\/PLVUhqPbWyCOBTMdPKq32mGqBHiGt8hPGR\/0.jpg?resize=350%2C200","width":350,"height":200},"classes":[]},{"id":3565,"url":"https:\/\/asimon.eu\/blog\/lhomme-de-la-mancha\/","url_meta":{"origin":2056,"position":2},"title":"L&rsquo;Homme de la Mancha","author":"Andr\u00e9","date":"20 janvier 2017","format":false,"excerpt":"https:\/\/youtu.be\/tv6P567IGas \u00c9coute-moiPauvre monde, insupportable mondeC'en est trop, tu es tomb\u00e9 trop basTu es trop gris, tu es trop laidAbominable monde, \u00e9coute-moiUn chevalier te d\u00e9fie. Oui c'est moi, Don QuichotteSeigneur de la ManchaPour toujours au service de l'honneurCar j'ai l'honneur d'\u00eatre moiDon Quichotte sans peurEt le vent de l'histoire chante en\u2026","rel":"","context":"Dans \"gris\"","block_context":{"text":"gris","link":"https:\/\/asimon.eu\/blog\/tag\/gris\/"},"img":{"alt_text":"","src":"https:\/\/i0.wp.com\/img.youtube.com\/vi\/tv6P567IGas\/0.jpg?resize=350%2C200","width":350,"height":200},"classes":[]},{"id":273566,"url":"https:\/\/asimon.eu\/blog\/te-quiero\/","url_meta":{"origin":2056,"position":3},"title":"Te quiero","author":"Andr\u00e9","date":"22 janvier 2016","format":false,"excerpt":"https:\/\/youtu.be\/q_JiHvs4dSM Tus manos son mi cariciamis acordes cotidianoste quiero porque tus manostrabajan por la justicia si te quiero es porque sosmi amor mi c\u00f3mplice y todoy en la calle codo a codosomos mucho m\u00e1s que dos tus ojos son mi conjurocontra la mala jornadate quiero por tu miradaque mira y\u2026","rel":"","context":"Dans \"Chanson\"","block_context":{"text":"Chanson","link":"https:\/\/asimon.eu\/blog\/tag\/chanson\/"},"img":{"alt_text":"","src":"https:\/\/i0.wp.com\/img.youtube.com\/vi\/q_JiHvs4dSM\/0.jpg?resize=350%2C200","width":350,"height":200},"classes":[]},{"id":273564,"url":"https:\/\/asimon.eu\/blog\/quand-les-hommes-vivront-damour\/","url_meta":{"origin":2056,"position":4},"title":"Quand les hommes vivront d&rsquo;amour.","author":"Andr\u00e9","date":"13 janvier 2016","format":false,"excerpt":"https:\/\/youtu.be\/EspK03oWGN0 Quand les hommes vivront d'amourIl n'y aura plus de mis\u00e8reEt commenceront les beaux joursMais nous nous serons morts mon fr\u00e8reQuand les hommes vivront d'amourCe sera la paix sur la terreLes soldats seront troubadoursMais nous nous serons morts mon fr\u00e8re Dans la grand' cha\u00eene de la vieO\u00f9 il fallait que\u2026","rel":"","context":"Dans \"amour\"","block_context":{"text":"amour","link":"https:\/\/asimon.eu\/blog\/tag\/amour\/"},"img":{"alt_text":"","src":"https:\/\/i0.wp.com\/img.youtube.com\/vi\/EspK03oWGN0\/0.jpg?resize=350%2C200","width":350,"height":200},"classes":[]},{"id":273565,"url":"https:\/\/asimon.eu\/blog\/page-decriture\/","url_meta":{"origin":2056,"position":5},"title":"Page d&rsquo;\u00e9criture","author":"Andr\u00e9","date":"20 janvier 2016","format":false,"excerpt":"https:\/\/youtu.be\/Shs2H9u6wak Deux et deux quatrequatre et quatre huithuit et huit font seize...R\u00e9p\u00e9tez ! dit le ma\u00eetreDeux et deux quatrequatre et quatre huithuit et huit font seize.Mais voil\u00e0 l\u2019oiseau-lyrequi passe dans le ciell\u2019enfant le voitl\u2019enfant l\u2019entendl\u2019enfant l\u2019appelle :Sauve-moijoue avec moioiseau !Alors l\u2019oiseau descendet joue avec l\u2019enfantDeux et deux quatre...R\u00e9p\u00e9tez ! dit\u2026","rel":"","context":"Dans \"Chanson\"","block_context":{"text":"Chanson","link":"https:\/\/asimon.eu\/blog\/tag\/chanson\/"},"img":{"alt_text":"","src":"https:\/\/i0.wp.com\/img.youtube.com\/vi\/Shs2H9u6wak\/0.jpg?resize=350%2C200","width":350,"height":200},"classes":[]}],"jetpack_shortlink":"https:\/\/wp.me\/P9rk1P-xa","jetpack_sharing_enabled":true,"jetpack_likes_enabled":true,"_links":{"self":[{"href":"https:\/\/asimon.eu\/blog\/wp-json\/wp\/v2\/pages\/2056","targetHints":{"allow":["GET"]}}],"collection":[{"href":"https:\/\/asimon.eu\/blog\/wp-json\/wp\/v2\/pages"}],"about":[{"href":"https:\/\/asimon.eu\/blog\/wp-json\/wp\/v2\/types\/page"}],"author":[{"embeddable":true,"href":"https:\/\/asimon.eu\/blog\/wp-json\/wp\/v2\/users\/1"}],"replies":[{"embeddable":true,"href":"https:\/\/asimon.eu\/blog\/wp-json\/wp\/v2\/comments?post=2056"}],"version-history":[{"count":3,"href":"https:\/\/asimon.eu\/blog\/wp-json\/wp\/v2\/pages\/2056\/revisions"}],"predecessor-version":[{"id":476144,"href":"https:\/\/asimon.eu\/blog\/wp-json\/wp\/v2\/pages\/2056\/revisions\/476144"}],"wp:attachment":[{"href":"https:\/\/asimon.eu\/blog\/wp-json\/wp\/v2\/media?parent=2056"}],"curies":[{"name":"wp","href":"https:\/\/api.w.org\/{rel}","templated":true}]}}