{"id":237,"date":"2016-01-13T18:42:26","date_gmt":"2016-01-13T17:42:26","guid":{"rendered":"https:\/\/cemondeblog.wordpress.com\/?page_id=237"},"modified":"2020-06-12T19:37:40","modified_gmt":"2020-06-12T17:37:40","slug":"et-pourtant-dans-le-monde","status":"publish","type":"page","link":"https:\/\/asimon.eu\/blog\/et-pourtant-dans-le-monde\/","title":{"rendered":"Et pourtant dans le monde."},"content":{"rendered":"\n<div class=\"wp-block-ugb-columns ugb-columns ugb-cccb91a ugb-columns--design-plain ugb-columns--columns-3 ugb-main-block\" id=\"\"><style>.ugb-cccb91a > .ugb-inner-block > .ugb-block-content > .ugb-columns__item{grid-template-columns:0.42fr 2.16fr 0.42fr !important}<\/style><div class=\"ugb-inner-block\"><div class=\"ugb-block-content\"><div class=\"ugb-columns__item ugb-cccb91a-content-wrapper\">\n<div class=\"wp-block-ugb-column ugb-column ugb-3a34a1e ugb-column--design-plain ugb-main-block\" id=\"\"><div class=\"ugb-inner-block\"><div class=\"ugb-block-content\"><div class=\"ugb-column__item ugb-3a34a1e-column-wrapper\"><div class=\"ugb-column__content-wrapper\"><\/div><\/div><\/div><\/div><\/div>\n\n\n\n<div class=\"wp-block-ugb-column ugb-column ugb-b578004 ugb-column--design-plain ugb-main-block\" id=\"\"><div class=\"ugb-inner-block\"><div class=\"ugb-block-content\"><div class=\"ugb-column__item ugb-b578004-column-wrapper\"><div class=\"ugb-column__content-wrapper\">\n<figure class=\"wp-block-embed-youtube wp-block-embed is-type-video is-provider-youtube wp-embed-aspect-4-3 wp-has-aspect-ratio\"><div class=\"wp-block-embed__wrapper\">\n<span class=\"embed-youtube\" style=\"text-align:center; display: block;\"><iframe loading=\"lazy\" class=\"youtube-player\" width=\"843\" height=\"475\" src=\"https:\/\/www.youtube.com\/embed\/JPjhIkgxdy0?version=3&#038;rel=1&#038;showsearch=0&#038;showinfo=1&#038;iv_load_policy=1&#038;fs=1&#038;hl=fr-FR&#038;autohide=2&#038;wmode=transparent\" allowfullscreen=\"true\" style=\"border:0;\" sandbox=\"allow-scripts allow-same-origin allow-popups allow-presentation allow-popups-to-escape-sandbox\"><\/iframe><\/span>\n<\/div><\/figure>\n<\/div><\/div><\/div><\/div><\/div>\n\n\n\n<div class=\"wp-block-ugb-column ugb-column ugb-49e4d05 ugb-column--design-plain ugb-main-block\" id=\"\"><div class=\"ugb-inner-block\"><div class=\"ugb-block-content\"><div class=\"ugb-column__item ugb-49e4d05-column-wrapper\"><div class=\"ugb-column__content-wrapper\"><\/div><\/div><\/div><\/div><\/div>\n<\/div><\/div><\/div><\/div>\n\n\n<p style=\"text-align: left; padding-left: 200px;\" align=\"justify\"><em>Tu me diras que j&rsquo;ai tort de chanter<\/em><br \/><em> La r\u00e9volution et la libert\u00e9<\/em><br \/><em> Que tout \u00e7a ne sert \u00e0 rien<\/em><br \/><em> Que ce n&rsquo;est pas encore pour demain<\/em><br \/><em> Et pourtant dans le monde<\/em><br \/><em> D&rsquo;autres voix me r\u00e9pondent<\/em><br \/><em> Et pourtant dans le monde<\/em><\/p>\n<p style=\"text-align: left; padding-left: 200px;\"><em>Tu me diras que j&rsquo;ai tort de r\u00eaver<\/em><br \/><em> En croyant vivre la r\u00e9alit\u00e9<\/em><br \/><em> Qu&rsquo;il faut rester les yeux ouverts<\/em><br \/><em> Et regarder tout ce qui va de travers<\/em><br \/><em> Et pourtant dans le monde<\/em><br \/><em> D&rsquo;autres voix me r\u00e9pondent<\/em><br \/><em> Et pourtant dans le monde<\/em><\/p>\n<p style=\"text-align: left; padding-left: 200px;\"><em>Tu me diras que j&rsquo;ai tort de crier<\/em><br \/><em> Et de clamer mes quatre v\u00e9rit\u00e9s<\/em><br \/><em> Qu&rsquo;il vaut mieux se taire ou mentir<\/em><br \/><em> Surtout savoir garder le sourire<\/em><br \/><em> Et pourtant dans le monde<\/em><br \/><em> D&rsquo;autres voix me r\u00e9pondent<\/em><br \/><em> Et pourtant dans le monde<\/em><\/p>\n<p style=\"text-align: left; padding-left: 200px;\"><em>Tu me diras que j&rsquo;ai tort de parler<\/em><br \/><em> De l&rsquo;amour comme s&rsquo;il existait<\/em><br \/><em> Qu&rsquo;il ne s&rsquo;agit que d&rsquo;un mirage<\/em><br \/><em> D&rsquo;une illusion qui n&rsquo;est plus de mon \u00e2ge<\/em><br \/><em> Et pourtant dans le monde<\/em><br \/><em> D&rsquo;autres voix me r\u00e9pondent<\/em><br \/><em> Et pourtant dans le monde<\/em><\/p>\n<p style=\"text-align: left; padding-left: 200px;\"><em>Tu me diras que j&rsquo;ai tort ou raison<\/em><br \/><em> \u00c7a ne me fera pas changer de chanson<\/em><br \/><em> Je te la donne comme elle est<\/em><br \/><em> Tu pourras en faire ce qu&rsquo;il te pla\u00eet<\/em><br \/><em> Et pourtant dans le monde<\/em><br \/><em> D&rsquo;autres voix me r\u00e9pondent<\/em><br \/><em> Et pourtant dans le monde<\/em><\/p>\n<p style=\"text-align: left; padding-left: 200px;\"><em>Et pourtant dans le monde<\/em><br \/><em> D&rsquo;autres voix me r\u00e9pondent<\/em><br \/><em> Et pourtant dans le monde<\/em><\/p>\n<p style=\"text-align: left; padding-left: 200px;\"><em>Et pourtant dans le monde<\/em><br \/><em> D&rsquo;autres voix me r\u00e9pondent<\/em><br \/><em> Et pourtant dans le monde<\/em><\/p>\n<p style=\"text-align: left; padding-left: 200px;\"><em>Et pourtant dans le monde<\/em><br \/><em> D&rsquo;autres voix me r\u00e9pondent<\/em><br \/><em> Et pourtant dans le monde<\/em><\/p>\n<p style=\"text-align: center; padding-left: 200px;\" align=\"justify\">Georges Moustaki<\/p>","protected":false},"excerpt":{"rendered":"<p>Tu me diras que j&rsquo;ai tort de chanter La r\u00e9volution et la libert\u00e9 Que tout \u00e7a ne sert \u00e0 rien Que ce n&rsquo;est pas encore&hellip;<\/p>\n","protected":false},"author":1,"featured_media":0,"parent":0,"menu_order":0,"comment_status":"closed","ping_status":"closed","template":"","meta":{"_uag_custom_page_level_css":"","_lmt_disableupdate":"no","_lmt_disable":"","h5ap_radio_sources":[],"jetpack_post_was_ever_published":false,"footnotes":""},"class_list":["post-237","page","type-page","status-publish","hentry"],"featured_image_urls_v2":{"full":"","thumbnail":"","medium":"","medium_large":"","large":"","gs-tiny":"","xl":"","xxl":"","xxxl":"","xxxxl":"","xxxxxl":"","1536x1536":"","2048x2048":"","mailpoet_newsletter_max":""},"post_excerpt_stackable_v2":"<p>Tu me diras que j&rsquo;ai tort de chanter La r\u00e9volution et la libert\u00e9 Que tout \u00e7a ne sert \u00e0 rien Que ce n&rsquo;est pas encore pour demain Et pourtant dans le monde D&rsquo;autres voix me r\u00e9pondent Et pourtant dans le monde Tu me diras que j&rsquo;ai tort de r\u00eaver En croyant vivre la r\u00e9alit\u00e9 Qu&rsquo;il faut rester les yeux ouverts Et regarder tout ce qui va de travers Et pourtant dans le monde D&rsquo;autres voix me r\u00e9pondent Et pourtant dans le monde Tu me diras que j&rsquo;ai tort de crier Et de clamer mes quatre v\u00e9rit\u00e9s Qu&rsquo;il vaut mieux se\u2026<\/p>\n","category_list_v2":"","author_info_v2":{"name":"Andr\u00e9","url":"https:\/\/asimon.eu\/blog\/author\/andre\/"},"comments_num_v2":"0 commentaire","yoast_head":"<!-- This site is optimized with the Yoast SEO plugin v27.4 - https:\/\/yoast.com\/product\/yoast-seo-wordpress\/ -->\n<title>Et pourtant dans le monde. - Cemondeblog<\/title>\n<meta name=\"robots\" content=\"index, follow, max-snippet:-1, max-image-preview:large, max-video-preview:-1\" \/>\n<link rel=\"canonical\" href=\"https:\/\/asimon.eu\/blog\/et-pourtant-dans-le-monde\/\" \/>\n<meta property=\"og:locale\" content=\"fr_FR\" \/>\n<meta property=\"og:type\" content=\"article\" \/>\n<meta property=\"og:title\" content=\"Et pourtant dans le monde. - Cemondeblog\" \/>\n<meta property=\"og:description\" content=\"Tu me diras que j&rsquo;ai tort de chanter La r\u00e9volution et la libert\u00e9 Que tout \u00e7a ne sert \u00e0 rien Que ce n&rsquo;est pas encore&hellip;\" \/>\n<meta property=\"og:url\" content=\"https:\/\/asimon.eu\/blog\/et-pourtant-dans-le-monde\/\" \/>\n<meta property=\"og:site_name\" content=\"Cemondeblog\" \/>\n<meta property=\"article:modified_time\" content=\"2020-06-12T17:37:40+00:00\" \/>\n<meta name=\"twitter:card\" content=\"summary_large_image\" \/>\n<meta name=\"twitter:site\" content=\"@olrik16\" \/>\n<meta name=\"twitter:label1\" content=\"Dur\u00e9e de lecture estim\u00e9e\" \/>\n\t<meta name=\"twitter:data1\" content=\"1 minute\" \/>\n<script type=\"application\/ld+json\" class=\"yoast-schema-graph\">{\"@context\":\"https:\\\/\\\/schema.org\",\"@graph\":[{\"@type\":\"WebPage\",\"@id\":\"https:\\\/\\\/asimon.eu\\\/blog\\\/et-pourtant-dans-le-monde\\\/\",\"url\":\"https:\\\/\\\/asimon.eu\\\/blog\\\/et-pourtant-dans-le-monde\\\/\",\"name\":\"Et pourtant dans le monde. - Cemondeblog\",\"isPartOf\":{\"@id\":\"https:\\\/\\\/asimon.eu\\\/blog\\\/#website\"},\"datePublished\":\"2016-01-13T17:42:26+00:00\",\"dateModified\":\"2020-06-12T17:37:40+00:00\",\"breadcrumb\":{\"@id\":\"https:\\\/\\\/asimon.eu\\\/blog\\\/et-pourtant-dans-le-monde\\\/#breadcrumb\"},\"inLanguage\":\"fr-FR\",\"potentialAction\":[{\"@type\":\"ReadAction\",\"target\":[\"https:\\\/\\\/asimon.eu\\\/blog\\\/et-pourtant-dans-le-monde\\\/\"]}]},{\"@type\":\"BreadcrumbList\",\"@id\":\"https:\\\/\\\/asimon.eu\\\/blog\\\/et-pourtant-dans-le-monde\\\/#breadcrumb\",\"itemListElement\":[{\"@type\":\"ListItem\",\"position\":1,\"name\":\"Accueil\",\"item\":\"https:\\\/\\\/asimon.eu\\\/blog\\\/\"},{\"@type\":\"ListItem\",\"position\":2,\"name\":\"Et pourtant dans le monde.\"}]},{\"@type\":\"WebSite\",\"@id\":\"https:\\\/\\\/asimon.eu\\\/blog\\\/#website\",\"url\":\"https:\\\/\\\/asimon.eu\\\/blog\\\/\",\"name\":\"Cemondeblog\",\"description\":\"Ce monde o\u00f9 je vis, o\u00f9 nous vivons.\",\"publisher\":{\"@id\":\"https:\\\/\\\/asimon.eu\\\/blog\\\/#\\\/schema\\\/person\\\/4aef5843155766a51be733fbdace4241\"},\"potentialAction\":[{\"@type\":\"SearchAction\",\"target\":{\"@type\":\"EntryPoint\",\"urlTemplate\":\"https:\\\/\\\/asimon.eu\\\/blog\\\/?s={search_term_string}\"},\"query-input\":{\"@type\":\"PropertyValueSpecification\",\"valueRequired\":true,\"valueName\":\"search_term_string\"}}],\"inLanguage\":\"fr-FR\"},{\"@type\":[\"Person\",\"Organization\"],\"@id\":\"https:\\\/\\\/asimon.eu\\\/blog\\\/#\\\/schema\\\/person\\\/4aef5843155766a51be733fbdace4241\",\"name\":\"Andr\u00e9\",\"image\":{\"@type\":\"ImageObject\",\"inLanguage\":\"fr-FR\",\"@id\":\"https:\\\/\\\/i0.wp.com\\\/asimon.eu\\\/blog\\\/wp-content\\\/uploads\\\/2019\\\/12\\\/cropped-rancheria-14.png?fit=1597%2C422&ssl=1\",\"url\":\"https:\\\/\\\/i0.wp.com\\\/asimon.eu\\\/blog\\\/wp-content\\\/uploads\\\/2019\\\/12\\\/cropped-rancheria-14.png?fit=1597%2C422&ssl=1\",\"contentUrl\":\"https:\\\/\\\/i0.wp.com\\\/asimon.eu\\\/blog\\\/wp-content\\\/uploads\\\/2019\\\/12\\\/cropped-rancheria-14.png?fit=1597%2C422&ssl=1\",\"width\":1597,\"height\":422,\"caption\":\"Andr\u00e9\"},\"logo\":{\"@id\":\"https:\\\/\\\/i0.wp.com\\\/asimon.eu\\\/blog\\\/wp-content\\\/uploads\\\/2019\\\/12\\\/cropped-rancheria-14.png?fit=1597%2C422&ssl=1\"},\"description\":\"Et la vie va ...\",\"sameAs\":[\"https:\\\/\\\/asimon.eu\"]}]}<\/script>\n<!-- \/ Yoast SEO plugin. -->","yoast_head_json":{"title":"Et pourtant dans le monde. - Cemondeblog","robots":{"index":"index","follow":"follow","max-snippet":"max-snippet:-1","max-image-preview":"max-image-preview:large","max-video-preview":"max-video-preview:-1"},"canonical":"https:\/\/asimon.eu\/blog\/et-pourtant-dans-le-monde\/","og_locale":"fr_FR","og_type":"article","og_title":"Et pourtant dans le monde. - Cemondeblog","og_description":"Tu me diras que j&rsquo;ai tort de chanter La r\u00e9volution et la libert\u00e9 Que tout \u00e7a ne sert \u00e0 rien Que ce n&rsquo;est pas encore&hellip;","og_url":"https:\/\/asimon.eu\/blog\/et-pourtant-dans-le-monde\/","og_site_name":"Cemondeblog","article_modified_time":"2020-06-12T17:37:40+00:00","twitter_card":"summary_large_image","twitter_site":"@olrik16","twitter_misc":{"Dur\u00e9e de lecture estim\u00e9e":"1 minute"},"schema":{"@context":"https:\/\/schema.org","@graph":[{"@type":"WebPage","@id":"https:\/\/asimon.eu\/blog\/et-pourtant-dans-le-monde\/","url":"https:\/\/asimon.eu\/blog\/et-pourtant-dans-le-monde\/","name":"Et pourtant dans le monde. - Cemondeblog","isPartOf":{"@id":"https:\/\/asimon.eu\/blog\/#website"},"datePublished":"2016-01-13T17:42:26+00:00","dateModified":"2020-06-12T17:37:40+00:00","breadcrumb":{"@id":"https:\/\/asimon.eu\/blog\/et-pourtant-dans-le-monde\/#breadcrumb"},"inLanguage":"fr-FR","potentialAction":[{"@type":"ReadAction","target":["https:\/\/asimon.eu\/blog\/et-pourtant-dans-le-monde\/"]}]},{"@type":"BreadcrumbList","@id":"https:\/\/asimon.eu\/blog\/et-pourtant-dans-le-monde\/#breadcrumb","itemListElement":[{"@type":"ListItem","position":1,"name":"Accueil","item":"https:\/\/asimon.eu\/blog\/"},{"@type":"ListItem","position":2,"name":"Et pourtant dans le monde."}]},{"@type":"WebSite","@id":"https:\/\/asimon.eu\/blog\/#website","url":"https:\/\/asimon.eu\/blog\/","name":"Cemondeblog","description":"Ce monde o\u00f9 je vis, o\u00f9 nous vivons.","publisher":{"@id":"https:\/\/asimon.eu\/blog\/#\/schema\/person\/4aef5843155766a51be733fbdace4241"},"potentialAction":[{"@type":"SearchAction","target":{"@type":"EntryPoint","urlTemplate":"https:\/\/asimon.eu\/blog\/?s={search_term_string}"},"query-input":{"@type":"PropertyValueSpecification","valueRequired":true,"valueName":"search_term_string"}}],"inLanguage":"fr-FR"},{"@type":["Person","Organization"],"@id":"https:\/\/asimon.eu\/blog\/#\/schema\/person\/4aef5843155766a51be733fbdace4241","name":"Andr\u00e9","image":{"@type":"ImageObject","inLanguage":"fr-FR","@id":"https:\/\/i0.wp.com\/asimon.eu\/blog\/wp-content\/uploads\/2019\/12\/cropped-rancheria-14.png?fit=1597%2C422&ssl=1","url":"https:\/\/i0.wp.com\/asimon.eu\/blog\/wp-content\/uploads\/2019\/12\/cropped-rancheria-14.png?fit=1597%2C422&ssl=1","contentUrl":"https:\/\/i0.wp.com\/asimon.eu\/blog\/wp-content\/uploads\/2019\/12\/cropped-rancheria-14.png?fit=1597%2C422&ssl=1","width":1597,"height":422,"caption":"Andr\u00e9"},"logo":{"@id":"https:\/\/i0.wp.com\/asimon.eu\/blog\/wp-content\/uploads\/2019\/12\/cropped-rancheria-14.png?fit=1597%2C422&ssl=1"},"description":"Et la vie va ...","sameAs":["https:\/\/asimon.eu"]}]}},"uagb_featured_image_src":{"full":false,"thumbnail":false,"medium":false,"medium_large":false,"large":false,"gs-tiny":false,"xl":false,"xxl":false,"xxxl":false,"xxxxl":false,"xxxxxl":false,"1536x1536":false,"2048x2048":false,"mailpoet_newsletter_max":false},"uagb_author_info":{"display_name":"Andr\u00e9","author_link":"https:\/\/asimon.eu\/blog\/author\/andre\/"},"uagb_comment_info":0,"uagb_excerpt":"Tu me diras que j&rsquo;ai tort de chanter La r\u00e9volution et la libert\u00e9 Que tout \u00e7a ne sert \u00e0 rien Que ce n&rsquo;est pas encore&hellip;","jetpack-related-posts":[{"id":3565,"url":"https:\/\/asimon.eu\/blog\/lhomme-de-la-mancha\/","url_meta":{"origin":237,"position":0},"title":"L&rsquo;Homme de la Mancha","author":"Andr\u00e9","date":"20 janvier 2017","format":false,"excerpt":"https:\/\/youtu.be\/tv6P567IGas \u00c9coute-moiPauvre monde, insupportable mondeC'en est trop, tu es tomb\u00e9 trop basTu es trop gris, tu es trop laidAbominable monde, \u00e9coute-moiUn chevalier te d\u00e9fie. Oui c'est moi, Don QuichotteSeigneur de la ManchaPour toujours au service de l'honneurCar j'ai l'honneur d'\u00eatre moiDon Quichotte sans peurEt le vent de l'histoire chante en\u2026","rel":"","context":"Dans \"gris\"","block_context":{"text":"gris","link":"https:\/\/asimon.eu\/blog\/tag\/gris\/"},"img":{"alt_text":"","src":"https:\/\/i0.wp.com\/img.youtube.com\/vi\/tv6P567IGas\/0.jpg?resize=350%2C200","width":350,"height":200},"classes":[]},{"id":2743,"url":"https:\/\/asimon.eu\/blog\/je-me-suis-souvent-demande\/","url_meta":{"origin":237,"position":1},"title":"Je me suis souvent demand\u00e9.","author":"Andr\u00e9","date":"1 juin 2016","format":false,"excerpt":"https:\/\/youtu.be\/BFRRCwJ16Ac Je me suis souvent demand\u00e9 Comment il se fait qu'un ma\u00e7on N'a presque jamais sa maison Je me suis souvent demand\u00e9 Pourquoi les noirs eux n'avaient pas Comme les blancs les m\u00eames droits Je me suis souvent demand\u00e9 Pourquoi les petits chiens pel\u00e9s Un peu partout \u00e9taient trait\u00e9s A\u2026","rel":"","context":"Dans \"amour\"","block_context":{"text":"amour","link":"https:\/\/asimon.eu\/blog\/tag\/amour\/"},"img":{"alt_text":"","src":"https:\/\/i0.wp.com\/img.youtube.com\/vi\/BFRRCwJ16Ac\/0.jpg?resize=350%2C200","width":350,"height":200},"classes":[]},{"id":265,"url":"https:\/\/asimon.eu\/blog\/les-reves-sont-en-nous\/","url_meta":{"origin":237,"position":2},"title":"Les r\u00eaves sont en nous.","author":"Andr\u00e9","date":"13 janvier 2016","format":false,"excerpt":"https:\/\/youtu.be\/Lq_3jWXxnKk Tous les r\u00eaves, tous les r\u00eaves que l'on a partag\u00e9sTous les r\u00eaves, tous ces r\u00eaves faut pas les oublierTout ce qui nous apporte un peu de redouxTout ce qui nous importe s'\u00e9loigne de nous Tous les r\u00eaves, tous ces r\u00eaves, tous ces baisers vol\u00e9sTous ces r\u00eaves envol\u00e9s qu'on a\u2026","rel":"","context":"Dans \"Chanson\"","block_context":{"text":"Chanson","link":"https:\/\/asimon.eu\/blog\/tag\/chanson\/"},"img":{"alt_text":"","src":"https:\/\/i0.wp.com\/img.youtube.com\/vi\/Lq_3jWXxnKk\/0.jpg?resize=350%2C200","width":350,"height":200},"classes":[]},{"id":240,"url":"https:\/\/asimon.eu\/blog\/imagine\/","url_meta":{"origin":237,"position":3},"title":"Imagine.","author":"Andr\u00e9","date":"13 janvier 2016","format":false,"excerpt":"https:\/\/youtu.be\/VOgFZfRVaww Imagine there's no heaven, It's easy if you try, No hell below us, Above us only sky, Imagine all the people living for today... Imagine there's no countries, It isnt hard to do, Nothing to kill or die for, No religion too, Imagine all the people living life in\u2026","rel":"","context":"Dans \"Chanson\"","block_context":{"text":"Chanson","link":"https:\/\/asimon.eu\/blog\/tag\/chanson\/"},"img":{"alt_text":"","src":"https:\/\/i0.wp.com\/img.youtube.com\/vi\/VOgFZfRVaww\/0.jpg?resize=350%2C200","width":350,"height":200},"classes":[]},{"id":3568,"url":"https:\/\/asimon.eu\/blog\/la-quete\/","url_meta":{"origin":237,"position":4},"title":"La Qu\u00eate","author":"Andr\u00e9","date":"20 janvier 2017","format":false,"excerpt":"https:\/\/youtu.be\/DCO7pCEdxTA?list=PLVUhqPbWyCOBTMdPKq32mGqBHiGt8hPGR R\u00eaver un impossible r\u00eavePorter le chagrin des d\u00e9partsBr\u00fbler d'une possible fi\u00e8vrePartir o\u00f9 personne ne part Aimer jusqu'\u00e0 la d\u00e9chirureAimer, m\u00eame trop, m\u00eame mal,Tenter, sans force et sans armure,D'atteindre l'inaccessible \u00e9toile Telle est ma qu\u00eate,Suivre l'\u00e9toilePeu m'importent mes chancesPeu m'importe le tempsOu ma d\u00e9sesp\u00e9ranceEt puis lutter toujoursSans questions ni reposSe\u2026","rel":"","context":"Dans \"Paroles\"","block_context":{"text":"Paroles","link":"https:\/\/asimon.eu\/blog\/tag\/paroles\/"},"img":{"alt_text":"","src":"https:\/\/i0.wp.com\/img.youtube.com\/vi\/PLVUhqPbWyCOBTMdPKq32mGqBHiGt8hPGR\/0.jpg?resize=350%2C200","width":350,"height":200},"classes":[]},{"id":1641,"url":"https:\/\/asimon.eu\/blog\/mondo-in-mi-settima-monde-en-mi-septieme\/","url_meta":{"origin":237,"position":5},"title":"Mondo in Mi settima (Monde en mi septi\u00e8me)","author":"Andr\u00e9","date":"24 mars 2016","format":false,"excerpt":"https:\/\/youtu.be\/Nkt83ykakOw Brano pubblicato nel 1966. Prendo il giornalee leggo chedi giusti al mondonon ce n\u2019e\u2019come mai il mondo e\u2019 cosi\u2019 brutto?Si siamo stati noi a rovinarequesto capolavoro sospeso nel cielonel cielo nel cieloahi ahi ahi ahi ahi ahi ahileggo che sulla terrasempre c\u2019e\u2019 una guerrama pero\u2019 per fortunastiamo arrivando sulla\u2026","rel":"","context":"Dans \"amour\"","block_context":{"text":"amour","link":"https:\/\/asimon.eu\/blog\/tag\/amour\/"},"img":{"alt_text":"","src":"https:\/\/i0.wp.com\/img.youtube.com\/vi\/Nkt83ykakOw\/0.jpg?resize=350%2C200","width":350,"height":200},"classes":[]}],"jetpack_shortlink":"https:\/\/wp.me\/P9rk1P-3P","jetpack_sharing_enabled":true,"jetpack_likes_enabled":true,"_links":{"self":[{"href":"https:\/\/asimon.eu\/blog\/wp-json\/wp\/v2\/pages\/237","targetHints":{"allow":["GET"]}}],"collection":[{"href":"https:\/\/asimon.eu\/blog\/wp-json\/wp\/v2\/pages"}],"about":[{"href":"https:\/\/asimon.eu\/blog\/wp-json\/wp\/v2\/types\/page"}],"author":[{"embeddable":true,"href":"https:\/\/asimon.eu\/blog\/wp-json\/wp\/v2\/users\/1"}],"replies":[{"embeddable":true,"href":"https:\/\/asimon.eu\/blog\/wp-json\/wp\/v2\/comments?post=237"}],"version-history":[{"count":1,"href":"https:\/\/asimon.eu\/blog\/wp-json\/wp\/v2\/pages\/237\/revisions"}],"predecessor-version":[{"id":476129,"href":"https:\/\/asimon.eu\/blog\/wp-json\/wp\/v2\/pages\/237\/revisions\/476129"}],"wp:attachment":[{"href":"https:\/\/asimon.eu\/blog\/wp-json\/wp\/v2\/media?parent=237"}],"curies":[{"name":"wp","href":"https:\/\/api.w.org\/{rel}","templated":true}]}}