{"id":2576,"date":"2016-05-04T15:08:43","date_gmt":"2016-05-04T13:08:43","guid":{"rendered":"https:\/\/cemondeblog.wordpress.com\/?page_id=2576"},"modified":"2020-06-15T19:37:49","modified_gmt":"2020-06-15T17:37:49","slug":"la-bete-est-revenue","status":"publish","type":"page","link":"https:\/\/asimon.eu\/blog\/la-bete-est-revenue\/","title":{"rendered":"La b\u00eate est revenue."},"content":{"rendered":"\n<div class=\"wp-block-ugb-columns ugb-columns ugb-4b569ca ugb-columns--design-plain ugb-columns--columns-3 ugb-main-block\" id=\"\"><style>.ugb-4b569ca > .ugb-inner-block > .ugb-block-content > .ugb-columns__item{grid-template-columns:0.42fr 2.16fr 0.42fr !important}<\/style><div class=\"ugb-inner-block\"><div class=\"ugb-block-content\"><div class=\"ugb-columns__item ugb-4b569ca-content-wrapper\">\n<div class=\"wp-block-ugb-column ugb-column ugb-a3674b2 ugb-column--design-plain ugb-main-block\" id=\"\"><div class=\"ugb-inner-block\"><div class=\"ugb-block-content\"><div class=\"ugb-column__item ugb-a3674b2-column-wrapper\"><div class=\"ugb-column__content-wrapper\"><\/div><\/div><\/div><\/div><\/div>\n\n\n\n<div class=\"wp-block-ugb-column ugb-column ugb-b3e88bd ugb-column--design-plain ugb-main-block\" id=\"\"><div class=\"ugb-inner-block\"><div class=\"ugb-block-content\"><div class=\"ugb-column__item ugb-b3e88bd-column-wrapper\"><div class=\"ugb-column__content-wrapper\">\n<figure class=\"wp-block-embed-youtube wp-block-embed is-type-video is-provider-youtube wp-embed-aspect-16-9 wp-has-aspect-ratio\"><div class=\"wp-block-embed__wrapper\">\n<span class=\"embed-youtube\" style=\"text-align:center; display: block;\"><iframe loading=\"lazy\" class=\"youtube-player\" width=\"843\" height=\"475\" src=\"https:\/\/www.youtube.com\/embed\/AGNGcKdMwfo?version=3&#038;rel=1&#038;showsearch=0&#038;showinfo=1&#038;iv_load_policy=1&#038;fs=1&#038;hl=fr-FR&#038;autohide=2&#038;wmode=transparent\" allowfullscreen=\"true\" style=\"border:0;\" sandbox=\"allow-scripts allow-same-origin allow-popups allow-presentation allow-popups-to-escape-sandbox\"><\/iframe><\/span>\n<\/div><\/figure>\n<\/div><\/div><\/div><\/div><\/div>\n\n\n\n<div class=\"wp-block-ugb-column ugb-column ugb-e4892ce ugb-column--design-plain ugb-main-block\" id=\"\"><div class=\"ugb-inner-block\"><div class=\"ugb-block-content\"><div class=\"ugb-column__item ugb-e4892ce-column-wrapper\"><div class=\"ugb-column__content-wrapper\"><\/div><\/div><\/div><\/div><\/div>\n<\/div><\/div><\/div><\/div>\n\n\n<div class=\"pw-hidden-cp\" style=\"padding-left: 210px;\"><em>Sait-on pourquoi, un matin,<\/em><br \/><em> Cette b\u00eate s\u00b4est r\u00e9veill\u00e9e<\/em><br \/><em> Au milieu de pantins<\/em><br \/><em> Qu\u00b4elle a tous \u00e9merveill\u00e9s<\/em><br \/><em> En proclamant partout, haut et fort :<\/em><br \/><em> \u00ab\u00a0Nous mettrons l\u00b4\u00e9tranger dehors\u00a0\u00bb<\/em><br \/><em> Puis cette ogresse aguicheuse<\/em><br \/><em> Fit des clones imitatifs.<\/em><br \/><em> Leurs tirades insidieuses<\/em><br \/><em> Convainquirent les na\u00effs<\/em><br \/><em> Qu\u00b4en suivant leurs dictats x\u00e9nophobes,<\/em><br \/><em> On chasserait tous les microbes.Attention mon ami, je l\u00b4ai vue.<\/em><br \/><em> M\u00e9fie-toi : la b\u00eate est revenue!<\/em><br \/><em> C\u00b4est une hydre au discours enj\u00f4leur<\/em><br \/><em> Qui forge une nouvelle race d\u00b4oppresseurs.<\/em><br \/><em> Y a nos libert\u00e9s sous sa botte.<\/em><br \/><em> Ami, ne lui ouvre pas ta porte.<\/em><em>D\u00b4o\u00f9 cette b\u00eate a surgi,<\/em><br \/><em> Le ventre est encore f\u00e9cond.<\/em><br \/><em> Bertold Brecht nous l\u00b4a dit.<\/em><br \/><em> Il connaissait la chanson.<\/em><br \/><em> Celle-l\u00e0 m\u00eame qu\u00b4Hitler a tant aim\u00e9e,<\/em><br \/><em> C\u00b4est la valse des croix gamm\u00e9es<\/em><br \/><em> Car, pour gagner quelques voix<\/em><br \/><em> Des nostalgiques de P\u00e9tain,<\/em><br \/><em> C\u00b4est les juifs, encore une fois,<\/em><br \/><em> Que ces dangereux aryens<\/em>\n<p>\u00a0<\/p>\n<div id=\"div-gpt-ad-1448990081727-1\" hidden=\"\"><em>\u00a0<\/em><\/div>\n<p><em>Brandiront comme un \u00e9pouvantail<\/em><br \/><em> Dans tous leurs sinistres \u00e9ventails.<\/em><\/p>\n<p><em>Attention mon ami, je l\u00b4ai vue.<\/em><br \/><em> M\u00e9fie-toi : la b\u00eate est revenue!<\/em><br \/><em> C\u00b4est une hydre au discours enj\u00f4leur<\/em><br \/><em> Qui forge une nouvelle race d\u00b4oppresseurs.<\/em><br \/><em> Y a nos libert\u00e9s sous sa botte.<\/em><br \/><em> Ami, ne lui ouvre pas ta porte.<\/em><\/p>\n<p><em>N\u00b4\u00e9coutez plus, braves gens,<\/em><br \/><em> Ce fl\u00e9au du genre humain,<\/em><br \/><em> L\u00b4aboiement \u00e9c\u0153urant<\/em><br \/><em> De cette b\u00eate \u00e0 chagrin<\/em><br \/><em> Instillant par ces chants de sir\u00e8ne<\/em><br \/><em> La x\u00e9nophobie et la haine.<\/em><br \/><em> Laissons le soin aux lessives<\/em><br \/><em> De laver plus blanc que blanc.<\/em><br \/><em> Les couleurs enjolivent<\/em><br \/><em> L\u00b4univers si diff\u00e9rent.<\/em><br \/><em> Refusons d\u00b4entrer dans cette ronde<\/em><br \/><em> Qui promet le meilleur des mondes.<\/em><\/p>\n<p><em>Attention mon ami, je l\u00b4ai vue.<\/em><br \/><em> M\u00e9fie-toi : la b\u00eate est revenue!<\/em><br \/><em> C\u00b4est une hydre au discours enj\u00f4leur<\/em><br \/><em> Dont les cent mille bouches crachent le malheur.<\/em><br \/><em> Y a nos libert\u00e9s sous sa botte.<\/em><br \/><em> Ami, ne lui ouvre pas ta porte.<\/em><br \/><em> Car, vois-tu, petit, je l\u00b4ai vue,<\/em><br \/><em> La b\u00eate. La b\u00eate est revenue.<\/em><\/p>\n<\/div>\n<div class=\"pw-hidden-cp\" style=\"text-align: center;\">Pierre Perret<\/div>","protected":false},"excerpt":{"rendered":"<p>Sait-on pourquoi, un matin, Cette b\u00eate s\u00b4est r\u00e9veill\u00e9e Au milieu de pantins Qu\u00b4elle a tous \u00e9merveill\u00e9s En proclamant partout, haut et fort : \u00ab\u00a0Nous mettrons&hellip;<\/p>\n","protected":false},"author":1,"featured_media":0,"parent":0,"menu_order":0,"comment_status":"closed","ping_status":"closed","template":"","meta":{"_uag_custom_page_level_css":"","_lmt_disableupdate":"no","_lmt_disable":"","h5ap_radio_sources":[],"jetpack_post_was_ever_published":false,"footnotes":""},"class_list":["post-2576","page","type-page","status-publish","hentry"],"featured_image_urls_v2":{"full":"","thumbnail":"","medium":"","medium_large":"","large":"","gs-tiny":"","xl":"","xxl":"","xxxl":"","xxxxl":"","xxxxxl":"","1536x1536":"","2048x2048":"","mailpoet_newsletter_max":""},"post_excerpt_stackable_v2":"<p>Sait-on pourquoi, un matin, Cette b\u00eate s\u00b4est r\u00e9veill\u00e9e Au milieu de pantins Qu\u00b4elle a tous \u00e9merveill\u00e9s En proclamant partout, haut et fort : \u00ab\u00a0Nous mettrons l\u00b4\u00e9tranger dehors\u00a0\u00bb Puis cette ogresse aguicheuse Fit des clones imitatifs. Leurs tirades insidieuses Convainquirent les na\u00effs Qu\u00b4en suivant leurs dictats x\u00e9nophobes, On chasserait tous les microbes.Attention mon ami, je l\u00b4ai vue. M\u00e9fie-toi : la b\u00eate est revenue! C\u00b4est une hydre au discours enj\u00f4leur Qui forge une nouvelle race d\u00b4oppresseurs. Y a nos libert\u00e9s sous sa botte. Ami, ne lui ouvre pas ta porte.D\u00b4o\u00f9 cette b\u00eate a surgi, Le ventre est encore f\u00e9cond. Bertold Brecht nous\u2026<\/p>\n","category_list_v2":"","author_info_v2":{"name":"Andr\u00e9","url":"https:\/\/asimon.eu\/blog\/author\/andre\/"},"comments_num_v2":"0 commentaire","yoast_head":"<!-- This site is optimized with the Yoast SEO plugin v27.4 - https:\/\/yoast.com\/product\/yoast-seo-wordpress\/ -->\n<title>La b\u00eate est revenue. - Cemondeblog<\/title>\n<meta name=\"robots\" content=\"index, follow, max-snippet:-1, max-image-preview:large, max-video-preview:-1\" \/>\n<link rel=\"canonical\" href=\"https:\/\/asimon.eu\/blog\/la-bete-est-revenue\/\" \/>\n<meta property=\"og:locale\" content=\"fr_FR\" \/>\n<meta property=\"og:type\" content=\"article\" \/>\n<meta property=\"og:title\" content=\"La b\u00eate est revenue. - Cemondeblog\" \/>\n<meta property=\"og:description\" content=\"Sait-on pourquoi, un matin, Cette b\u00eate s\u00b4est r\u00e9veill\u00e9e Au milieu de pantins Qu\u00b4elle a tous \u00e9merveill\u00e9s En proclamant partout, haut et fort : \u00ab\u00a0Nous mettrons&hellip;\" \/>\n<meta property=\"og:url\" content=\"https:\/\/asimon.eu\/blog\/la-bete-est-revenue\/\" \/>\n<meta property=\"og:site_name\" content=\"Cemondeblog\" \/>\n<meta property=\"article:modified_time\" content=\"2020-06-15T17:37:49+00:00\" \/>\n<meta name=\"twitter:card\" content=\"summary_large_image\" \/>\n<meta name=\"twitter:site\" content=\"@olrik16\" \/>\n<meta name=\"twitter:label1\" content=\"Dur\u00e9e de lecture estim\u00e9e\" \/>\n\t<meta name=\"twitter:data1\" content=\"2 minutes\" \/>\n<script type=\"application\/ld+json\" class=\"yoast-schema-graph\">{\"@context\":\"https:\\\/\\\/schema.org\",\"@graph\":[{\"@type\":\"WebPage\",\"@id\":\"https:\\\/\\\/asimon.eu\\\/blog\\\/la-bete-est-revenue\\\/\",\"url\":\"https:\\\/\\\/asimon.eu\\\/blog\\\/la-bete-est-revenue\\\/\",\"name\":\"La b\u00eate est revenue. - Cemondeblog\",\"isPartOf\":{\"@id\":\"https:\\\/\\\/asimon.eu\\\/blog\\\/#website\"},\"datePublished\":\"2016-05-04T13:08:43+00:00\",\"dateModified\":\"2020-06-15T17:37:49+00:00\",\"breadcrumb\":{\"@id\":\"https:\\\/\\\/asimon.eu\\\/blog\\\/la-bete-est-revenue\\\/#breadcrumb\"},\"inLanguage\":\"fr-FR\",\"potentialAction\":[{\"@type\":\"ReadAction\",\"target\":[\"https:\\\/\\\/asimon.eu\\\/blog\\\/la-bete-est-revenue\\\/\"]}]},{\"@type\":\"BreadcrumbList\",\"@id\":\"https:\\\/\\\/asimon.eu\\\/blog\\\/la-bete-est-revenue\\\/#breadcrumb\",\"itemListElement\":[{\"@type\":\"ListItem\",\"position\":1,\"name\":\"Accueil\",\"item\":\"https:\\\/\\\/asimon.eu\\\/blog\\\/\"},{\"@type\":\"ListItem\",\"position\":2,\"name\":\"La b\u00eate est revenue.\"}]},{\"@type\":\"WebSite\",\"@id\":\"https:\\\/\\\/asimon.eu\\\/blog\\\/#website\",\"url\":\"https:\\\/\\\/asimon.eu\\\/blog\\\/\",\"name\":\"Cemondeblog\",\"description\":\"Ce monde o\u00f9 je vis, o\u00f9 nous vivons.\",\"publisher\":{\"@id\":\"https:\\\/\\\/asimon.eu\\\/blog\\\/#\\\/schema\\\/person\\\/4aef5843155766a51be733fbdace4241\"},\"potentialAction\":[{\"@type\":\"SearchAction\",\"target\":{\"@type\":\"EntryPoint\",\"urlTemplate\":\"https:\\\/\\\/asimon.eu\\\/blog\\\/?s={search_term_string}\"},\"query-input\":{\"@type\":\"PropertyValueSpecification\",\"valueRequired\":true,\"valueName\":\"search_term_string\"}}],\"inLanguage\":\"fr-FR\"},{\"@type\":[\"Person\",\"Organization\"],\"@id\":\"https:\\\/\\\/asimon.eu\\\/blog\\\/#\\\/schema\\\/person\\\/4aef5843155766a51be733fbdace4241\",\"name\":\"Andr\u00e9\",\"image\":{\"@type\":\"ImageObject\",\"inLanguage\":\"fr-FR\",\"@id\":\"https:\\\/\\\/i0.wp.com\\\/asimon.eu\\\/blog\\\/wp-content\\\/uploads\\\/2019\\\/12\\\/cropped-rancheria-14.png?fit=1597%2C422&ssl=1\",\"url\":\"https:\\\/\\\/i0.wp.com\\\/asimon.eu\\\/blog\\\/wp-content\\\/uploads\\\/2019\\\/12\\\/cropped-rancheria-14.png?fit=1597%2C422&ssl=1\",\"contentUrl\":\"https:\\\/\\\/i0.wp.com\\\/asimon.eu\\\/blog\\\/wp-content\\\/uploads\\\/2019\\\/12\\\/cropped-rancheria-14.png?fit=1597%2C422&ssl=1\",\"width\":1597,\"height\":422,\"caption\":\"Andr\u00e9\"},\"logo\":{\"@id\":\"https:\\\/\\\/i0.wp.com\\\/asimon.eu\\\/blog\\\/wp-content\\\/uploads\\\/2019\\\/12\\\/cropped-rancheria-14.png?fit=1597%2C422&ssl=1\"},\"description\":\"Et la vie va ...\",\"sameAs\":[\"https:\\\/\\\/asimon.eu\"]}]}<\/script>\n<!-- \/ Yoast SEO plugin. -->","yoast_head_json":{"title":"La b\u00eate est revenue. - Cemondeblog","robots":{"index":"index","follow":"follow","max-snippet":"max-snippet:-1","max-image-preview":"max-image-preview:large","max-video-preview":"max-video-preview:-1"},"canonical":"https:\/\/asimon.eu\/blog\/la-bete-est-revenue\/","og_locale":"fr_FR","og_type":"article","og_title":"La b\u00eate est revenue. - Cemondeblog","og_description":"Sait-on pourquoi, un matin, Cette b\u00eate s\u00b4est r\u00e9veill\u00e9e Au milieu de pantins Qu\u00b4elle a tous \u00e9merveill\u00e9s En proclamant partout, haut et fort : \u00ab\u00a0Nous mettrons&hellip;","og_url":"https:\/\/asimon.eu\/blog\/la-bete-est-revenue\/","og_site_name":"Cemondeblog","article_modified_time":"2020-06-15T17:37:49+00:00","twitter_card":"summary_large_image","twitter_site":"@olrik16","twitter_misc":{"Dur\u00e9e de lecture estim\u00e9e":"2 minutes"},"schema":{"@context":"https:\/\/schema.org","@graph":[{"@type":"WebPage","@id":"https:\/\/asimon.eu\/blog\/la-bete-est-revenue\/","url":"https:\/\/asimon.eu\/blog\/la-bete-est-revenue\/","name":"La b\u00eate est revenue. - Cemondeblog","isPartOf":{"@id":"https:\/\/asimon.eu\/blog\/#website"},"datePublished":"2016-05-04T13:08:43+00:00","dateModified":"2020-06-15T17:37:49+00:00","breadcrumb":{"@id":"https:\/\/asimon.eu\/blog\/la-bete-est-revenue\/#breadcrumb"},"inLanguage":"fr-FR","potentialAction":[{"@type":"ReadAction","target":["https:\/\/asimon.eu\/blog\/la-bete-est-revenue\/"]}]},{"@type":"BreadcrumbList","@id":"https:\/\/asimon.eu\/blog\/la-bete-est-revenue\/#breadcrumb","itemListElement":[{"@type":"ListItem","position":1,"name":"Accueil","item":"https:\/\/asimon.eu\/blog\/"},{"@type":"ListItem","position":2,"name":"La b\u00eate est revenue."}]},{"@type":"WebSite","@id":"https:\/\/asimon.eu\/blog\/#website","url":"https:\/\/asimon.eu\/blog\/","name":"Cemondeblog","description":"Ce monde o\u00f9 je vis, o\u00f9 nous vivons.","publisher":{"@id":"https:\/\/asimon.eu\/blog\/#\/schema\/person\/4aef5843155766a51be733fbdace4241"},"potentialAction":[{"@type":"SearchAction","target":{"@type":"EntryPoint","urlTemplate":"https:\/\/asimon.eu\/blog\/?s={search_term_string}"},"query-input":{"@type":"PropertyValueSpecification","valueRequired":true,"valueName":"search_term_string"}}],"inLanguage":"fr-FR"},{"@type":["Person","Organization"],"@id":"https:\/\/asimon.eu\/blog\/#\/schema\/person\/4aef5843155766a51be733fbdace4241","name":"Andr\u00e9","image":{"@type":"ImageObject","inLanguage":"fr-FR","@id":"https:\/\/i0.wp.com\/asimon.eu\/blog\/wp-content\/uploads\/2019\/12\/cropped-rancheria-14.png?fit=1597%2C422&ssl=1","url":"https:\/\/i0.wp.com\/asimon.eu\/blog\/wp-content\/uploads\/2019\/12\/cropped-rancheria-14.png?fit=1597%2C422&ssl=1","contentUrl":"https:\/\/i0.wp.com\/asimon.eu\/blog\/wp-content\/uploads\/2019\/12\/cropped-rancheria-14.png?fit=1597%2C422&ssl=1","width":1597,"height":422,"caption":"Andr\u00e9"},"logo":{"@id":"https:\/\/i0.wp.com\/asimon.eu\/blog\/wp-content\/uploads\/2019\/12\/cropped-rancheria-14.png?fit=1597%2C422&ssl=1"},"description":"Et la vie va ...","sameAs":["https:\/\/asimon.eu"]}]}},"uagb_featured_image_src":{"full":false,"thumbnail":false,"medium":false,"medium_large":false,"large":false,"gs-tiny":false,"xl":false,"xxl":false,"xxxl":false,"xxxxl":false,"xxxxxl":false,"1536x1536":false,"2048x2048":false,"mailpoet_newsletter_max":false},"uagb_author_info":{"display_name":"Andr\u00e9","author_link":"https:\/\/asimon.eu\/blog\/author\/andre\/"},"uagb_comment_info":0,"uagb_excerpt":"Sait-on pourquoi, un matin, Cette b\u00eate s\u00b4est r\u00e9veill\u00e9e Au milieu de pantins Qu\u00b4elle a tous \u00e9merveill\u00e9s En proclamant partout, haut et fort : \u00ab\u00a0Nous mettrons&hellip;","jetpack-related-posts":[{"id":240,"url":"https:\/\/asimon.eu\/blog\/imagine\/","url_meta":{"origin":2576,"position":0},"title":"Imagine.","author":"Andr\u00e9","date":"13 janvier 2016","format":false,"excerpt":"https:\/\/youtu.be\/VOgFZfRVaww Imagine there's no heaven, It's easy if you try, No hell below us, Above us only sky, Imagine all the people living for today... Imagine there's no countries, It isnt hard to do, Nothing to kill or die for, No religion too, Imagine all the people living life in\u2026","rel":"","context":"Dans \"Chanson\"","block_context":{"text":"Chanson","link":"https:\/\/asimon.eu\/blog\/tag\/chanson\/"},"img":{"alt_text":"","src":"https:\/\/i0.wp.com\/img.youtube.com\/vi\/VOgFZfRVaww\/0.jpg?resize=350%2C200","width":350,"height":200},"classes":[]},{"id":3568,"url":"https:\/\/asimon.eu\/blog\/la-quete\/","url_meta":{"origin":2576,"position":1},"title":"La Qu\u00eate","author":"Andr\u00e9","date":"20 janvier 2017","format":false,"excerpt":"https:\/\/youtu.be\/DCO7pCEdxTA?list=PLVUhqPbWyCOBTMdPKq32mGqBHiGt8hPGR R\u00eaver un impossible r\u00eavePorter le chagrin des d\u00e9partsBr\u00fbler d'une possible fi\u00e8vrePartir o\u00f9 personne ne part Aimer jusqu'\u00e0 la d\u00e9chirureAimer, m\u00eame trop, m\u00eame mal,Tenter, sans force et sans armure,D'atteindre l'inaccessible \u00e9toile Telle est ma qu\u00eate,Suivre l'\u00e9toilePeu m'importent mes chancesPeu m'importe le tempsOu ma d\u00e9sesp\u00e9ranceEt puis lutter toujoursSans questions ni reposSe\u2026","rel":"","context":"Dans \"Paroles\"","block_context":{"text":"Paroles","link":"https:\/\/asimon.eu\/blog\/tag\/paroles\/"},"img":{"alt_text":"","src":"https:\/\/i0.wp.com\/img.youtube.com\/vi\/PLVUhqPbWyCOBTMdPKq32mGqBHiGt8hPGR\/0.jpg?resize=350%2C200","width":350,"height":200},"classes":[]},{"id":3565,"url":"https:\/\/asimon.eu\/blog\/lhomme-de-la-mancha\/","url_meta":{"origin":2576,"position":2},"title":"L&rsquo;Homme de la Mancha","author":"Andr\u00e9","date":"20 janvier 2017","format":false,"excerpt":"https:\/\/youtu.be\/tv6P567IGas \u00c9coute-moiPauvre monde, insupportable mondeC'en est trop, tu es tomb\u00e9 trop basTu es trop gris, tu es trop laidAbominable monde, \u00e9coute-moiUn chevalier te d\u00e9fie. Oui c'est moi, Don QuichotteSeigneur de la ManchaPour toujours au service de l'honneurCar j'ai l'honneur d'\u00eatre moiDon Quichotte sans peurEt le vent de l'histoire chante en\u2026","rel":"","context":"Dans \"gris\"","block_context":{"text":"gris","link":"https:\/\/asimon.eu\/blog\/tag\/gris\/"},"img":{"alt_text":"","src":"https:\/\/i0.wp.com\/img.youtube.com\/vi\/tv6P567IGas\/0.jpg?resize=350%2C200","width":350,"height":200},"classes":[]},{"id":273566,"url":"https:\/\/asimon.eu\/blog\/te-quiero\/","url_meta":{"origin":2576,"position":3},"title":"Te quiero","author":"Andr\u00e9","date":"22 janvier 2016","format":false,"excerpt":"https:\/\/youtu.be\/q_JiHvs4dSM Tus manos son mi cariciamis acordes cotidianoste quiero porque tus manostrabajan por la justicia si te quiero es porque sosmi amor mi c\u00f3mplice y todoy en la calle codo a codosomos mucho m\u00e1s que dos tus ojos son mi conjurocontra la mala jornadate quiero por tu miradaque mira y\u2026","rel":"","context":"Dans \"Chanson\"","block_context":{"text":"Chanson","link":"https:\/\/asimon.eu\/blog\/tag\/chanson\/"},"img":{"alt_text":"","src":"https:\/\/i0.wp.com\/img.youtube.com\/vi\/q_JiHvs4dSM\/0.jpg?resize=350%2C200","width":350,"height":200},"classes":[]},{"id":273564,"url":"https:\/\/asimon.eu\/blog\/quand-les-hommes-vivront-damour\/","url_meta":{"origin":2576,"position":4},"title":"Quand les hommes vivront d&rsquo;amour.","author":"Andr\u00e9","date":"13 janvier 2016","format":false,"excerpt":"https:\/\/youtu.be\/EspK03oWGN0 Quand les hommes vivront d'amourIl n'y aura plus de mis\u00e8reEt commenceront les beaux joursMais nous nous serons morts mon fr\u00e8reQuand les hommes vivront d'amourCe sera la paix sur la terreLes soldats seront troubadoursMais nous nous serons morts mon fr\u00e8re Dans la grand' cha\u00eene de la vieO\u00f9 il fallait que\u2026","rel":"","context":"Dans \"amour\"","block_context":{"text":"amour","link":"https:\/\/asimon.eu\/blog\/tag\/amour\/"},"img":{"alt_text":"","src":"https:\/\/i0.wp.com\/img.youtube.com\/vi\/EspK03oWGN0\/0.jpg?resize=350%2C200","width":350,"height":200},"classes":[]},{"id":273565,"url":"https:\/\/asimon.eu\/blog\/page-decriture\/","url_meta":{"origin":2576,"position":5},"title":"Page d&rsquo;\u00e9criture","author":"Andr\u00e9","date":"20 janvier 2016","format":false,"excerpt":"https:\/\/youtu.be\/Shs2H9u6wak Deux et deux quatrequatre et quatre huithuit et huit font seize...R\u00e9p\u00e9tez ! dit le ma\u00eetreDeux et deux quatrequatre et quatre huithuit et huit font seize.Mais voil\u00e0 l\u2019oiseau-lyrequi passe dans le ciell\u2019enfant le voitl\u2019enfant l\u2019entendl\u2019enfant l\u2019appelle :Sauve-moijoue avec moioiseau !Alors l\u2019oiseau descendet joue avec l\u2019enfantDeux et deux quatre...R\u00e9p\u00e9tez ! dit\u2026","rel":"","context":"Dans \"Chanson\"","block_context":{"text":"Chanson","link":"https:\/\/asimon.eu\/blog\/tag\/chanson\/"},"img":{"alt_text":"","src":"https:\/\/i0.wp.com\/img.youtube.com\/vi\/Shs2H9u6wak\/0.jpg?resize=350%2C200","width":350,"height":200},"classes":[]}],"jetpack_shortlink":"https:\/\/wp.me\/P9rk1P-Fy","jetpack_sharing_enabled":true,"jetpack_likes_enabled":true,"_links":{"self":[{"href":"https:\/\/asimon.eu\/blog\/wp-json\/wp\/v2\/pages\/2576","targetHints":{"allow":["GET"]}}],"collection":[{"href":"https:\/\/asimon.eu\/blog\/wp-json\/wp\/v2\/pages"}],"about":[{"href":"https:\/\/asimon.eu\/blog\/wp-json\/wp\/v2\/types\/page"}],"author":[{"embeddable":true,"href":"https:\/\/asimon.eu\/blog\/wp-json\/wp\/v2\/users\/1"}],"replies":[{"embeddable":true,"href":"https:\/\/asimon.eu\/blog\/wp-json\/wp\/v2\/comments?post=2576"}],"version-history":[{"count":2,"href":"https:\/\/asimon.eu\/blog\/wp-json\/wp\/v2\/pages\/2576\/revisions"}],"predecessor-version":[{"id":476156,"href":"https:\/\/asimon.eu\/blog\/wp-json\/wp\/v2\/pages\/2576\/revisions\/476156"}],"wp:attachment":[{"href":"https:\/\/asimon.eu\/blog\/wp-json\/wp\/v2\/media?parent=2576"}],"curies":[{"name":"wp","href":"https:\/\/api.w.org\/{rel}","templated":true}]}}