{"id":273567,"date":"2016-01-30T21:16:58","date_gmt":"2016-01-30T20:16:58","guid":{"rendered":"https:\/\/cemondeblog.wordpress.com\/?page_id=701"},"modified":"2020-06-17T19:13:25","modified_gmt":"2020-06-17T17:13:25","slug":"vieillir","status":"publish","type":"page","link":"https:\/\/asimon.eu\/blog\/vieillir\/","title":{"rendered":"Vieillir"},"content":{"rendered":"\n<div class=\"wp-block-ugb-columns ugb-columns ugb-a2dc540 ugb-columns--design-plain ugb-columns--columns-3 ugb-main-block\" id=\"\"><style>.ugb-a2dc540 > .ugb-inner-block > .ugb-block-content > .ugb-columns__item{grid-template-columns:0.45fr 2.13fr 0.42fr !important}<\/style><div class=\"ugb-inner-block\"><div class=\"ugb-block-content\"><div class=\"ugb-columns__item ugb-a2dc540-content-wrapper\">\n<div class=\"wp-block-ugb-column ugb-column ugb-00a9c3a ugb-column--design-plain ugb-main-block\" id=\"\"><div class=\"ugb-inner-block\"><div class=\"ugb-block-content\"><div class=\"ugb-column__item ugb-00a9c3a-column-wrapper\"><div class=\"ugb-column__content-wrapper\"><\/div><\/div><\/div><\/div><\/div>\n\n\n\n<div class=\"wp-block-ugb-column ugb-column ugb-37b47d9 ugb-column--design-plain ugb-main-block\" id=\"\"><div class=\"ugb-inner-block\"><div class=\"ugb-block-content\"><div class=\"ugb-column__item ugb-37b47d9-column-wrapper\"><div class=\"ugb-column__content-wrapper\">\n<figure class=\"wp-block-embed-youtube wp-block-embed is-type-video is-provider-youtube wp-embed-aspect-4-3 wp-has-aspect-ratio\"><div class=\"wp-block-embed__wrapper\">\n<span class=\"embed-youtube\" style=\"text-align:center; display: block;\"><iframe loading=\"lazy\" class=\"youtube-player\" width=\"843\" height=\"475\" src=\"https:\/\/www.youtube.com\/embed\/VAUvgL1AsvA?version=3&#038;rel=1&#038;showsearch=0&#038;showinfo=1&#038;iv_load_policy=1&#038;fs=1&#038;hl=fr-FR&#038;autohide=2&#038;wmode=transparent\" allowfullscreen=\"true\" style=\"border:0;\" sandbox=\"allow-scripts allow-same-origin allow-popups allow-presentation allow-popups-to-escape-sandbox\"><\/iframe><\/span>\n<\/div><\/figure>\n<\/div><\/div><\/div><\/div><\/div>\n\n\n\n<div class=\"wp-block-ugb-column ugb-column ugb-fb24322 ugb-column--design-plain ugb-main-block\" id=\"\"><div class=\"ugb-inner-block\"><div class=\"ugb-block-content\"><div class=\"ugb-column__item ugb-fb24322-column-wrapper\"><div class=\"ugb-column__content-wrapper\"><\/div><\/div><\/div><\/div><\/div>\n<\/div><\/div><\/div><\/div>\n\n\n<p style=\"padding-left: 200px;\">Mourir en rougissant<br \/>Suivant la guerre qu&rsquo;il fait<br \/>Du fait des Allemands<br \/>A cause des Anglais<\/p>\n<div class=\"p402_premium\" style=\"padding-left: 120px;\">\n<p style=\"padding-left: 80px;\">Mourir baiseur int\u00e8gre<br \/>Entre les seins d&rsquo;une grosse<br \/>Contre les os d&rsquo;une maigre<br \/>Dans un cul de basse-fosse<\/p>\n<p style=\"padding-left: 80px;\">Mourir de frissonner<br \/>Mourir de se dissoudre<br \/>De se racrapoter<br \/>Mourir de se d\u00e9coudre<\/p>\n<p style=\"padding-left: 80px;\">Ou terminer sa course<br \/>La nuit de ses cent ans<br \/>Vieillard tonitruant<br \/>Soulev\u00e9 pas quelques femmes<br \/>Clou\u00e9 \u00e0 la Grande Ourse<br \/>Cracher sa derni\u00e8re dent<br \/>En chantant \u00ab\u00a0Amsterdam\u00a0\u00bb<\/p>\n<p style=\"padding-left: 80px;\">Mourir cela n&rsquo;est rien<br \/>Mourir la belle affaire<br \/>Mais vieillir&#8230; \u00f4 vieillir<\/p>\n<p style=\"padding-left: 80px;\">Mourir mourir de rire<br \/>C&rsquo;est possiblement vrai<br \/>D&rsquo;ailleurs la preuve en est<br \/>Qu&rsquo;ils n&rsquo;osent plus trop rire<\/p>\n<p style=\"padding-left: 80px;\">Mourir de faire le pitre<br \/>Pour d\u00e9rider le d\u00e9sert<br \/>Mourir face au cancer<br \/>Par arr\u00eat de l&rsquo;arbitre<\/p>\n<p style=\"padding-left: 80px;\">Mourir sous le manteau<br \/>Tellement anonyme<br \/>Tellement incognito<br \/>Que meurt un synonyme<\/p>\n<p style=\"padding-left: 80px;\">Ou terminer sa course<br \/>La nuit de ses cent ans<br \/>Vieillard tonitruant<br \/>Soulev\u00e9 par quelques femmes<br \/>Clou\u00e9 \u00e0 la Grande Ourse<br \/>Cracher sa derni\u00e8re dent<br \/>En chantant \u00ab\u00a0Amsterdam\u00a0\u00bb<\/p>\n<p style=\"padding-left: 80px;\">Mourir cela n&rsquo;est rien<br \/>Mourir la belle affaire<br \/>Mais vieillir&#8230; \u00f4 vieillir<\/p>\n<p style=\"padding-left: 80px;\">Mourir couvert d&rsquo;honneur<br \/>Et ruisselant d&rsquo;argent<br \/>Asphyxi\u00e9 sous les fleurs<br \/>Mourir en monument<\/p>\n<p style=\"padding-left: 80px;\">Mourir au bout d&rsquo;une blonde<br \/>L\u00e0 o\u00f9 rien ne se passe<br \/>O\u00f9 le temps nous d\u00e9passe<br \/>O\u00f9 le lit tombe en tombe<\/p>\n<p style=\"padding-left: 80px;\">Mourir insignifiant<br \/>Au fond d&rsquo;une tisane<br \/>Entre un m\u00e9dicament<br \/>Et un fruit qui se fane<\/p>\n<p style=\"padding-left: 80px;\">Ou terminer sa course<br \/>La nuit de ses mille ans<br \/>Vieillard tonitruant<br \/>Soulev\u00e9 par quelques femmes<br \/>Clou\u00e9 \u00e0 la Grande Ourse<br \/>Cracher sa derni\u00e8re dent<br \/>En chantant \u00ab\u00a0Amsterdam\u00a0\u00bb<\/p>\n<p style=\"padding-left: 80px;\">Mourir cela n&rsquo;est rien<br \/>Mourir la belle affaire<br \/>Mais vieillir&#8230; \u00f4 vieillir<\/p>\n<\/div>\n<div class=\"p402_premium\" style=\"padding-left: 200px;\">\u00a0<\/div>\n<div class=\"p402_premium\" style=\"padding-left: 200px; text-align: center;\"><em>Jacques Brel<\/em><\/div>","protected":false},"excerpt":{"rendered":"<p>Mourir en rougissantSuivant la guerre qu&rsquo;il faitDu fait des AllemandsA cause des Anglais Mourir baiseur int\u00e8greEntre les seins d&rsquo;une grosseContre les os d&rsquo;une maigreDans un&hellip;<\/p>\n","protected":false},"author":1,"featured_media":0,"parent":0,"menu_order":0,"comment_status":"closed","ping_status":"closed","template":"","meta":{"_uag_custom_page_level_css":"","_lmt_disableupdate":"no","_lmt_disable":"","h5ap_radio_sources":[],"jetpack_post_was_ever_published":false,"footnotes":""},"class_list":["post-273567","page","type-page","status-publish","hentry"],"featured_image_urls_v2":{"full":"","thumbnail":"","medium":"","medium_large":"","large":"","gs-tiny":"","xl":"","xxl":"","xxxl":"","xxxxl":"","xxxxxl":"","1536x1536":"","2048x2048":"","mailpoet_newsletter_max":""},"post_excerpt_stackable_v2":"<p>Mourir en rougissantSuivant la guerre qu&rsquo;il faitDu fait des AllemandsA cause des Anglais Mourir baiseur int\u00e8greEntre les seins d&rsquo;une grosseContre les os d&rsquo;une maigreDans un cul de basse-fosse Mourir de frissonnerMourir de se dissoudreDe se racrapoterMourir de se d\u00e9coudre Ou terminer sa courseLa nuit de ses cent ansVieillard tonitruantSoulev\u00e9 pas quelques femmesClou\u00e9 \u00e0 la Grande OurseCracher sa derni\u00e8re dentEn chantant \u00ab\u00a0Amsterdam\u00a0\u00bb Mourir cela n&rsquo;est rienMourir la belle affaireMais vieillir&#8230; \u00f4 vieillir Mourir mourir de rireC&rsquo;est possiblement vraiD&rsquo;ailleurs la preuve en estQu&rsquo;ils n&rsquo;osent plus trop rire Mourir de faire le pitrePour d\u00e9rider le d\u00e9sertMourir face au cancerPar arr\u00eat de l&rsquo;arbitre Mourir\u2026<\/p>\n","category_list_v2":"","author_info_v2":{"name":"Andr\u00e9","url":"https:\/\/asimon.eu\/blog\/author\/andre\/"},"comments_num_v2":"0 commentaire","yoast_head":"<!-- This site is optimized with the Yoast SEO plugin v27.4 - https:\/\/yoast.com\/product\/yoast-seo-wordpress\/ -->\n<title>Vieillir - Cemondeblog<\/title>\n<meta name=\"robots\" content=\"index, follow, max-snippet:-1, max-image-preview:large, max-video-preview:-1\" \/>\n<link rel=\"canonical\" href=\"https:\/\/asimon.eu\/blog\/vieillir\/\" \/>\n<meta property=\"og:locale\" content=\"fr_FR\" \/>\n<meta property=\"og:type\" content=\"article\" \/>\n<meta property=\"og:title\" content=\"Vieillir - Cemondeblog\" \/>\n<meta property=\"og:description\" content=\"Mourir en rougissantSuivant la guerre qu&rsquo;il faitDu fait des AllemandsA cause des Anglais Mourir baiseur int\u00e8greEntre les seins d&rsquo;une grosseContre les os d&rsquo;une maigreDans un&hellip;\" \/>\n<meta property=\"og:url\" content=\"https:\/\/asimon.eu\/blog\/vieillir\/\" \/>\n<meta property=\"og:site_name\" content=\"Cemondeblog\" \/>\n<meta property=\"article:modified_time\" content=\"2020-06-17T17:13:25+00:00\" \/>\n<meta name=\"twitter:card\" content=\"summary_large_image\" \/>\n<meta name=\"twitter:site\" content=\"@olrik16\" \/>\n<meta name=\"twitter:label1\" content=\"Dur\u00e9e de lecture estim\u00e9e\" \/>\n\t<meta name=\"twitter:data1\" content=\"1 minute\" \/>\n<script type=\"application\/ld+json\" class=\"yoast-schema-graph\">{\"@context\":\"https:\\\/\\\/schema.org\",\"@graph\":[{\"@type\":\"WebPage\",\"@id\":\"https:\\\/\\\/asimon.eu\\\/blog\\\/vieillir\\\/\",\"url\":\"https:\\\/\\\/asimon.eu\\\/blog\\\/vieillir\\\/\",\"name\":\"Vieillir - Cemondeblog\",\"isPartOf\":{\"@id\":\"https:\\\/\\\/asimon.eu\\\/blog\\\/#website\"},\"datePublished\":\"2016-01-30T20:16:58+00:00\",\"dateModified\":\"2020-06-17T17:13:25+00:00\",\"breadcrumb\":{\"@id\":\"https:\\\/\\\/asimon.eu\\\/blog\\\/vieillir\\\/#breadcrumb\"},\"inLanguage\":\"fr-FR\",\"potentialAction\":[{\"@type\":\"ReadAction\",\"target\":[\"https:\\\/\\\/asimon.eu\\\/blog\\\/vieillir\\\/\"]}]},{\"@type\":\"BreadcrumbList\",\"@id\":\"https:\\\/\\\/asimon.eu\\\/blog\\\/vieillir\\\/#breadcrumb\",\"itemListElement\":[{\"@type\":\"ListItem\",\"position\":1,\"name\":\"Accueil\",\"item\":\"https:\\\/\\\/asimon.eu\\\/blog\\\/\"},{\"@type\":\"ListItem\",\"position\":2,\"name\":\"Vieillir\"}]},{\"@type\":\"WebSite\",\"@id\":\"https:\\\/\\\/asimon.eu\\\/blog\\\/#website\",\"url\":\"https:\\\/\\\/asimon.eu\\\/blog\\\/\",\"name\":\"Cemondeblog\",\"description\":\"Ce monde o\u00f9 je vis, o\u00f9 nous vivons.\",\"publisher\":{\"@id\":\"https:\\\/\\\/asimon.eu\\\/blog\\\/#\\\/schema\\\/person\\\/4aef5843155766a51be733fbdace4241\"},\"potentialAction\":[{\"@type\":\"SearchAction\",\"target\":{\"@type\":\"EntryPoint\",\"urlTemplate\":\"https:\\\/\\\/asimon.eu\\\/blog\\\/?s={search_term_string}\"},\"query-input\":{\"@type\":\"PropertyValueSpecification\",\"valueRequired\":true,\"valueName\":\"search_term_string\"}}],\"inLanguage\":\"fr-FR\"},{\"@type\":[\"Person\",\"Organization\"],\"@id\":\"https:\\\/\\\/asimon.eu\\\/blog\\\/#\\\/schema\\\/person\\\/4aef5843155766a51be733fbdace4241\",\"name\":\"Andr\u00e9\",\"image\":{\"@type\":\"ImageObject\",\"inLanguage\":\"fr-FR\",\"@id\":\"https:\\\/\\\/i0.wp.com\\\/asimon.eu\\\/blog\\\/wp-content\\\/uploads\\\/2019\\\/12\\\/cropped-rancheria-14.png?fit=1597%2C422&ssl=1\",\"url\":\"https:\\\/\\\/i0.wp.com\\\/asimon.eu\\\/blog\\\/wp-content\\\/uploads\\\/2019\\\/12\\\/cropped-rancheria-14.png?fit=1597%2C422&ssl=1\",\"contentUrl\":\"https:\\\/\\\/i0.wp.com\\\/asimon.eu\\\/blog\\\/wp-content\\\/uploads\\\/2019\\\/12\\\/cropped-rancheria-14.png?fit=1597%2C422&ssl=1\",\"width\":1597,\"height\":422,\"caption\":\"Andr\u00e9\"},\"logo\":{\"@id\":\"https:\\\/\\\/i0.wp.com\\\/asimon.eu\\\/blog\\\/wp-content\\\/uploads\\\/2019\\\/12\\\/cropped-rancheria-14.png?fit=1597%2C422&ssl=1\"},\"description\":\"Et la vie va ...\",\"sameAs\":[\"https:\\\/\\\/asimon.eu\"]}]}<\/script>\n<!-- \/ Yoast SEO plugin. -->","yoast_head_json":{"title":"Vieillir - Cemondeblog","robots":{"index":"index","follow":"follow","max-snippet":"max-snippet:-1","max-image-preview":"max-image-preview:large","max-video-preview":"max-video-preview:-1"},"canonical":"https:\/\/asimon.eu\/blog\/vieillir\/","og_locale":"fr_FR","og_type":"article","og_title":"Vieillir - Cemondeblog","og_description":"Mourir en rougissantSuivant la guerre qu&rsquo;il faitDu fait des AllemandsA cause des Anglais Mourir baiseur int\u00e8greEntre les seins d&rsquo;une grosseContre les os d&rsquo;une maigreDans un&hellip;","og_url":"https:\/\/asimon.eu\/blog\/vieillir\/","og_site_name":"Cemondeblog","article_modified_time":"2020-06-17T17:13:25+00:00","twitter_card":"summary_large_image","twitter_site":"@olrik16","twitter_misc":{"Dur\u00e9e de lecture estim\u00e9e":"1 minute"},"schema":{"@context":"https:\/\/schema.org","@graph":[{"@type":"WebPage","@id":"https:\/\/asimon.eu\/blog\/vieillir\/","url":"https:\/\/asimon.eu\/blog\/vieillir\/","name":"Vieillir - Cemondeblog","isPartOf":{"@id":"https:\/\/asimon.eu\/blog\/#website"},"datePublished":"2016-01-30T20:16:58+00:00","dateModified":"2020-06-17T17:13:25+00:00","breadcrumb":{"@id":"https:\/\/asimon.eu\/blog\/vieillir\/#breadcrumb"},"inLanguage":"fr-FR","potentialAction":[{"@type":"ReadAction","target":["https:\/\/asimon.eu\/blog\/vieillir\/"]}]},{"@type":"BreadcrumbList","@id":"https:\/\/asimon.eu\/blog\/vieillir\/#breadcrumb","itemListElement":[{"@type":"ListItem","position":1,"name":"Accueil","item":"https:\/\/asimon.eu\/blog\/"},{"@type":"ListItem","position":2,"name":"Vieillir"}]},{"@type":"WebSite","@id":"https:\/\/asimon.eu\/blog\/#website","url":"https:\/\/asimon.eu\/blog\/","name":"Cemondeblog","description":"Ce monde o\u00f9 je vis, o\u00f9 nous vivons.","publisher":{"@id":"https:\/\/asimon.eu\/blog\/#\/schema\/person\/4aef5843155766a51be733fbdace4241"},"potentialAction":[{"@type":"SearchAction","target":{"@type":"EntryPoint","urlTemplate":"https:\/\/asimon.eu\/blog\/?s={search_term_string}"},"query-input":{"@type":"PropertyValueSpecification","valueRequired":true,"valueName":"search_term_string"}}],"inLanguage":"fr-FR"},{"@type":["Person","Organization"],"@id":"https:\/\/asimon.eu\/blog\/#\/schema\/person\/4aef5843155766a51be733fbdace4241","name":"Andr\u00e9","image":{"@type":"ImageObject","inLanguage":"fr-FR","@id":"https:\/\/i0.wp.com\/asimon.eu\/blog\/wp-content\/uploads\/2019\/12\/cropped-rancheria-14.png?fit=1597%2C422&ssl=1","url":"https:\/\/i0.wp.com\/asimon.eu\/blog\/wp-content\/uploads\/2019\/12\/cropped-rancheria-14.png?fit=1597%2C422&ssl=1","contentUrl":"https:\/\/i0.wp.com\/asimon.eu\/blog\/wp-content\/uploads\/2019\/12\/cropped-rancheria-14.png?fit=1597%2C422&ssl=1","width":1597,"height":422,"caption":"Andr\u00e9"},"logo":{"@id":"https:\/\/i0.wp.com\/asimon.eu\/blog\/wp-content\/uploads\/2019\/12\/cropped-rancheria-14.png?fit=1597%2C422&ssl=1"},"description":"Et la vie va ...","sameAs":["https:\/\/asimon.eu"]}]}},"uagb_featured_image_src":{"full":false,"thumbnail":false,"medium":false,"medium_large":false,"large":false,"gs-tiny":false,"xl":false,"xxl":false,"xxxl":false,"xxxxl":false,"xxxxxl":false,"1536x1536":false,"2048x2048":false,"mailpoet_newsletter_max":false},"uagb_author_info":{"display_name":"Andr\u00e9","author_link":"https:\/\/asimon.eu\/blog\/author\/andre\/"},"uagb_comment_info":0,"uagb_excerpt":"Mourir en rougissantSuivant la guerre qu&rsquo;il faitDu fait des AllemandsA cause des Anglais Mourir baiseur int\u00e8greEntre les seins d&rsquo;une grosseContre les os d&rsquo;une maigreDans un&hellip;","jetpack-related-posts":[{"id":2073,"url":"https:\/\/asimon.eu\/blog\/les-passantes-le-passanti\/","url_meta":{"origin":273567,"position":0},"title":"Les passantes &#8211; Le passanti","author":"Andr\u00e9","date":"9 avril 2016","format":false,"excerpt":"https:\/\/youtu.be\/OV5bI0tixYQ https:\/\/youtu.be\/AVN8mjhKdOY https:\/\/youtu.be\/yE3VZfGJTZc Les Passantes Je veux d\u00e9dier ce po\u00e8meA toutes les femmes qu'on aimePendant quelques instants secrets,A celles qu'on connait \u00e0 peine,Qu'un destin diff\u00e9rent entra\u00eeneEt qu'on ne retrouve jamais. A celle qu'on voit appara\u00eetreUne seconde \u00e0 sa fen\u00eatre,Et qui, preste, s'\u00e9vanouit,Mais dont la svelte silhouetteEst si gracieuse et fluetteQu'on\u2026","rel":"","context":"Dans \"avenir\"","block_context":{"text":"avenir","link":"https:\/\/asimon.eu\/blog\/tag\/avenir\/"},"img":{"alt_text":"","src":"https:\/\/i0.wp.com\/img.youtube.com\/vi\/OV5bI0tixYQ\/0.jpg?resize=350%2C200","width":350,"height":200},"classes":[]},{"id":240,"url":"https:\/\/asimon.eu\/blog\/imagine\/","url_meta":{"origin":273567,"position":1},"title":"Imagine.","author":"Andr\u00e9","date":"13 janvier 2016","format":false,"excerpt":"https:\/\/youtu.be\/VOgFZfRVaww Imagine there's no heaven, It's easy if you try, No hell below us, Above us only sky, Imagine all the people living for today... Imagine there's no countries, It isnt hard to do, Nothing to kill or die for, No religion too, Imagine all the people living life in\u2026","rel":"","context":"Dans \"Chanson\"","block_context":{"text":"Chanson","link":"https:\/\/asimon.eu\/blog\/tag\/chanson\/"},"img":{"alt_text":"","src":"https:\/\/i0.wp.com\/img.youtube.com\/vi\/VOgFZfRVaww\/0.jpg?resize=350%2C200","width":350,"height":200},"classes":[]},{"id":3568,"url":"https:\/\/asimon.eu\/blog\/la-quete\/","url_meta":{"origin":273567,"position":2},"title":"La Qu\u00eate","author":"Andr\u00e9","date":"20 janvier 2017","format":false,"excerpt":"https:\/\/youtu.be\/DCO7pCEdxTA?list=PLVUhqPbWyCOBTMdPKq32mGqBHiGt8hPGR R\u00eaver un impossible r\u00eavePorter le chagrin des d\u00e9partsBr\u00fbler d'une possible fi\u00e8vrePartir o\u00f9 personne ne part Aimer jusqu'\u00e0 la d\u00e9chirureAimer, m\u00eame trop, m\u00eame mal,Tenter, sans force et sans armure,D'atteindre l'inaccessible \u00e9toile Telle est ma qu\u00eate,Suivre l'\u00e9toilePeu m'importent mes chancesPeu m'importe le tempsOu ma d\u00e9sesp\u00e9ranceEt puis lutter toujoursSans questions ni reposSe\u2026","rel":"","context":"Dans \"Paroles\"","block_context":{"text":"Paroles","link":"https:\/\/asimon.eu\/blog\/tag\/paroles\/"},"img":{"alt_text":"","src":"https:\/\/i0.wp.com\/img.youtube.com\/vi\/PLVUhqPbWyCOBTMdPKq32mGqBHiGt8hPGR\/0.jpg?resize=350%2C200","width":350,"height":200},"classes":[]},{"id":3565,"url":"https:\/\/asimon.eu\/blog\/lhomme-de-la-mancha\/","url_meta":{"origin":273567,"position":3},"title":"L&rsquo;Homme de la Mancha","author":"Andr\u00e9","date":"20 janvier 2017","format":false,"excerpt":"https:\/\/youtu.be\/tv6P567IGas \u00c9coute-moiPauvre monde, insupportable mondeC'en est trop, tu es tomb\u00e9 trop basTu es trop gris, tu es trop laidAbominable monde, \u00e9coute-moiUn chevalier te d\u00e9fie. Oui c'est moi, Don QuichotteSeigneur de la ManchaPour toujours au service de l'honneurCar j'ai l'honneur d'\u00eatre moiDon Quichotte sans peurEt le vent de l'histoire chante en\u2026","rel":"","context":"Dans \"gris\"","block_context":{"text":"gris","link":"https:\/\/asimon.eu\/blog\/tag\/gris\/"},"img":{"alt_text":"","src":"https:\/\/i0.wp.com\/img.youtube.com\/vi\/tv6P567IGas\/0.jpg?resize=350%2C200","width":350,"height":200},"classes":[]},{"id":3059,"url":"https:\/\/asimon.eu\/blog\/un-jour-un-jour\/","url_meta":{"origin":273567,"position":4},"title":"Un jour, un jour","author":"Andr\u00e9","date":"16 novembre 2016","format":false,"excerpt":"https:\/\/youtu.be\/rvWu5cEIMg8 Tout ce que l'homme fut de grand et de sublimeSa protestation ses chants et ses h\u00e9rosAu dessus de ce corps et contre ses bourreauxA Grenade aujourd'hui surgit devant le crime Et cette bouche absente et Lorca qui s'est tuEmplissant tout \u00e0 coup l'univers de silenceContre les violents tourne la\u2026","rel":"","context":"Dans \"Aragon\"","block_context":{"text":"Aragon","link":"https:\/\/asimon.eu\/blog\/tag\/aragon\/"},"img":{"alt_text":"","src":"https:\/\/i0.wp.com\/img.youtube.com\/vi\/rvWu5cEIMg8\/0.jpg?resize=350%2C200","width":350,"height":200},"classes":[]},{"id":273566,"url":"https:\/\/asimon.eu\/blog\/te-quiero\/","url_meta":{"origin":273567,"position":5},"title":"Te quiero","author":"Andr\u00e9","date":"22 janvier 2016","format":false,"excerpt":"https:\/\/youtu.be\/q_JiHvs4dSM Tus manos son mi cariciamis acordes cotidianoste quiero porque tus manostrabajan por la justicia si te quiero es porque sosmi amor mi c\u00f3mplice y todoy en la calle codo a codosomos mucho m\u00e1s que dos tus ojos son mi conjurocontra la mala jornadate quiero por tu miradaque mira y\u2026","rel":"","context":"Dans \"Chanson\"","block_context":{"text":"Chanson","link":"https:\/\/asimon.eu\/blog\/tag\/chanson\/"},"img":{"alt_text":"","src":"https:\/\/i0.wp.com\/img.youtube.com\/vi\/q_JiHvs4dSM\/0.jpg?resize=350%2C200","width":350,"height":200},"classes":[]}],"jetpack_shortlink":"https:\/\/wp.me\/P9rk1P-19an","jetpack_sharing_enabled":true,"jetpack_likes_enabled":true,"_links":{"self":[{"href":"https:\/\/asimon.eu\/blog\/wp-json\/wp\/v2\/pages\/273567","targetHints":{"allow":["GET"]}}],"collection":[{"href":"https:\/\/asimon.eu\/blog\/wp-json\/wp\/v2\/pages"}],"about":[{"href":"https:\/\/asimon.eu\/blog\/wp-json\/wp\/v2\/types\/page"}],"author":[{"embeddable":true,"href":"https:\/\/asimon.eu\/blog\/wp-json\/wp\/v2\/users\/1"}],"replies":[{"embeddable":true,"href":"https:\/\/asimon.eu\/blog\/wp-json\/wp\/v2\/comments?post=273567"}],"version-history":[{"count":2,"href":"https:\/\/asimon.eu\/blog\/wp-json\/wp\/v2\/pages\/273567\/revisions"}],"predecessor-version":[{"id":476191,"href":"https:\/\/asimon.eu\/blog\/wp-json\/wp\/v2\/pages\/273567\/revisions\/476191"}],"wp:attachment":[{"href":"https:\/\/asimon.eu\/blog\/wp-json\/wp\/v2\/media?parent=273567"}],"curies":[{"name":"wp","href":"https:\/\/api.w.org\/{rel}","templated":true}]}}