{"id":3059,"date":"2016-11-16T19:12:24","date_gmt":"2016-11-16T18:12:24","guid":{"rendered":"https:\/\/cemondeblog.wordpress.com\/?page_id=3059"},"modified":"2020-12-05T15:05:25","modified_gmt":"2020-12-05T14:05:25","slug":"un-jour-un-jour","status":"publish","type":"page","link":"https:\/\/asimon.eu\/blog\/un-jour-un-jour\/","title":{"rendered":"Un jour, un jour"},"content":{"rendered":"\n<div class=\"wp-block-ugb-columns ugb-columns ugb-3ff2e15 ugb-columns--design-plain ugb-columns--columns-3 ugb-main-block\"><style>.ugb-3ff2e15 > .ugb-inner-block > .ugb-block-content > .ugb-columns__item{grid-template-columns:0.42fr 2.16fr 0.42fr !important}<\/style><div class=\"ugb-inner-block\"><div class=\"ugb-block-content\"><div class=\"ugb-columns__item ugb-3ff2e15-content-wrapper\">\n<div class=\"wp-block-ugb-column ugb-column ugb-e7b378f ugb-column--design-plain ugb-main-block\"><style>.ugb-e7b378f .ugb-inner-block{text-align:center}<\/style><div class=\"ugb-inner-block\"><div class=\"ugb-block-content\"><div class=\"ugb-column__item ugb-e7b378f-column-wrapper\"><div class=\"ugb-column__content-wrapper\"><\/div><\/div><\/div><\/div><\/div>\n\n\n\n<div class=\"wp-block-ugb-column ugb-column ugb-ff6f8b9 ugb-column--design-plain ugb-main-block\"><div class=\"ugb-inner-block\"><div class=\"ugb-block-content\"><div class=\"ugb-column__item ugb-ff6f8b9-column-wrapper\"><div class=\"ugb-column__content-wrapper\">\n\n\n<figure class=\"wp-block-embed-youtube wp-block-embed is-type-video is-provider-youtube wp-embed-aspect-4-3 wp-has-aspect-ratio\"><div class=\"wp-block-embed__wrapper\">\n<span class=\"embed-youtube\" style=\"text-align:center; display: block;\"><iframe loading=\"lazy\" class=\"youtube-player\" width=\"843\" height=\"475\" src=\"https:\/\/www.youtube.com\/embed\/rvWu5cEIMg8?version=3&#038;rel=1&#038;showsearch=0&#038;showinfo=1&#038;iv_load_policy=1&#038;fs=1&#038;hl=fr-FR&#038;autohide=2&#038;wmode=transparent\" allowfullscreen=\"true\" style=\"border:0;\" sandbox=\"allow-scripts allow-same-origin allow-popups allow-presentation allow-popups-to-escape-sandbox\"><\/iframe><\/span>\n<\/div><\/figure>\n<\/div><\/div><\/div><\/div><\/div>\n\n\n\n<div class=\"wp-block-ugb-column ugb-column ugb-0601a81 ugb-column--design-plain ugb-main-block\"><div class=\"ugb-inner-block\"><div class=\"ugb-block-content\"><div class=\"ugb-column__item ugb-0601a81-column-wrapper\"><div class=\"ugb-column__content-wrapper\"><\/div><\/div><\/div><\/div><\/div>\n<\/div><\/div><\/div><\/div>\n\n\n<p style=\"text-align: left; padding-left: 200px;\"><span lang=\"fre\">Tout ce que l&rsquo;homme fut de grand et de sublime<br>Sa protestation ses chants et ses h\u00e9ros<br>Au dessus de ce corps et contre ses bourreaux<br>A Grenade aujourd&rsquo;hui surgit devant le crime<\/span><\/p>\n<p style=\"padding-left: 200px;\">Et cette bouche absente et Lorca qui s&rsquo;est tu<br>Emplissant tout \u00e0 coup l&rsquo;univers de silence<br>Contre les violents tourne la violence<br>Dieu le fracas que fait un po\u00e8te qu&rsquo;on tue<\/p>\n<p style=\"padding-left: 200px;\">Un jour pourtant un jour viendra couleur d&rsquo;orange<br>Un jour de palme un jour de feuillages au front<br>Un jour d&rsquo;\u00e9paule nue o\u00f9 les gens s&rsquo;aimeront<br>Un jour comme un oiseau sur la plus haute branche<\/p>\n<p style=\"padding-left: 200px;\">Ah je d\u00e9sesp\u00e9rais de mes fr\u00e8res sauvages<br>Je voyais je voyais l&rsquo;avenir \u00e0 genoux<br>La B\u00eate triomphante et la pierre sur nous<br>Et le feu des soldats port\u00e9 sur nos rivages<\/p>\n<p style=\"padding-left: 200px;\">Quoi toujours ce serait par atroce march\u00e9<br>Un partage incessant que se font de la terre<br>Entre eux ces assassins que craignent les panth\u00e8res<br>Et dont tremble un poignard quand leur main l&rsquo;a touch\u00e9<\/p>\n<p style=\"padding-left: 200px;\">Un jour pourtant un jour viendra couleur d&rsquo;orange<br>Un jour de palme un jour de feuillages au front<br>Un jour d&rsquo;\u00e9paule nue o\u00f9 les gens s&rsquo;aimeront<br>Un jour comme un oiseau sur la plus haute branche<\/p>\n<p style=\"padding-left: 200px;\">Quoi toujours ce serait la guerre la querelle<br>Des mani\u00e8res de rois et des fronts prostern\u00e9s<br>Et l&rsquo;enfant de la femme inutilement n\u00e9<br>Les bl\u00e9s d\u00e9chiquet\u00e9s toujours des sauterelles<\/p>\n<p style=\"padding-left: 200px;\">Quoi les bagnes toujours et la chair sous la roue<br>Le massacre toujours justifi\u00e9 d&rsquo;idoles<br>Aux cadavres jet\u00e9 ce manteau de paroles<br>Le b\u00e2illon pour la bouche et pour la main le clou<\/p>\n<p style=\"padding-left: 200px;\">Un jour pourtant un jour viendra couleur d&rsquo;orange<br>Un jour de palme un jour de feuillages au front<br>Un jour d&rsquo;\u00e9paule nue o\u00f9 les gens s&rsquo;aimeront<br>Un jour comme un oiseau sur la plus haute branche<\/p>\n<p style=\"text-align: center; padding-left: 200px;\"><em>Paroles de Louis Aragon<\/em><br><em>Musique de Jean Ferrat<\/em><\/p>","protected":false},"excerpt":{"rendered":"<p>Tout ce que l&rsquo;homme fut de grand et de sublimeSa protestation ses chants et ses h\u00e9rosAu dessus de ce corps et contre ses bourreauxA Grenade&hellip;<\/p>\n","protected":false},"author":1,"featured_media":0,"parent":0,"menu_order":0,"comment_status":"closed","ping_status":"closed","template":"","meta":{"_uag_custom_page_level_css":"","_lmt_disableupdate":"no","_lmt_disable":"","h5ap_radio_sources":[],"jetpack_post_was_ever_published":false,"footnotes":""},"class_list":["post-3059","page","type-page","status-publish","hentry"],"featured_image_urls_v2":{"full":"","thumbnail":"","medium":"","medium_large":"","large":"","gs-tiny":"","xl":"","xxl":"","xxxl":"","xxxxl":"","xxxxxl":"","1536x1536":"","2048x2048":"","mailpoet_newsletter_max":""},"post_excerpt_stackable_v2":"<p>Tout ce que l&rsquo;homme fut de grand et de sublimeSa protestation ses chants et ses h\u00e9rosAu dessus de ce corps et contre ses bourreauxA Grenade aujourd&rsquo;hui surgit devant le crime Et cette bouche absente et Lorca qui s&rsquo;est tuEmplissant tout \u00e0 coup l&rsquo;univers de silenceContre les violents tourne la violenceDieu le fracas que fait un po\u00e8te qu&rsquo;on tue Un jour pourtant un jour viendra couleur d&rsquo;orangeUn jour de palme un jour de feuillages au frontUn jour d&rsquo;\u00e9paule nue o\u00f9 les gens s&rsquo;aimerontUn jour comme un oiseau sur la plus haute branche Ah je d\u00e9sesp\u00e9rais de mes fr\u00e8res sauvagesJe voyais je\u2026<\/p>\n","category_list_v2":"","author_info_v2":{"name":"Andr\u00e9","url":"https:\/\/asimon.eu\/blog\/author\/andre\/"},"comments_num_v2":"0 commentaire","yoast_head":"<!-- This site is optimized with the Yoast SEO plugin v27.4 - https:\/\/yoast.com\/product\/yoast-seo-wordpress\/ -->\n<title>Un jour, un jour - Cemondeblog<\/title>\n<meta name=\"robots\" content=\"index, follow, max-snippet:-1, max-image-preview:large, max-video-preview:-1\" \/>\n<link rel=\"canonical\" href=\"https:\/\/asimon.eu\/blog\/un-jour-un-jour\/\" \/>\n<meta property=\"og:locale\" content=\"fr_FR\" \/>\n<meta property=\"og:type\" content=\"article\" \/>\n<meta property=\"og:title\" content=\"Un jour, un jour - Cemondeblog\" \/>\n<meta property=\"og:description\" content=\"Tout ce que l&rsquo;homme fut de grand et de sublimeSa protestation ses chants et ses h\u00e9rosAu dessus de ce corps et contre ses bourreauxA Grenade&hellip;\" \/>\n<meta property=\"og:url\" content=\"https:\/\/asimon.eu\/blog\/un-jour-un-jour\/\" \/>\n<meta property=\"og:site_name\" content=\"Cemondeblog\" \/>\n<meta property=\"article:modified_time\" content=\"2020-12-05T14:05:25+00:00\" \/>\n<meta name=\"twitter:card\" content=\"summary_large_image\" \/>\n<meta name=\"twitter:site\" content=\"@olrik16\" \/>\n<meta name=\"twitter:label1\" content=\"Dur\u00e9e de lecture estim\u00e9e\" \/>\n\t<meta name=\"twitter:data1\" content=\"2 minutes\" \/>\n<script type=\"application\/ld+json\" class=\"yoast-schema-graph\">{\"@context\":\"https:\\\/\\\/schema.org\",\"@graph\":[{\"@type\":\"WebPage\",\"@id\":\"https:\\\/\\\/asimon.eu\\\/blog\\\/un-jour-un-jour\\\/\",\"url\":\"https:\\\/\\\/asimon.eu\\\/blog\\\/un-jour-un-jour\\\/\",\"name\":\"Un jour, un jour - Cemondeblog\",\"isPartOf\":{\"@id\":\"https:\\\/\\\/asimon.eu\\\/blog\\\/#website\"},\"datePublished\":\"2016-11-16T18:12:24+00:00\",\"dateModified\":\"2020-12-05T14:05:25+00:00\",\"breadcrumb\":{\"@id\":\"https:\\\/\\\/asimon.eu\\\/blog\\\/un-jour-un-jour\\\/#breadcrumb\"},\"inLanguage\":\"fr-FR\",\"potentialAction\":[{\"@type\":\"ReadAction\",\"target\":[\"https:\\\/\\\/asimon.eu\\\/blog\\\/un-jour-un-jour\\\/\"]}]},{\"@type\":\"BreadcrumbList\",\"@id\":\"https:\\\/\\\/asimon.eu\\\/blog\\\/un-jour-un-jour\\\/#breadcrumb\",\"itemListElement\":[{\"@type\":\"ListItem\",\"position\":1,\"name\":\"Accueil\",\"item\":\"https:\\\/\\\/asimon.eu\\\/blog\\\/\"},{\"@type\":\"ListItem\",\"position\":2,\"name\":\"Un jour, un jour\"}]},{\"@type\":\"WebSite\",\"@id\":\"https:\\\/\\\/asimon.eu\\\/blog\\\/#website\",\"url\":\"https:\\\/\\\/asimon.eu\\\/blog\\\/\",\"name\":\"Cemondeblog\",\"description\":\"Ce monde o\u00f9 je vis, o\u00f9 nous vivons.\",\"publisher\":{\"@id\":\"https:\\\/\\\/asimon.eu\\\/blog\\\/#\\\/schema\\\/person\\\/4aef5843155766a51be733fbdace4241\"},\"potentialAction\":[{\"@type\":\"SearchAction\",\"target\":{\"@type\":\"EntryPoint\",\"urlTemplate\":\"https:\\\/\\\/asimon.eu\\\/blog\\\/?s={search_term_string}\"},\"query-input\":{\"@type\":\"PropertyValueSpecification\",\"valueRequired\":true,\"valueName\":\"search_term_string\"}}],\"inLanguage\":\"fr-FR\"},{\"@type\":[\"Person\",\"Organization\"],\"@id\":\"https:\\\/\\\/asimon.eu\\\/blog\\\/#\\\/schema\\\/person\\\/4aef5843155766a51be733fbdace4241\",\"name\":\"Andr\u00e9\",\"image\":{\"@type\":\"ImageObject\",\"inLanguage\":\"fr-FR\",\"@id\":\"https:\\\/\\\/i0.wp.com\\\/asimon.eu\\\/blog\\\/wp-content\\\/uploads\\\/2019\\\/12\\\/cropped-rancheria-14.png?fit=1597%2C422&ssl=1\",\"url\":\"https:\\\/\\\/i0.wp.com\\\/asimon.eu\\\/blog\\\/wp-content\\\/uploads\\\/2019\\\/12\\\/cropped-rancheria-14.png?fit=1597%2C422&ssl=1\",\"contentUrl\":\"https:\\\/\\\/i0.wp.com\\\/asimon.eu\\\/blog\\\/wp-content\\\/uploads\\\/2019\\\/12\\\/cropped-rancheria-14.png?fit=1597%2C422&ssl=1\",\"width\":1597,\"height\":422,\"caption\":\"Andr\u00e9\"},\"logo\":{\"@id\":\"https:\\\/\\\/i0.wp.com\\\/asimon.eu\\\/blog\\\/wp-content\\\/uploads\\\/2019\\\/12\\\/cropped-rancheria-14.png?fit=1597%2C422&ssl=1\"},\"description\":\"Et la vie va ...\",\"sameAs\":[\"https:\\\/\\\/asimon.eu\"]}]}<\/script>\n<!-- \/ Yoast SEO plugin. -->","yoast_head_json":{"title":"Un jour, un jour - Cemondeblog","robots":{"index":"index","follow":"follow","max-snippet":"max-snippet:-1","max-image-preview":"max-image-preview:large","max-video-preview":"max-video-preview:-1"},"canonical":"https:\/\/asimon.eu\/blog\/un-jour-un-jour\/","og_locale":"fr_FR","og_type":"article","og_title":"Un jour, un jour - Cemondeblog","og_description":"Tout ce que l&rsquo;homme fut de grand et de sublimeSa protestation ses chants et ses h\u00e9rosAu dessus de ce corps et contre ses bourreauxA Grenade&hellip;","og_url":"https:\/\/asimon.eu\/blog\/un-jour-un-jour\/","og_site_name":"Cemondeblog","article_modified_time":"2020-12-05T14:05:25+00:00","twitter_card":"summary_large_image","twitter_site":"@olrik16","twitter_misc":{"Dur\u00e9e de lecture estim\u00e9e":"2 minutes"},"schema":{"@context":"https:\/\/schema.org","@graph":[{"@type":"WebPage","@id":"https:\/\/asimon.eu\/blog\/un-jour-un-jour\/","url":"https:\/\/asimon.eu\/blog\/un-jour-un-jour\/","name":"Un jour, un jour - Cemondeblog","isPartOf":{"@id":"https:\/\/asimon.eu\/blog\/#website"},"datePublished":"2016-11-16T18:12:24+00:00","dateModified":"2020-12-05T14:05:25+00:00","breadcrumb":{"@id":"https:\/\/asimon.eu\/blog\/un-jour-un-jour\/#breadcrumb"},"inLanguage":"fr-FR","potentialAction":[{"@type":"ReadAction","target":["https:\/\/asimon.eu\/blog\/un-jour-un-jour\/"]}]},{"@type":"BreadcrumbList","@id":"https:\/\/asimon.eu\/blog\/un-jour-un-jour\/#breadcrumb","itemListElement":[{"@type":"ListItem","position":1,"name":"Accueil","item":"https:\/\/asimon.eu\/blog\/"},{"@type":"ListItem","position":2,"name":"Un jour, un jour"}]},{"@type":"WebSite","@id":"https:\/\/asimon.eu\/blog\/#website","url":"https:\/\/asimon.eu\/blog\/","name":"Cemondeblog","description":"Ce monde o\u00f9 je vis, o\u00f9 nous vivons.","publisher":{"@id":"https:\/\/asimon.eu\/blog\/#\/schema\/person\/4aef5843155766a51be733fbdace4241"},"potentialAction":[{"@type":"SearchAction","target":{"@type":"EntryPoint","urlTemplate":"https:\/\/asimon.eu\/blog\/?s={search_term_string}"},"query-input":{"@type":"PropertyValueSpecification","valueRequired":true,"valueName":"search_term_string"}}],"inLanguage":"fr-FR"},{"@type":["Person","Organization"],"@id":"https:\/\/asimon.eu\/blog\/#\/schema\/person\/4aef5843155766a51be733fbdace4241","name":"Andr\u00e9","image":{"@type":"ImageObject","inLanguage":"fr-FR","@id":"https:\/\/i0.wp.com\/asimon.eu\/blog\/wp-content\/uploads\/2019\/12\/cropped-rancheria-14.png?fit=1597%2C422&ssl=1","url":"https:\/\/i0.wp.com\/asimon.eu\/blog\/wp-content\/uploads\/2019\/12\/cropped-rancheria-14.png?fit=1597%2C422&ssl=1","contentUrl":"https:\/\/i0.wp.com\/asimon.eu\/blog\/wp-content\/uploads\/2019\/12\/cropped-rancheria-14.png?fit=1597%2C422&ssl=1","width":1597,"height":422,"caption":"Andr\u00e9"},"logo":{"@id":"https:\/\/i0.wp.com\/asimon.eu\/blog\/wp-content\/uploads\/2019\/12\/cropped-rancheria-14.png?fit=1597%2C422&ssl=1"},"description":"Et la vie va ...","sameAs":["https:\/\/asimon.eu"]}]}},"uagb_featured_image_src":{"full":false,"thumbnail":false,"medium":false,"medium_large":false,"large":false,"gs-tiny":false,"xl":false,"xxl":false,"xxxl":false,"xxxxl":false,"xxxxxl":false,"1536x1536":false,"2048x2048":false,"mailpoet_newsletter_max":false},"uagb_author_info":{"display_name":"Andr\u00e9","author_link":"https:\/\/asimon.eu\/blog\/author\/andre\/"},"uagb_comment_info":0,"uagb_excerpt":"Tout ce que l&rsquo;homme fut de grand et de sublimeSa protestation ses chants et ses h\u00e9rosAu dessus de ce corps et contre ses bourreauxA Grenade&hellip;","jetpack-related-posts":[{"id":2743,"url":"https:\/\/asimon.eu\/blog\/je-me-suis-souvent-demande\/","url_meta":{"origin":3059,"position":0},"title":"Je me suis souvent demand\u00e9.","author":"Andr\u00e9","date":"1 juin 2016","format":false,"excerpt":"https:\/\/youtu.be\/BFRRCwJ16Ac Je me suis souvent demand\u00e9 Comment il se fait qu'un ma\u00e7on N'a presque jamais sa maison Je me suis souvent demand\u00e9 Pourquoi les noirs eux n'avaient pas Comme les blancs les m\u00eames droits Je me suis souvent demand\u00e9 Pourquoi les petits chiens pel\u00e9s Un peu partout \u00e9taient trait\u00e9s A\u2026","rel":"","context":"Dans \"amour\"","block_context":{"text":"amour","link":"https:\/\/asimon.eu\/blog\/tag\/amour\/"},"img":{"alt_text":"","src":"https:\/\/i0.wp.com\/img.youtube.com\/vi\/BFRRCwJ16Ac\/0.jpg?resize=350%2C200","width":350,"height":200},"classes":[]},{"id":240,"url":"https:\/\/asimon.eu\/blog\/imagine\/","url_meta":{"origin":3059,"position":1},"title":"Imagine.","author":"Andr\u00e9","date":"13 janvier 2016","format":false,"excerpt":"https:\/\/youtu.be\/VOgFZfRVaww Imagine there's no heaven, It's easy if you try, No hell below us, Above us only sky, Imagine all the people living for today... Imagine there's no countries, It isnt hard to do, Nothing to kill or die for, No religion too, Imagine all the people living life in\u2026","rel":"","context":"Dans \"Chanson\"","block_context":{"text":"Chanson","link":"https:\/\/asimon.eu\/blog\/tag\/chanson\/"},"img":{"alt_text":"","src":"https:\/\/i0.wp.com\/img.youtube.com\/vi\/VOgFZfRVaww\/0.jpg?resize=350%2C200","width":350,"height":200},"classes":[]},{"id":3568,"url":"https:\/\/asimon.eu\/blog\/la-quete\/","url_meta":{"origin":3059,"position":2},"title":"La Qu\u00eate","author":"Andr\u00e9","date":"20 janvier 2017","format":false,"excerpt":"https:\/\/youtu.be\/DCO7pCEdxTA?list=PLVUhqPbWyCOBTMdPKq32mGqBHiGt8hPGR R\u00eaver un impossible r\u00eavePorter le chagrin des d\u00e9partsBr\u00fbler d'une possible fi\u00e8vrePartir o\u00f9 personne ne part Aimer jusqu'\u00e0 la d\u00e9chirureAimer, m\u00eame trop, m\u00eame mal,Tenter, sans force et sans armure,D'atteindre l'inaccessible \u00e9toile Telle est ma qu\u00eate,Suivre l'\u00e9toilePeu m'importent mes chancesPeu m'importe le tempsOu ma d\u00e9sesp\u00e9ranceEt puis lutter toujoursSans questions ni reposSe\u2026","rel":"","context":"Dans \"Paroles\"","block_context":{"text":"Paroles","link":"https:\/\/asimon.eu\/blog\/tag\/paroles\/"},"img":{"alt_text":"","src":"https:\/\/i0.wp.com\/img.youtube.com\/vi\/PLVUhqPbWyCOBTMdPKq32mGqBHiGt8hPGR\/0.jpg?resize=350%2C200","width":350,"height":200},"classes":[]},{"id":3565,"url":"https:\/\/asimon.eu\/blog\/lhomme-de-la-mancha\/","url_meta":{"origin":3059,"position":3},"title":"L&rsquo;Homme de la Mancha","author":"Andr\u00e9","date":"20 janvier 2017","format":false,"excerpt":"https:\/\/youtu.be\/tv6P567IGas \u00c9coute-moiPauvre monde, insupportable mondeC'en est trop, tu es tomb\u00e9 trop basTu es trop gris, tu es trop laidAbominable monde, \u00e9coute-moiUn chevalier te d\u00e9fie. Oui c'est moi, Don QuichotteSeigneur de la ManchaPour toujours au service de l'honneurCar j'ai l'honneur d'\u00eatre moiDon Quichotte sans peurEt le vent de l'histoire chante en\u2026","rel":"","context":"Dans \"gris\"","block_context":{"text":"gris","link":"https:\/\/asimon.eu\/blog\/tag\/gris\/"},"img":{"alt_text":"","src":"https:\/\/i0.wp.com\/img.youtube.com\/vi\/tv6P567IGas\/0.jpg?resize=350%2C200","width":350,"height":200},"classes":[]},{"id":273566,"url":"https:\/\/asimon.eu\/blog\/te-quiero\/","url_meta":{"origin":3059,"position":4},"title":"Te quiero","author":"Andr\u00e9","date":"22 janvier 2016","format":false,"excerpt":"https:\/\/youtu.be\/q_JiHvs4dSM Tus manos son mi cariciamis acordes cotidianoste quiero porque tus manostrabajan por la justicia si te quiero es porque sosmi amor mi c\u00f3mplice y todoy en la calle codo a codosomos mucho m\u00e1s que dos tus ojos son mi conjurocontra la mala jornadate quiero por tu miradaque mira y\u2026","rel":"","context":"Dans \"Chanson\"","block_context":{"text":"Chanson","link":"https:\/\/asimon.eu\/blog\/tag\/chanson\/"},"img":{"alt_text":"","src":"https:\/\/i0.wp.com\/img.youtube.com\/vi\/q_JiHvs4dSM\/0.jpg?resize=350%2C200","width":350,"height":200},"classes":[]},{"id":273564,"url":"https:\/\/asimon.eu\/blog\/quand-les-hommes-vivront-damour\/","url_meta":{"origin":3059,"position":5},"title":"Quand les hommes vivront d&rsquo;amour.","author":"Andr\u00e9","date":"13 janvier 2016","format":false,"excerpt":"https:\/\/youtu.be\/EspK03oWGN0 Quand les hommes vivront d'amourIl n'y aura plus de mis\u00e8reEt commenceront les beaux joursMais nous nous serons morts mon fr\u00e8reQuand les hommes vivront d'amourCe sera la paix sur la terreLes soldats seront troubadoursMais nous nous serons morts mon fr\u00e8re Dans la grand' cha\u00eene de la vieO\u00f9 il fallait que\u2026","rel":"","context":"Dans \"amour\"","block_context":{"text":"amour","link":"https:\/\/asimon.eu\/blog\/tag\/amour\/"},"img":{"alt_text":"","src":"https:\/\/i0.wp.com\/img.youtube.com\/vi\/EspK03oWGN0\/0.jpg?resize=350%2C200","width":350,"height":200},"classes":[]}],"jetpack_shortlink":"https:\/\/wp.me\/P9rk1P-Nl","jetpack_sharing_enabled":true,"jetpack_likes_enabled":true,"_links":{"self":[{"href":"https:\/\/asimon.eu\/blog\/wp-json\/wp\/v2\/pages\/3059","targetHints":{"allow":["GET"]}}],"collection":[{"href":"https:\/\/asimon.eu\/blog\/wp-json\/wp\/v2\/pages"}],"about":[{"href":"https:\/\/asimon.eu\/blog\/wp-json\/wp\/v2\/types\/page"}],"author":[{"embeddable":true,"href":"https:\/\/asimon.eu\/blog\/wp-json\/wp\/v2\/users\/1"}],"replies":[{"embeddable":true,"href":"https:\/\/asimon.eu\/blog\/wp-json\/wp\/v2\/comments?post=3059"}],"version-history":[{"count":6,"href":"https:\/\/asimon.eu\/blog\/wp-json\/wp\/v2\/pages\/3059\/revisions"}],"predecessor-version":[{"id":476694,"href":"https:\/\/asimon.eu\/blog\/wp-json\/wp\/v2\/pages\/3059\/revisions\/476694"}],"wp:attachment":[{"href":"https:\/\/asimon.eu\/blog\/wp-json\/wp\/v2\/media?parent=3059"}],"curies":[{"name":"wp","href":"https:\/\/api.w.org\/{rel}","templated":true}]}}