{"id":3545,"date":"2016-12-30T16:17:48","date_gmt":"2016-12-30T15:17:48","guid":{"rendered":"http:\/\/asimon.esy.es\/blog\/?page_id=3545"},"modified":"2020-06-12T19:18:24","modified_gmt":"2020-06-12T17:18:24","slug":"cest-quand-quon-va-ou","status":"publish","type":"page","link":"https:\/\/asimon.eu\/blog\/cest-quand-quon-va-ou\/","title":{"rendered":"C&rsquo;est quand qu&rsquo;on va o\u00f9 ?"},"content":{"rendered":"\n<div class=\"wp-block-ugb-columns ugb-columns ugb-4a41338 ugb-columns--design-plain ugb-columns--columns-3 ugb-main-block\" id=\"\"><style>.ugb-4a41338 > .ugb-inner-block > .ugb-block-content > .ugb-columns__item{grid-template-columns:0.42fr 2.16fr 0.42fr !important}<\/style><div class=\"ugb-inner-block\"><div class=\"ugb-block-content\"><div class=\"ugb-columns__item ugb-4a41338-content-wrapper\">\n<div class=\"wp-block-ugb-column ugb-column ugb-a5a9ca9 ugb-column--design-plain ugb-main-block\" id=\"\"><div class=\"ugb-inner-block\"><div class=\"ugb-block-content\"><div class=\"ugb-column__item ugb-a5a9ca9-column-wrapper\"><div class=\"ugb-column__content-wrapper\"><\/div><\/div><\/div><\/div><\/div>\n\n\n\n<div class=\"wp-block-ugb-column ugb-column ugb-119b689 ugb-column--design-plain ugb-main-block\" id=\"\"><div class=\"ugb-inner-block\"><div class=\"ugb-block-content\"><div class=\"ugb-column__item ugb-119b689-column-wrapper\"><div class=\"ugb-column__content-wrapper\">\n<figure class=\"wp-block-embed-youtube wp-block-embed is-type-video is-provider-youtube wp-embed-aspect-4-3 wp-has-aspect-ratio\"><div class=\"wp-block-embed__wrapper\">\n<span class=\"embed-youtube\" style=\"text-align:center; display: block;\"><iframe loading=\"lazy\" class=\"youtube-player\" width=\"843\" height=\"475\" src=\"https:\/\/www.youtube.com\/embed\/aRF--8Ij9Ec?version=3&#038;rel=1&#038;showsearch=0&#038;showinfo=1&#038;iv_load_policy=1&#038;fs=1&#038;hl=fr-FR&#038;autohide=2&#038;wmode=transparent\" allowfullscreen=\"true\" style=\"border:0;\" sandbox=\"allow-scripts allow-same-origin allow-popups allow-presentation allow-popups-to-escape-sandbox\"><\/iframe><\/span>\n<\/div><\/figure>\n<\/div><\/div><\/div><\/div><\/div>\n\n\n\n<div class=\"wp-block-ugb-column ugb-column ugb-9855a63 ugb-column--design-plain ugb-main-block\" id=\"\"><div class=\"ugb-inner-block\"><div class=\"ugb-block-content\"><div class=\"ugb-column__item ugb-9855a63-column-wrapper\"><div class=\"ugb-column__content-wrapper\"><\/div><\/div><\/div><\/div><\/div>\n<\/div><\/div><\/div><\/div>\n\n\n<div class=\"pw-hidden-cp\" style=\"text-align: left;\">\n<div class=\"song-text\" style=\"padding-left: 210px;\"><em>J&rsquo;me suis chop\u00e9 cinq cent lignes : <\/em><br><em> \u00ab\u00a0Je n&rsquo;dois pas parler en classe\u00a0\u00bb <\/em><br><em> Ras l&rsquo;bol de la discipline ! <\/em><br><em> Y&rsquo;en a marre, c&rsquo;est digoulasse ! <\/em><br><em> C&rsquo;est m\u00eame pas moi qui parlais, <\/em><br><em> Moi j&rsquo;r\u00e9pondais \u00e0 Arthur <\/em><br><em> Qui me demandait, en anglais, <\/em><br><em> Comment s&rsquo;\u00e9crit No Future <\/em><em> Si on est puni pour \u00e7a <\/em><br><em> Alors j&rsquo;dis \u00ab\u00a0Halte \u00e0 tout !\u00a0\u00bb <\/em><br><em> Explique-moi, Papa, <\/em><br><em> C&rsquo;est quand qu&rsquo;on va o\u00f9 ? <\/em><em> C&rsquo;est quand m\u00eame un peu gal\u00e8re <\/em><br><em> D&rsquo;aller chaque jour au chagrin <\/em><br><em> Quand t&rsquo;as tell&rsquo;ment d&rsquo;gens sur Terre <\/em><br><em> Qui vont pointer chez \u00ab\u00a0fout-rien\u00a0\u00bb <\/em><br><em> &lsquo;Vec les d&rsquo;voirs \u00e0 la maison <\/em><br><em> J&rsquo;fais ma s&rsquo;maine de soixante heures,&nbsp; <\/em><p><\/p>\n<\/div>\n<div class=\"song-text\" style=\"padding-left: 210px;\"><em> Non seul&rsquo;ment pour pas un rond, <\/em><br><em> Mais en plus pour finir ch\u00f4meur ! <\/em><em> Veulent me gaver comme une oie <\/em><br><em> Avec des mati\u00e8res indigestes, <\/em><br><em> J&rsquo;aurai oubli\u00e9 tout \u00e7a <\/em><br><em> Quand j&rsquo;aurai appris tout l&rsquo;reste, <\/em><br><em> Soul\u00e8ve un peu mon cartable, <\/em><br><em> L&rsquo;est lourd comme un cheval mort, <\/em><br><em> Dix kilos d&rsquo;indispensables <\/em><br><em> Th\u00e9or\u00e8mes de Pytahgore ! <\/em><em> Si j&rsquo;dois m&rsquo;avaler tout \u00e7a <\/em><br><em> Alors j&rsquo;dis \u00ab\u00a0Halte \u00e0 tout !\u00a0\u00bb <\/em><br><em> Explique-moi, Papa <\/em><br><em> C&rsquo;est quand qu&rsquo;on va o\u00f9 ? <\/em><p><\/p>\n<p><em> L&rsquo;essentiel \u00e0 nous apprendre <\/em><br><em> C&rsquo;est l&rsquo;amour des livres qui fait <\/em><\/p>\n<p><em> Qu&rsquo;tu peux voyager d&rsquo;ta chambre <\/em><br><em> Autour de l&rsquo;humanit\u00e9, <\/em><br><em> C&rsquo;est l&rsquo;amour de ton prochain, <\/em><br><em> M\u00eame si c&rsquo;est un beau salaud, <\/em><br><em> La haine \u00e7a n&rsquo;apporte rien, <\/em><br><em> Puis elle viendra bien assez t\u00f4t <\/em><\/p>\n<p><em> Si on nous apprend pas \u00e7a <\/em><br><em> Alors j&rsquo;dis \u00ab\u00a0Halte \u00e0 tout !\u00a0\u00bb <\/em><br><em> Explique-moi, Papa <\/em><br><em> C&rsquo;est quand qu&rsquo;on va o\u00f9 ? <\/em><\/p>\n<p><em> Quand j&rsquo;s&rsquo;rai grande <\/em><br><em> j&rsquo;veux \u00eatre heureuse, <\/em><br><em> Savoir dessiner un peu, <\/em><br><em> Savoir m&rsquo;servir d&rsquo;une perceuse, <\/em><br><em> Savoir allumer un feu, <\/em><br><em> Jouer peut-\u00eatre du violoncelle, <\/em><br><em> Avoir une belle \u00e9criture, <\/em><br><em> Pour \u00e9crire des mots rebelles <\/em><br><em> \u00c0 faire tomber tous les murs ! <\/em><\/p>\n<p><em> Si l&rsquo;\u00e9cole permet pas \u00e7a <\/em><br><em> Alors j&rsquo;dis \u00ab\u00a0Halte \u00e0 tout !\u00a0\u00bb <\/em><br><em> Explique-moi, Papa <\/em><br><em> C&rsquo;est quand qu&rsquo;on va o\u00f9 ? <\/em><\/p>\n<p><em> Tu dis que si les \u00e9lections <\/em><br><em> \u00c7a changeait vraiment la vie, <\/em><br><em> Y&rsquo;a un bout d&rsquo;temps, mon colon, <\/em><br><em> Qu&rsquo;voter \u00e7a s&rsquo;rait interdit ! <\/em><br><em> Ben si l&rsquo;\u00e9cole \u00e7a rendait <\/em><br><em> Les hommes libres et \u00e9gaux, <\/em><br><em> L&rsquo;gouvernement d\u00e9cid&rsquo;rait <\/em><br><em> Qu&rsquo;c&rsquo;est pas bon pour les marmots ! <\/em><\/p>\n<p><em> Si tu penses un peu comme moi <\/em><br><em> Alors dis \u00ab\u00a0Halte \u00e0 tout !\u00a0\u00bb <\/em><br><em> Et maintenant, Papa <\/em><br><em> C&rsquo;est quand qu&rsquo;on va o\u00f9 ? <\/em><\/p>\n<p><em> Et Si tu penses un peu comme moi <\/em><br><em> Alors dis \u00ab\u00a0Halte \u00e0 tout !\u00a0\u00bb <\/em><br><em> Et maintenant, Papa <\/em><br><em> C&rsquo;est quand qu&rsquo;on va o\u00f9 ? <\/em><\/p>\n<p><em> C&rsquo;est quand qu&rsquo;on va o\u00f9 ?<\/em><\/p>\n<\/div>\n<\/div>\n<div class=\"pw-hidden-cp\" style=\"text-align: center;\">Renaud<\/div>","protected":false},"excerpt":{"rendered":"<p>J&rsquo;me suis chop\u00e9 cinq cent lignes : \u00ab\u00a0Je n&rsquo;dois pas parler en classe\u00a0\u00bb Ras l&rsquo;bol de la discipline ! Y&rsquo;en a marre, c&rsquo;est digoulasse !&hellip;<\/p>\n","protected":false},"author":1,"featured_media":0,"parent":0,"menu_order":0,"comment_status":"closed","ping_status":"closed","template":"","meta":{"_uag_custom_page_level_css":"","_lmt_disableupdate":"no","_lmt_disable":"","h5ap_radio_sources":[],"jetpack_post_was_ever_published":false,"footnotes":""},"class_list":["post-3545","page","type-page","status-publish","hentry"],"featured_image_urls_v2":{"full":"","thumbnail":"","medium":"","medium_large":"","large":"","gs-tiny":"","xl":"","xxl":"","xxxl":"","xxxxl":"","xxxxxl":"","1536x1536":"","2048x2048":"","mailpoet_newsletter_max":""},"post_excerpt_stackable_v2":"<p>J&rsquo;me suis chop\u00e9 cinq cent lignes : \u00ab\u00a0Je n&rsquo;dois pas parler en classe\u00a0\u00bb Ras l&rsquo;bol de la discipline ! Y&rsquo;en a marre, c&rsquo;est digoulasse ! C&rsquo;est m\u00eame pas moi qui parlais, Moi j&rsquo;r\u00e9pondais \u00e0 Arthur Qui me demandait, en anglais, Comment s&rsquo;\u00e9crit No Future Si on est puni pour \u00e7a Alors j&rsquo;dis \u00ab\u00a0Halte \u00e0 tout !\u00a0\u00bb Explique-moi, Papa, C&rsquo;est quand qu&rsquo;on va o\u00f9 ? C&rsquo;est quand m\u00eame un peu gal\u00e8re D&rsquo;aller chaque jour au chagrin Quand t&rsquo;as tell&rsquo;ment d&rsquo;gens sur Terre Qui vont pointer chez \u00ab\u00a0fout-rien\u00a0\u00bb &lsquo;Vec les d&rsquo;voirs \u00e0 la maison J&rsquo;fais ma s&rsquo;maine de soixante heures,&nbsp; Non seul&rsquo;ment\u2026<\/p>\n","category_list_v2":"","author_info_v2":{"name":"Andr\u00e9","url":"https:\/\/asimon.eu\/blog\/author\/andre\/"},"comments_num_v2":"0 commentaire","yoast_head":"<!-- This site is optimized with the Yoast SEO plugin v27.3 - https:\/\/yoast.com\/product\/yoast-seo-wordpress\/ -->\n<title>C&#039;est quand qu&#039;on va o\u00f9 ? - Cemondeblog<\/title>\n<meta name=\"robots\" content=\"index, follow, max-snippet:-1, max-image-preview:large, max-video-preview:-1\" \/>\n<link rel=\"canonical\" href=\"https:\/\/asimon.eu\/blog\/cest-quand-quon-va-ou\/\" \/>\n<meta property=\"og:locale\" content=\"fr_FR\" \/>\n<meta property=\"og:type\" content=\"article\" \/>\n<meta property=\"og:title\" content=\"C&#039;est quand qu&#039;on va o\u00f9 ? - Cemondeblog\" \/>\n<meta property=\"og:description\" content=\"J&rsquo;me suis chop\u00e9 cinq cent lignes : \u00ab\u00a0Je n&rsquo;dois pas parler en classe\u00a0\u00bb Ras l&rsquo;bol de la discipline ! Y&rsquo;en a marre, c&rsquo;est digoulasse !&hellip;\" \/>\n<meta property=\"og:url\" content=\"https:\/\/asimon.eu\/blog\/cest-quand-quon-va-ou\/\" \/>\n<meta property=\"og:site_name\" content=\"Cemondeblog\" \/>\n<meta property=\"article:modified_time\" content=\"2020-06-12T17:18:24+00:00\" \/>\n<meta name=\"twitter:card\" content=\"summary_large_image\" \/>\n<meta name=\"twitter:site\" content=\"@olrik16\" \/>\n<meta name=\"twitter:label1\" content=\"Dur\u00e9e de lecture estim\u00e9e\" \/>\n\t<meta name=\"twitter:data1\" content=\"2 minutes\" \/>\n<script type=\"application\/ld+json\" class=\"yoast-schema-graph\">{\"@context\":\"https:\\\/\\\/schema.org\",\"@graph\":[{\"@type\":\"WebPage\",\"@id\":\"https:\\\/\\\/asimon.eu\\\/blog\\\/cest-quand-quon-va-ou\\\/\",\"url\":\"https:\\\/\\\/asimon.eu\\\/blog\\\/cest-quand-quon-va-ou\\\/\",\"name\":\"C'est quand qu'on va o\u00f9 ? - Cemondeblog\",\"isPartOf\":{\"@id\":\"https:\\\/\\\/asimon.eu\\\/blog\\\/#website\"},\"datePublished\":\"2016-12-30T15:17:48+00:00\",\"dateModified\":\"2020-06-12T17:18:24+00:00\",\"breadcrumb\":{\"@id\":\"https:\\\/\\\/asimon.eu\\\/blog\\\/cest-quand-quon-va-ou\\\/#breadcrumb\"},\"inLanguage\":\"fr-FR\",\"potentialAction\":[{\"@type\":\"ReadAction\",\"target\":[\"https:\\\/\\\/asimon.eu\\\/blog\\\/cest-quand-quon-va-ou\\\/\"]}]},{\"@type\":\"BreadcrumbList\",\"@id\":\"https:\\\/\\\/asimon.eu\\\/blog\\\/cest-quand-quon-va-ou\\\/#breadcrumb\",\"itemListElement\":[{\"@type\":\"ListItem\",\"position\":1,\"name\":\"Accueil\",\"item\":\"https:\\\/\\\/asimon.eu\\\/blog\\\/\"},{\"@type\":\"ListItem\",\"position\":2,\"name\":\"C&rsquo;est quand qu&rsquo;on va o\u00f9 ?\"}]},{\"@type\":\"WebSite\",\"@id\":\"https:\\\/\\\/asimon.eu\\\/blog\\\/#website\",\"url\":\"https:\\\/\\\/asimon.eu\\\/blog\\\/\",\"name\":\"Cemondeblog\",\"description\":\"Ce monde o\u00f9 je vis, o\u00f9 nous vivons.\",\"publisher\":{\"@id\":\"https:\\\/\\\/asimon.eu\\\/blog\\\/#\\\/schema\\\/person\\\/4aef5843155766a51be733fbdace4241\"},\"potentialAction\":[{\"@type\":\"SearchAction\",\"target\":{\"@type\":\"EntryPoint\",\"urlTemplate\":\"https:\\\/\\\/asimon.eu\\\/blog\\\/?s={search_term_string}\"},\"query-input\":{\"@type\":\"PropertyValueSpecification\",\"valueRequired\":true,\"valueName\":\"search_term_string\"}}],\"inLanguage\":\"fr-FR\"},{\"@type\":[\"Person\",\"Organization\"],\"@id\":\"https:\\\/\\\/asimon.eu\\\/blog\\\/#\\\/schema\\\/person\\\/4aef5843155766a51be733fbdace4241\",\"name\":\"Andr\u00e9\",\"image\":{\"@type\":\"ImageObject\",\"inLanguage\":\"fr-FR\",\"@id\":\"https:\\\/\\\/i0.wp.com\\\/asimon.eu\\\/blog\\\/wp-content\\\/uploads\\\/2019\\\/12\\\/cropped-rancheria-14.png?fit=1597%2C422&ssl=1\",\"url\":\"https:\\\/\\\/i0.wp.com\\\/asimon.eu\\\/blog\\\/wp-content\\\/uploads\\\/2019\\\/12\\\/cropped-rancheria-14.png?fit=1597%2C422&ssl=1\",\"contentUrl\":\"https:\\\/\\\/i0.wp.com\\\/asimon.eu\\\/blog\\\/wp-content\\\/uploads\\\/2019\\\/12\\\/cropped-rancheria-14.png?fit=1597%2C422&ssl=1\",\"width\":1597,\"height\":422,\"caption\":\"Andr\u00e9\"},\"logo\":{\"@id\":\"https:\\\/\\\/i0.wp.com\\\/asimon.eu\\\/blog\\\/wp-content\\\/uploads\\\/2019\\\/12\\\/cropped-rancheria-14.png?fit=1597%2C422&ssl=1\"},\"description\":\"Et la vie va ...\",\"sameAs\":[\"https:\\\/\\\/asimon.eu\"]}]}<\/script>\n<!-- \/ Yoast SEO plugin. -->","yoast_head_json":{"title":"C'est quand qu'on va o\u00f9 ? - Cemondeblog","robots":{"index":"index","follow":"follow","max-snippet":"max-snippet:-1","max-image-preview":"max-image-preview:large","max-video-preview":"max-video-preview:-1"},"canonical":"https:\/\/asimon.eu\/blog\/cest-quand-quon-va-ou\/","og_locale":"fr_FR","og_type":"article","og_title":"C'est quand qu'on va o\u00f9 ? - Cemondeblog","og_description":"J&rsquo;me suis chop\u00e9 cinq cent lignes : \u00ab\u00a0Je n&rsquo;dois pas parler en classe\u00a0\u00bb Ras l&rsquo;bol de la discipline ! Y&rsquo;en a marre, c&rsquo;est digoulasse !&hellip;","og_url":"https:\/\/asimon.eu\/blog\/cest-quand-quon-va-ou\/","og_site_name":"Cemondeblog","article_modified_time":"2020-06-12T17:18:24+00:00","twitter_card":"summary_large_image","twitter_site":"@olrik16","twitter_misc":{"Dur\u00e9e de lecture estim\u00e9e":"2 minutes"},"schema":{"@context":"https:\/\/schema.org","@graph":[{"@type":"WebPage","@id":"https:\/\/asimon.eu\/blog\/cest-quand-quon-va-ou\/","url":"https:\/\/asimon.eu\/blog\/cest-quand-quon-va-ou\/","name":"C'est quand qu'on va o\u00f9 ? - Cemondeblog","isPartOf":{"@id":"https:\/\/asimon.eu\/blog\/#website"},"datePublished":"2016-12-30T15:17:48+00:00","dateModified":"2020-06-12T17:18:24+00:00","breadcrumb":{"@id":"https:\/\/asimon.eu\/blog\/cest-quand-quon-va-ou\/#breadcrumb"},"inLanguage":"fr-FR","potentialAction":[{"@type":"ReadAction","target":["https:\/\/asimon.eu\/blog\/cest-quand-quon-va-ou\/"]}]},{"@type":"BreadcrumbList","@id":"https:\/\/asimon.eu\/blog\/cest-quand-quon-va-ou\/#breadcrumb","itemListElement":[{"@type":"ListItem","position":1,"name":"Accueil","item":"https:\/\/asimon.eu\/blog\/"},{"@type":"ListItem","position":2,"name":"C&rsquo;est quand qu&rsquo;on va o\u00f9 ?"}]},{"@type":"WebSite","@id":"https:\/\/asimon.eu\/blog\/#website","url":"https:\/\/asimon.eu\/blog\/","name":"Cemondeblog","description":"Ce monde o\u00f9 je vis, o\u00f9 nous vivons.","publisher":{"@id":"https:\/\/asimon.eu\/blog\/#\/schema\/person\/4aef5843155766a51be733fbdace4241"},"potentialAction":[{"@type":"SearchAction","target":{"@type":"EntryPoint","urlTemplate":"https:\/\/asimon.eu\/blog\/?s={search_term_string}"},"query-input":{"@type":"PropertyValueSpecification","valueRequired":true,"valueName":"search_term_string"}}],"inLanguage":"fr-FR"},{"@type":["Person","Organization"],"@id":"https:\/\/asimon.eu\/blog\/#\/schema\/person\/4aef5843155766a51be733fbdace4241","name":"Andr\u00e9","image":{"@type":"ImageObject","inLanguage":"fr-FR","@id":"https:\/\/i0.wp.com\/asimon.eu\/blog\/wp-content\/uploads\/2019\/12\/cropped-rancheria-14.png?fit=1597%2C422&ssl=1","url":"https:\/\/i0.wp.com\/asimon.eu\/blog\/wp-content\/uploads\/2019\/12\/cropped-rancheria-14.png?fit=1597%2C422&ssl=1","contentUrl":"https:\/\/i0.wp.com\/asimon.eu\/blog\/wp-content\/uploads\/2019\/12\/cropped-rancheria-14.png?fit=1597%2C422&ssl=1","width":1597,"height":422,"caption":"Andr\u00e9"},"logo":{"@id":"https:\/\/i0.wp.com\/asimon.eu\/blog\/wp-content\/uploads\/2019\/12\/cropped-rancheria-14.png?fit=1597%2C422&ssl=1"},"description":"Et la vie va ...","sameAs":["https:\/\/asimon.eu"]}]}},"uagb_featured_image_src":{"full":false,"thumbnail":false,"medium":false,"medium_large":false,"large":false,"gs-tiny":false,"xl":false,"xxl":false,"xxxl":false,"xxxxl":false,"xxxxxl":false,"1536x1536":false,"2048x2048":false,"mailpoet_newsletter_max":false},"uagb_author_info":{"display_name":"Andr\u00e9","author_link":"https:\/\/asimon.eu\/blog\/author\/andre\/"},"uagb_comment_info":0,"uagb_excerpt":"J&rsquo;me suis chop\u00e9 cinq cent lignes : \u00ab\u00a0Je n&rsquo;dois pas parler en classe\u00a0\u00bb Ras l&rsquo;bol de la discipline ! Y&rsquo;en a marre, c&rsquo;est digoulasse !&hellip;","jetpack-related-posts":[{"id":240,"url":"https:\/\/asimon.eu\/blog\/imagine\/","url_meta":{"origin":3545,"position":0},"title":"Imagine.","author":"Andr\u00e9","date":"13 janvier 2016","format":false,"excerpt":"https:\/\/youtu.be\/VOgFZfRVaww Imagine there's no heaven, It's easy if you try, No hell below us, Above us only sky, Imagine all the people living for today... Imagine there's no countries, It isnt hard to do, Nothing to kill or die for, No religion too, Imagine all the people living life in\u2026","rel":"","context":"Dans \"Chanson\"","block_context":{"text":"Chanson","link":"https:\/\/asimon.eu\/blog\/tag\/chanson\/"},"img":{"alt_text":"","src":"https:\/\/i0.wp.com\/img.youtube.com\/vi\/VOgFZfRVaww\/0.jpg?resize=350%2C200","width":350,"height":200},"classes":[]},{"id":3568,"url":"https:\/\/asimon.eu\/blog\/la-quete\/","url_meta":{"origin":3545,"position":1},"title":"La Qu\u00eate","author":"Andr\u00e9","date":"20 janvier 2017","format":false,"excerpt":"https:\/\/youtu.be\/DCO7pCEdxTA?list=PLVUhqPbWyCOBTMdPKq32mGqBHiGt8hPGR R\u00eaver un impossible r\u00eavePorter le chagrin des d\u00e9partsBr\u00fbler d'une possible fi\u00e8vrePartir o\u00f9 personne ne part Aimer jusqu'\u00e0 la d\u00e9chirureAimer, m\u00eame trop, m\u00eame mal,Tenter, sans force et sans armure,D'atteindre l'inaccessible \u00e9toile Telle est ma qu\u00eate,Suivre l'\u00e9toilePeu m'importent mes chancesPeu m'importe le tempsOu ma d\u00e9sesp\u00e9ranceEt puis lutter toujoursSans questions ni reposSe\u2026","rel":"","context":"Dans \"Paroles\"","block_context":{"text":"Paroles","link":"https:\/\/asimon.eu\/blog\/tag\/paroles\/"},"img":{"alt_text":"","src":"https:\/\/i0.wp.com\/img.youtube.com\/vi\/PLVUhqPbWyCOBTMdPKq32mGqBHiGt8hPGR\/0.jpg?resize=350%2C200","width":350,"height":200},"classes":[]},{"id":3565,"url":"https:\/\/asimon.eu\/blog\/lhomme-de-la-mancha\/","url_meta":{"origin":3545,"position":2},"title":"L&rsquo;Homme de la Mancha","author":"Andr\u00e9","date":"20 janvier 2017","format":false,"excerpt":"https:\/\/youtu.be\/tv6P567IGas \u00c9coute-moiPauvre monde, insupportable mondeC'en est trop, tu es tomb\u00e9 trop basTu es trop gris, tu es trop laidAbominable monde, \u00e9coute-moiUn chevalier te d\u00e9fie. Oui c'est moi, Don QuichotteSeigneur de la ManchaPour toujours au service de l'honneurCar j'ai l'honneur d'\u00eatre moiDon Quichotte sans peurEt le vent de l'histoire chante en\u2026","rel":"","context":"Dans \"gris\"","block_context":{"text":"gris","link":"https:\/\/asimon.eu\/blog\/tag\/gris\/"},"img":{"alt_text":"","src":"https:\/\/i0.wp.com\/img.youtube.com\/vi\/tv6P567IGas\/0.jpg?resize=350%2C200","width":350,"height":200},"classes":[]},{"id":273566,"url":"https:\/\/asimon.eu\/blog\/te-quiero\/","url_meta":{"origin":3545,"position":3},"title":"Te quiero","author":"Andr\u00e9","date":"22 janvier 2016","format":false,"excerpt":"https:\/\/youtu.be\/q_JiHvs4dSM Tus manos son mi cariciamis acordes cotidianoste quiero porque tus manostrabajan por la justicia si te quiero es porque sosmi amor mi c\u00f3mplice y todoy en la calle codo a codosomos mucho m\u00e1s que dos tus ojos son mi conjurocontra la mala jornadate quiero por tu miradaque mira y\u2026","rel":"","context":"Dans \"Chanson\"","block_context":{"text":"Chanson","link":"https:\/\/asimon.eu\/blog\/tag\/chanson\/"},"img":{"alt_text":"","src":"https:\/\/i0.wp.com\/img.youtube.com\/vi\/q_JiHvs4dSM\/0.jpg?resize=350%2C200","width":350,"height":200},"classes":[]},{"id":273564,"url":"https:\/\/asimon.eu\/blog\/quand-les-hommes-vivront-damour\/","url_meta":{"origin":3545,"position":4},"title":"Quand les hommes vivront d&rsquo;amour.","author":"Andr\u00e9","date":"13 janvier 2016","format":false,"excerpt":"https:\/\/youtu.be\/EspK03oWGN0 Quand les hommes vivront d'amourIl n'y aura plus de mis\u00e8reEt commenceront les beaux joursMais nous nous serons morts mon fr\u00e8reQuand les hommes vivront d'amourCe sera la paix sur la terreLes soldats seront troubadoursMais nous nous serons morts mon fr\u00e8re Dans la grand' cha\u00eene de la vieO\u00f9 il fallait que\u2026","rel":"","context":"Dans \"amour\"","block_context":{"text":"amour","link":"https:\/\/asimon.eu\/blog\/tag\/amour\/"},"img":{"alt_text":"","src":"https:\/\/i0.wp.com\/img.youtube.com\/vi\/EspK03oWGN0\/0.jpg?resize=350%2C200","width":350,"height":200},"classes":[]},{"id":273565,"url":"https:\/\/asimon.eu\/blog\/page-decriture\/","url_meta":{"origin":3545,"position":5},"title":"Page d&rsquo;\u00e9criture","author":"Andr\u00e9","date":"20 janvier 2016","format":false,"excerpt":"https:\/\/youtu.be\/Shs2H9u6wak Deux et deux quatrequatre et quatre huithuit et huit font seize...R\u00e9p\u00e9tez ! dit le ma\u00eetreDeux et deux quatrequatre et quatre huithuit et huit font seize.Mais voil\u00e0 l\u2019oiseau-lyrequi passe dans le ciell\u2019enfant le voitl\u2019enfant l\u2019entendl\u2019enfant l\u2019appelle :Sauve-moijoue avec moioiseau !Alors l\u2019oiseau descendet joue avec l\u2019enfantDeux et deux quatre...R\u00e9p\u00e9tez ! dit\u2026","rel":"","context":"Dans \"Chanson\"","block_context":{"text":"Chanson","link":"https:\/\/asimon.eu\/blog\/tag\/chanson\/"},"img":{"alt_text":"","src":"https:\/\/i0.wp.com\/img.youtube.com\/vi\/Shs2H9u6wak\/0.jpg?resize=350%2C200","width":350,"height":200},"classes":[]}],"jetpack_shortlink":"https:\/\/wp.me\/P9rk1P-Vb","jetpack_sharing_enabled":true,"jetpack_likes_enabled":true,"_links":{"self":[{"href":"https:\/\/asimon.eu\/blog\/wp-json\/wp\/v2\/pages\/3545","targetHints":{"allow":["GET"]}}],"collection":[{"href":"https:\/\/asimon.eu\/blog\/wp-json\/wp\/v2\/pages"}],"about":[{"href":"https:\/\/asimon.eu\/blog\/wp-json\/wp\/v2\/types\/page"}],"author":[{"embeddable":true,"href":"https:\/\/asimon.eu\/blog\/wp-json\/wp\/v2\/users\/1"}],"replies":[{"embeddable":true,"href":"https:\/\/asimon.eu\/blog\/wp-json\/wp\/v2\/comments?post=3545"}],"version-history":[{"count":2,"href":"https:\/\/asimon.eu\/blog\/wp-json\/wp\/v2\/pages\/3545\/revisions"}],"predecessor-version":[{"id":476122,"href":"https:\/\/asimon.eu\/blog\/wp-json\/wp\/v2\/pages\/3545\/revisions\/476122"}],"wp:attachment":[{"href":"https:\/\/asimon.eu\/blog\/wp-json\/wp\/v2\/media?parent=3545"}],"curies":[{"name":"wp","href":"https:\/\/api.w.org\/{rel}","templated":true}]}}