{"id":3565,"date":"2017-01-20T22:19:07","date_gmt":"2017-01-20T21:19:07","guid":{"rendered":"http:\/\/asimon.esy.es\/blog\/?page_id=3565"},"modified":"2020-06-15T19:33:15","modified_gmt":"2020-06-15T17:33:15","slug":"lhomme-de-la-mancha","status":"publish","type":"page","link":"https:\/\/asimon.eu\/blog\/lhomme-de-la-mancha\/","title":{"rendered":"L&rsquo;Homme de la Mancha"},"content":{"rendered":"\n<div class=\"wp-block-ugb-columns ugb-columns ugb-b5b8434 ugb-columns--design-plain ugb-columns--columns-3 ugb-main-block\" id=\"\"><style>.ugb-b5b8434 > .ugb-inner-block > .ugb-block-content > .ugb-columns__item{grid-template-columns:0.42fr 2.16fr 0.42fr !important}<\/style><div class=\"ugb-inner-block\"><div class=\"ugb-block-content\"><div class=\"ugb-columns__item ugb-b5b8434-content-wrapper\">\n<div class=\"wp-block-ugb-column ugb-column ugb-f3067fa ugb-column--design-plain ugb-main-block\" id=\"\"><div class=\"ugb-inner-block\"><div class=\"ugb-block-content\"><div class=\"ugb-column__item ugb-f3067fa-column-wrapper\"><div class=\"ugb-column__content-wrapper\"><\/div><\/div><\/div><\/div><\/div>\n\n\n\n<div class=\"wp-block-ugb-column ugb-column ugb-b717986 ugb-column--design-plain ugb-main-block\" id=\"\"><div class=\"ugb-inner-block\"><div class=\"ugb-block-content\"><div class=\"ugb-column__item ugb-b717986-column-wrapper\"><div class=\"ugb-column__content-wrapper\">\n<figure class=\"wp-block-embed-youtube wp-block-embed is-type-video is-provider-youtube wp-embed-aspect-16-9 wp-has-aspect-ratio\"><div class=\"wp-block-embed__wrapper\">\n<span class=\"embed-youtube\" style=\"text-align:center; display: block;\"><iframe loading=\"lazy\" class=\"youtube-player\" width=\"843\" height=\"475\" src=\"https:\/\/www.youtube.com\/embed\/tv6P567IGas?version=3&#038;rel=1&#038;showsearch=0&#038;showinfo=1&#038;iv_load_policy=1&#038;fs=1&#038;hl=fr-FR&#038;autohide=2&#038;wmode=transparent\" allowfullscreen=\"true\" style=\"border:0;\" sandbox=\"allow-scripts allow-same-origin allow-popups allow-presentation allow-popups-to-escape-sandbox\"><\/iframe><\/span>\n<\/div><\/figure>\n<\/div><\/div><\/div><\/div><\/div>\n\n\n\n<div class=\"wp-block-ugb-column ugb-column ugb-eaa2e20 ugb-column--design-plain ugb-main-block\" id=\"\"><div class=\"ugb-inner-block\"><div class=\"ugb-block-content\"><div class=\"ugb-column__item ugb-eaa2e20-column-wrapper\"><div class=\"ugb-column__content-wrapper\"><\/div><\/div><\/div><\/div><\/div>\n<\/div><\/div><\/div><\/div>\n\n\n<p style=\"text-align: left; padding-left: 200px;\">\u00c9coute-moi<br \/>Pauvre monde, insupportable monde<br \/>C&rsquo;en est trop, tu es tomb\u00e9 trop bas<br \/>Tu es trop gris, tu es trop laid<br \/>Abominable monde, \u00e9coute-moi<br \/>Un chevalier te d\u00e9fie.<\/p>\n<p style=\"text-align: left; padding-left: 200px;\">Oui c&rsquo;est moi, Don Quichotte<br \/>Seigneur de la Mancha<br \/>Pour toujours au service de l&rsquo;honneur<br \/>Car j&rsquo;ai l&rsquo;honneur d&rsquo;\u00eatre moi<br \/>Don Quichotte sans peur<br \/>Et le vent de l&rsquo;histoire chante en moi<br \/>D&rsquo;ailleurs qu&rsquo;importe l&rsquo;histoire<br \/>Pourvu qu&rsquo;elle m\u00e8ne la gloire.<\/p>\n<p style=\"text-align: left; padding-left: 200px;\">Et moi je suis Sancho<br \/>Sancho, Sancho<br \/>Son valet, son fils. Son fr\u00e8re<br \/>Sancho, son seul amigo<br \/>Son seul suivant mais pour toujours<br \/>Et j&rsquo;en suis fier.<\/p>\n<p style=\"text-align: left; padding-left: 200px;\">Regardez-moi<br \/>Vous les dragons, les sorciers, les sorci\u00e8res<br \/>Votre r\u00e8gne se meurt aujourd&rsquo;hui<br \/>Regardez-moi<br \/>La vertu flambe dans ma banni\u00e8re<br \/>Regardez-moi<br \/>Un chevalier vous d\u00e9fie.<\/p>\n<p style=\"text-align: left; padding-left: 200px;\">Oui c&rsquo;est moi, Don Quichotte<br \/>Seigneur de la Mancha<br \/>Pour toujours au service de l&rsquo;honneur<br \/>Car j&rsquo;ai l&rsquo;honneur d&rsquo;\u00eatre moi<br \/>Don Quichotte sans peur<br \/>Et le vent de l&rsquo;histoire chante en moi<br \/>D&rsquo;ailleurs qu&rsquo;importe l&rsquo;histoire<br \/>Pourvu qu&rsquo;elle m\u00e8ne la gloire.<\/p>\n<p style=\"padding-left: 780px; text-align: left;\">\u00a0J. Brel<\/p>","protected":false},"excerpt":{"rendered":"<p>\u00c9coute-moiPauvre monde, insupportable mondeC&rsquo;en est trop, tu es tomb\u00e9 trop basTu es trop gris, tu es trop laidAbominable monde, \u00e9coute-moiUn chevalier te d\u00e9fie. Oui c&rsquo;est&hellip;<\/p>\n","protected":false},"author":1,"featured_media":0,"parent":0,"menu_order":0,"comment_status":"closed","ping_status":"closed","template":"","meta":{"_uag_custom_page_level_css":"","_lmt_disableupdate":"no","_lmt_disable":"","h5ap_radio_sources":[],"footnotes":""},"class_list":["post-3565","page","type-page","status-publish","hentry"],"featured_image_urls_v2":{"full":"","thumbnail":"","medium":"","medium_large":"","large":"","gs-tiny":"","xl":"","xxl":"","xxxl":"","xxxxl":"","xxxxxl":"","1536x1536":"","2048x2048":"","mailpoet_newsletter_max":""},"post_excerpt_stackable_v2":"<p>\u00c9coute-moiPauvre monde, insupportable mondeC&rsquo;en est trop, tu es tomb\u00e9 trop basTu es trop gris, tu es trop laidAbominable monde, \u00e9coute-moiUn chevalier te d\u00e9fie. Oui c&rsquo;est moi, Don QuichotteSeigneur de la ManchaPour toujours au service de l&rsquo;honneurCar j&rsquo;ai l&rsquo;honneur d&rsquo;\u00eatre moiDon Quichotte sans peurEt le vent de l&rsquo;histoire chante en moiD&rsquo;ailleurs qu&rsquo;importe l&rsquo;histoirePourvu qu&rsquo;elle m\u00e8ne la gloire. Et moi je suis SanchoSancho, SanchoSon valet, son fils. Son fr\u00e8reSancho, son seul amigoSon seul suivant mais pour toujoursEt j&rsquo;en suis fier. Regardez-moiVous les dragons, les sorciers, les sorci\u00e8resVotre r\u00e8gne se meurt aujourd&rsquo;huiRegardez-moiLa vertu flambe dans ma banni\u00e8reRegardez-moiUn chevalier vous d\u00e9fie. Oui c&rsquo;est moi,\u2026<\/p>\n","category_list_v2":"","author_info_v2":{"name":"Andr\u00e9","url":"https:\/\/asimon.eu\/blog\/author\/andre\/"},"comments_num_v2":"0 commentaire","yoast_head":"<!-- This site is optimized with the Yoast SEO plugin v27.5 - https:\/\/yoast.com\/product\/yoast-seo-wordpress\/ -->\n<title>L&#039;Homme de la Mancha - Cemondeblog<\/title>\n<meta name=\"robots\" content=\"index, follow, max-snippet:-1, max-image-preview:large, max-video-preview:-1\" \/>\n<link rel=\"canonical\" href=\"https:\/\/asimon.eu\/blog\/lhomme-de-la-mancha\/\" \/>\n<meta property=\"og:locale\" content=\"fr_FR\" \/>\n<meta property=\"og:type\" content=\"article\" \/>\n<meta property=\"og:title\" content=\"L&#039;Homme de la Mancha - Cemondeblog\" \/>\n<meta property=\"og:description\" content=\"\u00c9coute-moiPauvre monde, insupportable mondeC&rsquo;en est trop, tu es tomb\u00e9 trop basTu es trop gris, tu es trop laidAbominable monde, \u00e9coute-moiUn chevalier te d\u00e9fie. Oui c&rsquo;est&hellip;\" \/>\n<meta property=\"og:url\" content=\"https:\/\/asimon.eu\/blog\/lhomme-de-la-mancha\/\" \/>\n<meta property=\"og:site_name\" content=\"Cemondeblog\" \/>\n<meta property=\"article:modified_time\" content=\"2020-06-15T17:33:15+00:00\" \/>\n<meta name=\"twitter:card\" content=\"summary_large_image\" \/>\n<meta name=\"twitter:site\" content=\"@olrik16\" \/>\n<meta name=\"twitter:label1\" content=\"Dur\u00e9e de lecture estim\u00e9e\" \/>\n\t<meta name=\"twitter:data1\" content=\"1 minute\" \/>\n<script type=\"application\/ld+json\" class=\"yoast-schema-graph\">{\"@context\":\"https:\\\/\\\/schema.org\",\"@graph\":[{\"@type\":\"WebPage\",\"@id\":\"https:\\\/\\\/asimon.eu\\\/blog\\\/lhomme-de-la-mancha\\\/\",\"url\":\"https:\\\/\\\/asimon.eu\\\/blog\\\/lhomme-de-la-mancha\\\/\",\"name\":\"L'Homme de la Mancha - Cemondeblog\",\"isPartOf\":{\"@id\":\"https:\\\/\\\/asimon.eu\\\/blog\\\/#website\"},\"datePublished\":\"2017-01-20T21:19:07+00:00\",\"dateModified\":\"2020-06-15T17:33:15+00:00\",\"breadcrumb\":{\"@id\":\"https:\\\/\\\/asimon.eu\\\/blog\\\/lhomme-de-la-mancha\\\/#breadcrumb\"},\"inLanguage\":\"fr-FR\",\"potentialAction\":[{\"@type\":\"ReadAction\",\"target\":[\"https:\\\/\\\/asimon.eu\\\/blog\\\/lhomme-de-la-mancha\\\/\"]}]},{\"@type\":\"BreadcrumbList\",\"@id\":\"https:\\\/\\\/asimon.eu\\\/blog\\\/lhomme-de-la-mancha\\\/#breadcrumb\",\"itemListElement\":[{\"@type\":\"ListItem\",\"position\":1,\"name\":\"Accueil\",\"item\":\"https:\\\/\\\/asimon.eu\\\/blog\\\/\"},{\"@type\":\"ListItem\",\"position\":2,\"name\":\"L&rsquo;Homme de la Mancha\"}]},{\"@type\":\"WebSite\",\"@id\":\"https:\\\/\\\/asimon.eu\\\/blog\\\/#website\",\"url\":\"https:\\\/\\\/asimon.eu\\\/blog\\\/\",\"name\":\"Cemondeblog\",\"description\":\"Ce monde o\u00f9 je vis, o\u00f9 nous vivons.\",\"publisher\":{\"@id\":\"https:\\\/\\\/asimon.eu\\\/blog\\\/#\\\/schema\\\/person\\\/4aef5843155766a51be733fbdace4241\"},\"potentialAction\":[{\"@type\":\"SearchAction\",\"target\":{\"@type\":\"EntryPoint\",\"urlTemplate\":\"https:\\\/\\\/asimon.eu\\\/blog\\\/?s={search_term_string}\"},\"query-input\":{\"@type\":\"PropertyValueSpecification\",\"valueRequired\":true,\"valueName\":\"search_term_string\"}}],\"inLanguage\":\"fr-FR\"},{\"@type\":[\"Person\",\"Organization\"],\"@id\":\"https:\\\/\\\/asimon.eu\\\/blog\\\/#\\\/schema\\\/person\\\/4aef5843155766a51be733fbdace4241\",\"name\":\"Andr\u00e9\",\"image\":{\"@type\":\"ImageObject\",\"inLanguage\":\"fr-FR\",\"@id\":\"https:\\\/\\\/i0.wp.com\\\/asimon.eu\\\/blog\\\/wp-content\\\/uploads\\\/2019\\\/12\\\/cropped-rancheria-14.png?fit=1597%2C422&ssl=1\",\"url\":\"https:\\\/\\\/i0.wp.com\\\/asimon.eu\\\/blog\\\/wp-content\\\/uploads\\\/2019\\\/12\\\/cropped-rancheria-14.png?fit=1597%2C422&ssl=1\",\"contentUrl\":\"https:\\\/\\\/i0.wp.com\\\/asimon.eu\\\/blog\\\/wp-content\\\/uploads\\\/2019\\\/12\\\/cropped-rancheria-14.png?fit=1597%2C422&ssl=1\",\"width\":1597,\"height\":422,\"caption\":\"Andr\u00e9\"},\"logo\":{\"@id\":\"https:\\\/\\\/i0.wp.com\\\/asimon.eu\\\/blog\\\/wp-content\\\/uploads\\\/2019\\\/12\\\/cropped-rancheria-14.png?fit=1597%2C422&ssl=1\"},\"description\":\"Et la vie va ...\",\"sameAs\":[\"https:\\\/\\\/asimon.eu\"]}]}<\/script>\n<!-- \/ Yoast SEO plugin. -->","yoast_head_json":{"title":"L'Homme de la Mancha - Cemondeblog","robots":{"index":"index","follow":"follow","max-snippet":"max-snippet:-1","max-image-preview":"max-image-preview:large","max-video-preview":"max-video-preview:-1"},"canonical":"https:\/\/asimon.eu\/blog\/lhomme-de-la-mancha\/","og_locale":"fr_FR","og_type":"article","og_title":"L'Homme de la Mancha - Cemondeblog","og_description":"\u00c9coute-moiPauvre monde, insupportable mondeC&rsquo;en est trop, tu es tomb\u00e9 trop basTu es trop gris, tu es trop laidAbominable monde, \u00e9coute-moiUn chevalier te d\u00e9fie. Oui c&rsquo;est&hellip;","og_url":"https:\/\/asimon.eu\/blog\/lhomme-de-la-mancha\/","og_site_name":"Cemondeblog","article_modified_time":"2020-06-15T17:33:15+00:00","twitter_card":"summary_large_image","twitter_site":"@olrik16","twitter_misc":{"Dur\u00e9e de lecture estim\u00e9e":"1 minute"},"schema":{"@context":"https:\/\/schema.org","@graph":[{"@type":"WebPage","@id":"https:\/\/asimon.eu\/blog\/lhomme-de-la-mancha\/","url":"https:\/\/asimon.eu\/blog\/lhomme-de-la-mancha\/","name":"L'Homme de la Mancha - Cemondeblog","isPartOf":{"@id":"https:\/\/asimon.eu\/blog\/#website"},"datePublished":"2017-01-20T21:19:07+00:00","dateModified":"2020-06-15T17:33:15+00:00","breadcrumb":{"@id":"https:\/\/asimon.eu\/blog\/lhomme-de-la-mancha\/#breadcrumb"},"inLanguage":"fr-FR","potentialAction":[{"@type":"ReadAction","target":["https:\/\/asimon.eu\/blog\/lhomme-de-la-mancha\/"]}]},{"@type":"BreadcrumbList","@id":"https:\/\/asimon.eu\/blog\/lhomme-de-la-mancha\/#breadcrumb","itemListElement":[{"@type":"ListItem","position":1,"name":"Accueil","item":"https:\/\/asimon.eu\/blog\/"},{"@type":"ListItem","position":2,"name":"L&rsquo;Homme de la Mancha"}]},{"@type":"WebSite","@id":"https:\/\/asimon.eu\/blog\/#website","url":"https:\/\/asimon.eu\/blog\/","name":"Cemondeblog","description":"Ce monde o\u00f9 je vis, o\u00f9 nous vivons.","publisher":{"@id":"https:\/\/asimon.eu\/blog\/#\/schema\/person\/4aef5843155766a51be733fbdace4241"},"potentialAction":[{"@type":"SearchAction","target":{"@type":"EntryPoint","urlTemplate":"https:\/\/asimon.eu\/blog\/?s={search_term_string}"},"query-input":{"@type":"PropertyValueSpecification","valueRequired":true,"valueName":"search_term_string"}}],"inLanguage":"fr-FR"},{"@type":["Person","Organization"],"@id":"https:\/\/asimon.eu\/blog\/#\/schema\/person\/4aef5843155766a51be733fbdace4241","name":"Andr\u00e9","image":{"@type":"ImageObject","inLanguage":"fr-FR","@id":"https:\/\/i0.wp.com\/asimon.eu\/blog\/wp-content\/uploads\/2019\/12\/cropped-rancheria-14.png?fit=1597%2C422&ssl=1","url":"https:\/\/i0.wp.com\/asimon.eu\/blog\/wp-content\/uploads\/2019\/12\/cropped-rancheria-14.png?fit=1597%2C422&ssl=1","contentUrl":"https:\/\/i0.wp.com\/asimon.eu\/blog\/wp-content\/uploads\/2019\/12\/cropped-rancheria-14.png?fit=1597%2C422&ssl=1","width":1597,"height":422,"caption":"Andr\u00e9"},"logo":{"@id":"https:\/\/i0.wp.com\/asimon.eu\/blog\/wp-content\/uploads\/2019\/12\/cropped-rancheria-14.png?fit=1597%2C422&ssl=1"},"description":"Et la vie va ...","sameAs":["https:\/\/asimon.eu"]}]}},"uagb_featured_image_src":{"full":false,"thumbnail":false,"medium":false,"medium_large":false,"large":false,"gs-tiny":false,"xl":false,"xxl":false,"xxxl":false,"xxxxl":false,"xxxxxl":false,"1536x1536":false,"2048x2048":false,"mailpoet_newsletter_max":false},"uagb_author_info":{"display_name":"Andr\u00e9","author_link":"https:\/\/asimon.eu\/blog\/author\/andre\/"},"uagb_comment_info":0,"uagb_excerpt":"\u00c9coute-moiPauvre monde, insupportable mondeC&rsquo;en est trop, tu es tomb\u00e9 trop basTu es trop gris, tu es trop laidAbominable monde, \u00e9coute-moiUn chevalier te d\u00e9fie. Oui c&rsquo;est&hellip;","jetpack-related-posts":[{"id":240,"url":"https:\/\/asimon.eu\/blog\/imagine\/","url_meta":{"origin":3565,"position":0},"title":"Imagine.","author":"Andr\u00e9","date":"13 janvier 2016","format":false,"excerpt":"https:\/\/youtu.be\/VOgFZfRVaww Imagine there's no heaven, It's easy if you try, No hell below us, Above us only sky, Imagine all the people living for today... Imagine there's no countries, It isnt hard to do, Nothing to kill or die for, No religion too, Imagine all the people living life in\u2026","rel":"","context":"Dans \"Chanson\"","block_context":{"text":"Chanson","link":"https:\/\/asimon.eu\/blog\/tag\/chanson\/"},"img":{"alt_text":"","src":"https:\/\/i0.wp.com\/img.youtube.com\/vi\/VOgFZfRVaww\/0.jpg?resize=350%2C200","width":350,"height":200},"classes":[]},{"id":3568,"url":"https:\/\/asimon.eu\/blog\/la-quete\/","url_meta":{"origin":3565,"position":1},"title":"La Qu\u00eate","author":"Andr\u00e9","date":"20 janvier 2017","format":false,"excerpt":"https:\/\/youtu.be\/DCO7pCEdxTA?list=PLVUhqPbWyCOBTMdPKq32mGqBHiGt8hPGR R\u00eaver un impossible r\u00eavePorter le chagrin des d\u00e9partsBr\u00fbler d'une possible fi\u00e8vrePartir o\u00f9 personne ne part Aimer jusqu'\u00e0 la d\u00e9chirureAimer, m\u00eame trop, m\u00eame mal,Tenter, sans force et sans armure,D'atteindre l'inaccessible \u00e9toile Telle est ma qu\u00eate,Suivre l'\u00e9toilePeu m'importent mes chancesPeu m'importe le tempsOu ma d\u00e9sesp\u00e9ranceEt puis lutter toujoursSans questions ni reposSe\u2026","rel":"","context":"Dans \"Paroles\"","block_context":{"text":"Paroles","link":"https:\/\/asimon.eu\/blog\/tag\/paroles\/"},"img":{"alt_text":"","src":"https:\/\/i0.wp.com\/img.youtube.com\/vi\/PLVUhqPbWyCOBTMdPKq32mGqBHiGt8hPGR\/0.jpg?resize=350%2C200","width":350,"height":200},"classes":[]},{"id":273566,"url":"https:\/\/asimon.eu\/blog\/te-quiero\/","url_meta":{"origin":3565,"position":2},"title":"Te quiero","author":"Andr\u00e9","date":"22 janvier 2016","format":false,"excerpt":"https:\/\/youtu.be\/q_JiHvs4dSM Tus manos son mi cariciamis acordes cotidianoste quiero porque tus manostrabajan por la justicia si te quiero es porque sosmi amor mi c\u00f3mplice y todoy en la calle codo a codosomos mucho m\u00e1s que dos tus ojos son mi conjurocontra la mala jornadate quiero por tu miradaque mira y\u2026","rel":"","context":"Dans \"Chanson\"","block_context":{"text":"Chanson","link":"https:\/\/asimon.eu\/blog\/tag\/chanson\/"},"img":{"alt_text":"","src":"https:\/\/i0.wp.com\/img.youtube.com\/vi\/q_JiHvs4dSM\/0.jpg?resize=350%2C200","width":350,"height":200},"classes":[]},{"id":273564,"url":"https:\/\/asimon.eu\/blog\/quand-les-hommes-vivront-damour\/","url_meta":{"origin":3565,"position":3},"title":"Quand les hommes vivront d&rsquo;amour.","author":"Andr\u00e9","date":"13 janvier 2016","format":false,"excerpt":"https:\/\/youtu.be\/EspK03oWGN0 Quand les hommes vivront d'amourIl n'y aura plus de mis\u00e8reEt commenceront les beaux joursMais nous nous serons morts mon fr\u00e8reQuand les hommes vivront d'amourCe sera la paix sur la terreLes soldats seront troubadoursMais nous nous serons morts mon fr\u00e8re Dans la grand' cha\u00eene de la vieO\u00f9 il fallait que\u2026","rel":"","context":"Dans \"amour\"","block_context":{"text":"amour","link":"https:\/\/asimon.eu\/blog\/tag\/amour\/"},"img":{"alt_text":"","src":"https:\/\/i0.wp.com\/img.youtube.com\/vi\/EspK03oWGN0\/0.jpg?resize=350%2C200","width":350,"height":200},"classes":[]},{"id":273565,"url":"https:\/\/asimon.eu\/blog\/page-decriture\/","url_meta":{"origin":3565,"position":4},"title":"Page d&rsquo;\u00e9criture","author":"Andr\u00e9","date":"20 janvier 2016","format":false,"excerpt":"https:\/\/youtu.be\/Shs2H9u6wak Deux et deux quatrequatre et quatre huithuit et huit font seize...R\u00e9p\u00e9tez ! dit le ma\u00eetreDeux et deux quatrequatre et quatre huithuit et huit font seize.Mais voil\u00e0 l\u2019oiseau-lyrequi passe dans le ciell\u2019enfant le voitl\u2019enfant l\u2019entendl\u2019enfant l\u2019appelle :Sauve-moijoue avec moioiseau !Alors l\u2019oiseau descendet joue avec l\u2019enfantDeux et deux quatre...R\u00e9p\u00e9tez ! dit\u2026","rel":"","context":"Dans \"Chanson\"","block_context":{"text":"Chanson","link":"https:\/\/asimon.eu\/blog\/tag\/chanson\/"},"img":{"alt_text":"","src":"https:\/\/i0.wp.com\/img.youtube.com\/vi\/Shs2H9u6wak\/0.jpg?resize=350%2C200","width":350,"height":200},"classes":[]},{"id":2003,"url":"https:\/\/asimon.eu\/blog\/si-javais-des-sous\/","url_meta":{"origin":3565,"position":5},"title":"Si j&rsquo;avais des sous.","author":"Andr\u00e9","date":"5 avril 2016","format":false,"excerpt":"https:\/\/youtu.be\/t86hJKABsic Ah si j'avais des sousJe ferais des affairesMais pour faire des affairesD'abord faut savoir les faireEt ensuite avoir des sousEt pour avoir des sousIl faut faire des affairesLes sous appellent les sousPetits sous mis bout \u00e0 boutCa te fait une grosse affaire Mais des sous, ben j'en ai pasEt\u2026","rel":"","context":"Dans \"Paroles\"","block_context":{"text":"Paroles","link":"https:\/\/asimon.eu\/blog\/tag\/paroles\/"},"img":{"alt_text":"","src":"https:\/\/i0.wp.com\/img.youtube.com\/vi\/t86hJKABsic\/0.jpg?resize=350%2C200","width":350,"height":200},"classes":[]}],"jetpack_shortlink":"https:\/\/wp.me\/P9rk1P-Vv","jetpack_sharing_enabled":true,"jetpack_likes_enabled":true,"_links":{"self":[{"href":"https:\/\/asimon.eu\/blog\/wp-json\/wp\/v2\/pages\/3565","targetHints":{"allow":["GET"]}}],"collection":[{"href":"https:\/\/asimon.eu\/blog\/wp-json\/wp\/v2\/pages"}],"about":[{"href":"https:\/\/asimon.eu\/blog\/wp-json\/wp\/v2\/types\/page"}],"author":[{"embeddable":true,"href":"https:\/\/asimon.eu\/blog\/wp-json\/wp\/v2\/users\/1"}],"replies":[{"embeddable":true,"href":"https:\/\/asimon.eu\/blog\/wp-json\/wp\/v2\/comments?post=3565"}],"version-history":[{"count":1,"href":"https:\/\/asimon.eu\/blog\/wp-json\/wp\/v2\/pages\/3565\/revisions"}],"predecessor-version":[{"id":476154,"href":"https:\/\/asimon.eu\/blog\/wp-json\/wp\/v2\/pages\/3565\/revisions\/476154"}],"wp:attachment":[{"href":"https:\/\/asimon.eu\/blog\/wp-json\/wp\/v2\/media?parent=3565"}],"curies":[{"name":"wp","href":"https:\/\/api.w.org\/{rel}","templated":true}]}}