{"id":472617,"date":"2019-06-06T11:55:37","date_gmt":"2019-06-06T09:55:37","guid":{"rendered":"https:\/\/asimon.eu\/blog\/?page_id=472617"},"modified":"2024-02-13T14:31:56","modified_gmt":"2024-02-13T13:31:56","slug":"contact","status":"publish","type":"page","link":"https:\/\/asimon.eu\/blog\/contact\/","title":{"rendered":"Contact"},"content":{"rendered":"<div class=\"wpforms-container wpforms-container-full\" id=\"wpforms-123\"><form id=\"wpforms-form-123\" class=\"wpforms-validate wpforms-form\" data-formid=\"123\" method=\"post\" enctype=\"multipart\/form-data\" action=\"\/blog\/wp-json\/wp\/v2\/pages\/472617\" data-token=\"01d8049a4a89c1e17156ebc938a430be\" data-token-time=\"1776916123\"><noscript class=\"wpforms-error-noscript\">Veuillez activer JavaScript dans votre navigateur pour remplir ce formulaire.<\/noscript><div class=\"wpforms-field-container\"><div id=\"wpforms-123-field_0-container\" class=\"wpforms-field wpforms-field-name\" data-field-id=\"0\"><label class=\"wpforms-field-label\">Votre nom <span class=\"wpforms-required-label\">*<\/span><\/label><div class=\"wpforms-field-row wpforms-field-medium\"><div class=\"wpforms-field-row-block wpforms-first wpforms-one-half\"><input type=\"text\" id=\"wpforms-123-field_0\" class=\"wpforms-field-name-first wpforms-field-required\" name=\"wpforms[fields][0][first]\" required><label for=\"wpforms-123-field_0\" class=\"wpforms-field-sublabel after\">Pr\u00e9nom<\/label><\/div><div class=\"wpforms-field-row-block wpforms-one-half\"><input type=\"text\" id=\"wpforms-123-field_0-last\" class=\"wpforms-field-name-last wpforms-field-required\" name=\"wpforms[fields][0][last]\" required><label for=\"wpforms-123-field_0-last\" class=\"wpforms-field-sublabel after\">Nom<\/label><\/div><\/div><\/div><div id=\"wpforms-123-field_1-container\" class=\"wpforms-field wpforms-field-email\" data-field-id=\"1\"><label class=\"wpforms-field-label\" for=\"wpforms-123-field_1\">Votre adresse e-mail <span class=\"wpforms-required-label\">*<\/span><\/label><input type=\"email\" id=\"wpforms-123-field_1\" class=\"wpforms-field-medium wpforms-field-required\" name=\"wpforms[fields][1]\" spellcheck=\"false\" required><\/div><div id=\"wpforms-123-field_4-container\" class=\"wpforms-field wpforms-field-checkbox wpforms-list-inline\" data-field-id=\"4\"><label class=\"wpforms-field-label\">Sujet de votre message<\/label><ul id=\"wpforms-123-field_4\" data-choice-limit=\"1\"><li class=\"choice-1 depth-1\"><input type=\"checkbox\" id=\"wpforms-123-field_4_1\" data-rule-check-limit=\"true\" name=\"wpforms[fields][4][]\" value=\"Commentaire\"  ><label class=\"wpforms-field-label-inline\" for=\"wpforms-123-field_4_1\">Commentaire<\/label><\/li><li class=\"choice-2 depth-1\"><input type=\"checkbox\" id=\"wpforms-123-field_4_2\" data-rule-check-limit=\"true\" name=\"wpforms[fields][4][]\" value=\"Proposition\"  ><label class=\"wpforms-field-label-inline\" for=\"wpforms-123-field_4_2\">Proposition<\/label><\/li><li class=\"choice-5 depth-1\"><input type=\"checkbox\" id=\"wpforms-123-field_4_5\" data-rule-check-limit=\"true\" name=\"wpforms[fields][4][]\" value=\"Question\"  ><label class=\"wpforms-field-label-inline\" for=\"wpforms-123-field_4_5\">Question<\/label><\/li><li class=\"choice-3 depth-1\"><input type=\"checkbox\" id=\"wpforms-123-field_4_3\" data-rule-check-limit=\"true\" name=\"wpforms[fields][4][]\" value=\"R\u00e9clamation\"  ><label class=\"wpforms-field-label-inline\" for=\"wpforms-123-field_4_3\">R\u00e9clamation<\/label><\/li><li class=\"choice-4 depth-1\"><input type=\"checkbox\" id=\"wpforms-123-field_4_4\" data-rule-check-limit=\"true\" name=\"wpforms[fields][4][]\" value=\"Autre\"  ><label class=\"wpforms-field-label-inline\" for=\"wpforms-123-field_4_4\">Autre<\/label><\/li><\/ul><\/div><div id=\"wpforms-123-field_2-container\" class=\"wpforms-field wpforms-field-textarea\" data-field-id=\"2\"><label class=\"wpforms-field-label\" for=\"wpforms-123-field_2\">Votre message <span class=\"wpforms-required-label\">*<\/span><\/label><textarea id=\"wpforms-123-field_2\" class=\"wpforms-field-medium wpforms-field-required\" name=\"wpforms[fields][2]\" required><\/textarea><\/div><\/div><!-- .wpforms-field-container --><div class=\"wpforms-field wpforms-field-hp\"><label for=\"wpforms-123-field-hp\" class=\"wpforms-field-label\">Email<\/label><input type=\"text\" name=\"wpforms[hp]\" id=\"wpforms-123-field-hp\" class=\"wpforms-field-medium\"><\/div><div class=\"wpforms-submit-container\" ><input type=\"hidden\" name=\"wpforms[id]\" value=\"123\"><input type=\"hidden\" name=\"page_title\" value=\"\"><input type=\"hidden\" name=\"page_url\" value=\"https:\/\/asimon.eu\/blog\/wp-json\/wp\/v2\/pages\/472617\"><input type=\"hidden\" name=\"url_referer\" value=\"\"><button type=\"submit\" name=\"wpforms[submit]\" id=\"wpforms-submit-123\" class=\"wpforms-submit\" data-alt-text=\"Envoi en cours ...\" data-submit-text=\"Envoyer\" aria-live=\"assertive\" value=\"wpforms-submit\">Envoyer<\/button><\/div><\/form><\/div>  <!-- .wpforms-container -->\n","protected":false},"excerpt":{"rendered":"","protected":false},"author":1,"featured_media":473427,"parent":0,"menu_order":0,"comment_status":"closed","ping_status":"closed","template":"","meta":{"_uag_custom_page_level_css":"","_lmt_disableupdate":"no","_lmt_disable":"","h5ap_radio_sources":[],"jetpack_post_was_ever_published":false,"footnotes":""},"class_list":["post-472617","page","type-page","status-publish","has-post-thumbnail","hentry"],"featured_image_urls_v2":{"full":["https:\/\/i0.wp.com\/asimon.eu\/blog\/wp-content\/uploads\/2019\/12\/page-blanche.png?fit=800%2C600&ssl=1",800,600,false],"thumbnail":["https:\/\/i0.wp.com\/asimon.eu\/blog\/wp-content\/uploads\/2019\/12\/page-blanche.png?resize=150%2C150&ssl=1",150,150,true],"medium":["https:\/\/i0.wp.com\/asimon.eu\/blog\/wp-content\/uploads\/2019\/12\/page-blanche.png?fit=300%2C225&ssl=1",300,225,true],"medium_large":["https:\/\/i0.wp.com\/asimon.eu\/blog\/wp-content\/uploads\/2019\/12\/page-blanche.png?fit=768%2C576&ssl=1",768,576,true],"large":["https:\/\/i0.wp.com\/asimon.eu\/blog\/wp-content\/uploads\/2019\/12\/page-blanche.png?fit=800%2C600&ssl=1",800,600,true],"gs-tiny":["https:\/\/i0.wp.com\/asimon.eu\/blog\/wp-content\/uploads\/2019\/12\/page-blanche.png?fit=50%2C38&ssl=1",50,38,true],"xl":["https:\/\/i0.wp.com\/asimon.eu\/blog\/wp-content\/uploads\/2019\/12\/page-blanche.png?fit=800%2C600&ssl=1",800,600,true],"xxl":["https:\/\/i0.wp.com\/asimon.eu\/blog\/wp-content\/uploads\/2019\/12\/page-blanche.png?fit=800%2C600&ssl=1",800,600,true],"xxxl":["https:\/\/i0.wp.com\/asimon.eu\/blog\/wp-content\/uploads\/2019\/12\/page-blanche.png?fit=800%2C600&ssl=1",800,600,true],"xxxxl":["https:\/\/i0.wp.com\/asimon.eu\/blog\/wp-content\/uploads\/2019\/12\/page-blanche.png?fit=800%2C600&ssl=1",800,600,true],"xxxxxl":["https:\/\/i0.wp.com\/asimon.eu\/blog\/wp-content\/uploads\/2019\/12\/page-blanche.png?fit=800%2C600&ssl=1",800,600,true],"1536x1536":["https:\/\/i0.wp.com\/asimon.eu\/blog\/wp-content\/uploads\/2019\/12\/page-blanche.png?fit=800%2C600&ssl=1",800,600,true],"2048x2048":["https:\/\/i0.wp.com\/asimon.eu\/blog\/wp-content\/uploads\/2019\/12\/page-blanche.png?fit=800%2C600&ssl=1",800,600,true],"mailpoet_newsletter_max":["https:\/\/i0.wp.com\/asimon.eu\/blog\/wp-content\/uploads\/2019\/12\/page-blanche.png?fit=800%2C600&ssl=1",800,600,true]},"post_excerpt_stackable_v2":"<p>Veuillez activer JavaScript dans votre navigateur pour remplir ce formulaire.Votre nom *Pr\u00e9nomNomVotre adresse e-mail *Sujet de votre messageCommentairePropositionQuestionR\u00e9clamationAutreVotre message *EmailEnvoyer<\/p>\n","category_list_v2":"","author_info_v2":{"name":"Andr\u00e9","url":"https:\/\/asimon.eu\/blog\/author\/andre\/"},"comments_num_v2":"0 commentaire","yoast_head":"<!-- This site is optimized with the Yoast SEO plugin v27.4 - https:\/\/yoast.com\/product\/yoast-seo-wordpress\/ -->\n<title>Contact - Cemondeblog<\/title>\n<meta name=\"robots\" content=\"index, follow, max-snippet:-1, max-image-preview:large, max-video-preview:-1\" \/>\n<link rel=\"canonical\" href=\"https:\/\/asimon.eu\/blog\/contact\/\" \/>\n<meta property=\"og:locale\" content=\"fr_FR\" \/>\n<meta property=\"og:type\" content=\"article\" \/>\n<meta property=\"og:title\" content=\"Contact - Cemondeblog\" \/>\n<meta property=\"og:url\" content=\"https:\/\/asimon.eu\/blog\/contact\/\" \/>\n<meta property=\"og:site_name\" content=\"Cemondeblog\" \/>\n<meta property=\"article:modified_time\" content=\"2024-02-13T13:31:56+00:00\" \/>\n<meta property=\"og:image\" content=\"https:\/\/asimon.eu\/blog\/wp-content\/uploads\/2019\/12\/page-blanche.png\" \/>\n\t<meta property=\"og:image:width\" content=\"800\" \/>\n\t<meta property=\"og:image:height\" content=\"600\" \/>\n\t<meta property=\"og:image:type\" content=\"image\/png\" \/>\n<meta name=\"twitter:card\" content=\"summary_large_image\" \/>\n<meta name=\"twitter:site\" content=\"@olrik16\" \/>\n<meta name=\"twitter:label1\" content=\"Dur\u00e9e de lecture estim\u00e9e\" \/>\n\t<meta name=\"twitter:data1\" content=\"1 minute\" \/>\n<script type=\"application\/ld+json\" class=\"yoast-schema-graph\">{\"@context\":\"https:\\\/\\\/schema.org\",\"@graph\":[{\"@type\":\"WebPage\",\"@id\":\"https:\\\/\\\/asimon.eu\\\/blog\\\/contact\\\/\",\"url\":\"https:\\\/\\\/asimon.eu\\\/blog\\\/contact\\\/\",\"name\":\"Contact - Cemondeblog\",\"isPartOf\":{\"@id\":\"https:\\\/\\\/asimon.eu\\\/blog\\\/#website\"},\"primaryImageOfPage\":{\"@id\":\"https:\\\/\\\/asimon.eu\\\/blog\\\/contact\\\/#primaryimage\"},\"image\":{\"@id\":\"https:\\\/\\\/asimon.eu\\\/blog\\\/contact\\\/#primaryimage\"},\"thumbnailUrl\":\"https:\\\/\\\/i0.wp.com\\\/asimon.eu\\\/blog\\\/wp-content\\\/uploads\\\/2019\\\/12\\\/page-blanche.png?fit=800%2C600&ssl=1\",\"datePublished\":\"2019-06-06T09:55:37+00:00\",\"dateModified\":\"2024-02-13T13:31:56+00:00\",\"breadcrumb\":{\"@id\":\"https:\\\/\\\/asimon.eu\\\/blog\\\/contact\\\/#breadcrumb\"},\"inLanguage\":\"fr-FR\",\"potentialAction\":[{\"@type\":\"ReadAction\",\"target\":[\"https:\\\/\\\/asimon.eu\\\/blog\\\/contact\\\/\"]}]},{\"@type\":\"ImageObject\",\"inLanguage\":\"fr-FR\",\"@id\":\"https:\\\/\\\/asimon.eu\\\/blog\\\/contact\\\/#primaryimage\",\"url\":\"https:\\\/\\\/i0.wp.com\\\/asimon.eu\\\/blog\\\/wp-content\\\/uploads\\\/2019\\\/12\\\/page-blanche.png?fit=800%2C600&ssl=1\",\"contentUrl\":\"https:\\\/\\\/i0.wp.com\\\/asimon.eu\\\/blog\\\/wp-content\\\/uploads\\\/2019\\\/12\\\/page-blanche.png?fit=800%2C600&ssl=1\",\"width\":800,\"height\":600,\"caption\":\"Page blanche\"},{\"@type\":\"BreadcrumbList\",\"@id\":\"https:\\\/\\\/asimon.eu\\\/blog\\\/contact\\\/#breadcrumb\",\"itemListElement\":[{\"@type\":\"ListItem\",\"position\":1,\"name\":\"Accueil\",\"item\":\"https:\\\/\\\/asimon.eu\\\/blog\\\/\"},{\"@type\":\"ListItem\",\"position\":2,\"name\":\"Contact\"}]},{\"@type\":\"WebSite\",\"@id\":\"https:\\\/\\\/asimon.eu\\\/blog\\\/#website\",\"url\":\"https:\\\/\\\/asimon.eu\\\/blog\\\/\",\"name\":\"Cemondeblog\",\"description\":\"Ce monde o\u00f9 je vis, o\u00f9 nous vivons.\",\"publisher\":{\"@id\":\"https:\\\/\\\/asimon.eu\\\/blog\\\/#\\\/schema\\\/person\\\/4aef5843155766a51be733fbdace4241\"},\"potentialAction\":[{\"@type\":\"SearchAction\",\"target\":{\"@type\":\"EntryPoint\",\"urlTemplate\":\"https:\\\/\\\/asimon.eu\\\/blog\\\/?s={search_term_string}\"},\"query-input\":{\"@type\":\"PropertyValueSpecification\",\"valueRequired\":true,\"valueName\":\"search_term_string\"}}],\"inLanguage\":\"fr-FR\"},{\"@type\":[\"Person\",\"Organization\"],\"@id\":\"https:\\\/\\\/asimon.eu\\\/blog\\\/#\\\/schema\\\/person\\\/4aef5843155766a51be733fbdace4241\",\"name\":\"Andr\u00e9\",\"image\":{\"@type\":\"ImageObject\",\"inLanguage\":\"fr-FR\",\"@id\":\"https:\\\/\\\/i0.wp.com\\\/asimon.eu\\\/blog\\\/wp-content\\\/uploads\\\/2019\\\/12\\\/cropped-rancheria-14.png?fit=1597%2C422&ssl=1\",\"url\":\"https:\\\/\\\/i0.wp.com\\\/asimon.eu\\\/blog\\\/wp-content\\\/uploads\\\/2019\\\/12\\\/cropped-rancheria-14.png?fit=1597%2C422&ssl=1\",\"contentUrl\":\"https:\\\/\\\/i0.wp.com\\\/asimon.eu\\\/blog\\\/wp-content\\\/uploads\\\/2019\\\/12\\\/cropped-rancheria-14.png?fit=1597%2C422&ssl=1\",\"width\":1597,\"height\":422,\"caption\":\"Andr\u00e9\"},\"logo\":{\"@id\":\"https:\\\/\\\/i0.wp.com\\\/asimon.eu\\\/blog\\\/wp-content\\\/uploads\\\/2019\\\/12\\\/cropped-rancheria-14.png?fit=1597%2C422&ssl=1\"},\"description\":\"Et la vie va ...\",\"sameAs\":[\"https:\\\/\\\/asimon.eu\"]}]}<\/script>\n<!-- \/ Yoast SEO plugin. -->","yoast_head_json":{"title":"Contact - Cemondeblog","robots":{"index":"index","follow":"follow","max-snippet":"max-snippet:-1","max-image-preview":"max-image-preview:large","max-video-preview":"max-video-preview:-1"},"canonical":"https:\/\/asimon.eu\/blog\/contact\/","og_locale":"fr_FR","og_type":"article","og_title":"Contact - Cemondeblog","og_url":"https:\/\/asimon.eu\/blog\/contact\/","og_site_name":"Cemondeblog","article_modified_time":"2024-02-13T13:31:56+00:00","og_image":[{"width":800,"height":600,"url":"https:\/\/asimon.eu\/blog\/wp-content\/uploads\/2019\/12\/page-blanche.png","type":"image\/png"}],"twitter_card":"summary_large_image","twitter_site":"@olrik16","twitter_misc":{"Dur\u00e9e de lecture estim\u00e9e":"1 minute"},"schema":{"@context":"https:\/\/schema.org","@graph":[{"@type":"WebPage","@id":"https:\/\/asimon.eu\/blog\/contact\/","url":"https:\/\/asimon.eu\/blog\/contact\/","name":"Contact - Cemondeblog","isPartOf":{"@id":"https:\/\/asimon.eu\/blog\/#website"},"primaryImageOfPage":{"@id":"https:\/\/asimon.eu\/blog\/contact\/#primaryimage"},"image":{"@id":"https:\/\/asimon.eu\/blog\/contact\/#primaryimage"},"thumbnailUrl":"https:\/\/i0.wp.com\/asimon.eu\/blog\/wp-content\/uploads\/2019\/12\/page-blanche.png?fit=800%2C600&ssl=1","datePublished":"2019-06-06T09:55:37+00:00","dateModified":"2024-02-13T13:31:56+00:00","breadcrumb":{"@id":"https:\/\/asimon.eu\/blog\/contact\/#breadcrumb"},"inLanguage":"fr-FR","potentialAction":[{"@type":"ReadAction","target":["https:\/\/asimon.eu\/blog\/contact\/"]}]},{"@type":"ImageObject","inLanguage":"fr-FR","@id":"https:\/\/asimon.eu\/blog\/contact\/#primaryimage","url":"https:\/\/i0.wp.com\/asimon.eu\/blog\/wp-content\/uploads\/2019\/12\/page-blanche.png?fit=800%2C600&ssl=1","contentUrl":"https:\/\/i0.wp.com\/asimon.eu\/blog\/wp-content\/uploads\/2019\/12\/page-blanche.png?fit=800%2C600&ssl=1","width":800,"height":600,"caption":"Page blanche"},{"@type":"BreadcrumbList","@id":"https:\/\/asimon.eu\/blog\/contact\/#breadcrumb","itemListElement":[{"@type":"ListItem","position":1,"name":"Accueil","item":"https:\/\/asimon.eu\/blog\/"},{"@type":"ListItem","position":2,"name":"Contact"}]},{"@type":"WebSite","@id":"https:\/\/asimon.eu\/blog\/#website","url":"https:\/\/asimon.eu\/blog\/","name":"Cemondeblog","description":"Ce monde o\u00f9 je vis, o\u00f9 nous vivons.","publisher":{"@id":"https:\/\/asimon.eu\/blog\/#\/schema\/person\/4aef5843155766a51be733fbdace4241"},"potentialAction":[{"@type":"SearchAction","target":{"@type":"EntryPoint","urlTemplate":"https:\/\/asimon.eu\/blog\/?s={search_term_string}"},"query-input":{"@type":"PropertyValueSpecification","valueRequired":true,"valueName":"search_term_string"}}],"inLanguage":"fr-FR"},{"@type":["Person","Organization"],"@id":"https:\/\/asimon.eu\/blog\/#\/schema\/person\/4aef5843155766a51be733fbdace4241","name":"Andr\u00e9","image":{"@type":"ImageObject","inLanguage":"fr-FR","@id":"https:\/\/i0.wp.com\/asimon.eu\/blog\/wp-content\/uploads\/2019\/12\/cropped-rancheria-14.png?fit=1597%2C422&ssl=1","url":"https:\/\/i0.wp.com\/asimon.eu\/blog\/wp-content\/uploads\/2019\/12\/cropped-rancheria-14.png?fit=1597%2C422&ssl=1","contentUrl":"https:\/\/i0.wp.com\/asimon.eu\/blog\/wp-content\/uploads\/2019\/12\/cropped-rancheria-14.png?fit=1597%2C422&ssl=1","width":1597,"height":422,"caption":"Andr\u00e9"},"logo":{"@id":"https:\/\/i0.wp.com\/asimon.eu\/blog\/wp-content\/uploads\/2019\/12\/cropped-rancheria-14.png?fit=1597%2C422&ssl=1"},"description":"Et la vie va ...","sameAs":["https:\/\/asimon.eu"]}]}},"uagb_featured_image_src":{"full":["https:\/\/i0.wp.com\/asimon.eu\/blog\/wp-content\/uploads\/2019\/12\/page-blanche.png?fit=800%2C600&ssl=1",800,600,false],"thumbnail":["https:\/\/i0.wp.com\/asimon.eu\/blog\/wp-content\/uploads\/2019\/12\/page-blanche.png?resize=150%2C150&ssl=1",150,150,true],"medium":["https:\/\/i0.wp.com\/asimon.eu\/blog\/wp-content\/uploads\/2019\/12\/page-blanche.png?fit=300%2C225&ssl=1",300,225,true],"medium_large":["https:\/\/i0.wp.com\/asimon.eu\/blog\/wp-content\/uploads\/2019\/12\/page-blanche.png?fit=768%2C576&ssl=1",768,576,true],"large":["https:\/\/i0.wp.com\/asimon.eu\/blog\/wp-content\/uploads\/2019\/12\/page-blanche.png?fit=800%2C600&ssl=1",800,600,true],"gs-tiny":["https:\/\/i0.wp.com\/asimon.eu\/blog\/wp-content\/uploads\/2019\/12\/page-blanche.png?fit=50%2C38&ssl=1",50,38,true],"xl":["https:\/\/i0.wp.com\/asimon.eu\/blog\/wp-content\/uploads\/2019\/12\/page-blanche.png?fit=800%2C600&ssl=1",800,600,true],"xxl":["https:\/\/i0.wp.com\/asimon.eu\/blog\/wp-content\/uploads\/2019\/12\/page-blanche.png?fit=800%2C600&ssl=1",800,600,true],"xxxl":["https:\/\/i0.wp.com\/asimon.eu\/blog\/wp-content\/uploads\/2019\/12\/page-blanche.png?fit=800%2C600&ssl=1",800,600,true],"xxxxl":["https:\/\/i0.wp.com\/asimon.eu\/blog\/wp-content\/uploads\/2019\/12\/page-blanche.png?fit=800%2C600&ssl=1",800,600,true],"xxxxxl":["https:\/\/i0.wp.com\/asimon.eu\/blog\/wp-content\/uploads\/2019\/12\/page-blanche.png?fit=800%2C600&ssl=1",800,600,true],"1536x1536":["https:\/\/i0.wp.com\/asimon.eu\/blog\/wp-content\/uploads\/2019\/12\/page-blanche.png?fit=800%2C600&ssl=1",800,600,true],"2048x2048":["https:\/\/i0.wp.com\/asimon.eu\/blog\/wp-content\/uploads\/2019\/12\/page-blanche.png?fit=800%2C600&ssl=1",800,600,true],"mailpoet_newsletter_max":["https:\/\/i0.wp.com\/asimon.eu\/blog\/wp-content\/uploads\/2019\/12\/page-blanche.png?fit=800%2C600&ssl=1",800,600,true]},"uagb_author_info":{"display_name":"Andr\u00e9","author_link":"https:\/\/asimon.eu\/blog\/author\/andre\/"},"uagb_comment_info":0,"uagb_excerpt":null,"jetpack-related-posts":[{"id":2,"url":"https:\/\/asimon.eu\/blog\/page-d-exemple\/","url_meta":{"origin":472617,"position":0},"title":"Page d\u2019exemple","author":"Andr\u00e9","date":"26 juin 2018","format":false,"excerpt":"Voici un exemple de page. Elle est diff\u00e9rente d\u2019un article de blog, en cela qu\u2019elle restera \u00e0 la m\u00eame place, et s\u2019affichera dans le menu de navigation de votre site (en fonction de votre th\u00e8me). La plupart des gens commencent par \u00e9crire une page \u00ab\u00a0\u00c0 Propos\u00a0\u00bb qui les pr\u00e9sente aux\u2026","rel":"","context":"Dans \"Admin\"","block_context":{"text":"Admin","link":"https:\/\/asimon.eu\/blog\/tag\/admin\/"},"img":{"alt_text":"","src":"","width":0,"height":0},"classes":[]},{"id":477279,"url":"https:\/\/asimon.eu\/blog\/test-slider\/","url_meta":{"origin":472617,"position":1},"title":"Test slider","author":"Andr\u00e9","date":"11 avril 2021","format":false,"excerpt":"[foogallery id=\"477642\"] Ceci est un diaporama [modula id=\"477597\"]","rel":"","context":"Article similaire","block_context":{"text":"Article similaire","link":""},"img":{"alt_text":"","src":"","width":0,"height":0},"classes":[]},{"id":473913,"url":"https:\/\/asimon.eu\/blog\/silent-sunday\/","url_meta":{"origin":472617,"position":2},"title":"Silent Sunday","author":"Andr\u00e9","date":"20 janvier 2020","format":false,"excerpt":"","rel":"","context":"Dans \"silent\"","block_context":{"text":"silent","link":"https:\/\/asimon.eu\/blog\/tag\/silent\/"},"img":{"alt_text":"Silence","src":"https:\/\/i0.wp.com\/asimon.eu\/blog\/wp-content\/uploads\/2019\/12\/silence-3810106_1280.png?fit=1200%2C801&ssl=1&resize=350%2C200","width":350,"height":200,"srcset":"https:\/\/i0.wp.com\/asimon.eu\/blog\/wp-content\/uploads\/2019\/12\/silence-3810106_1280.png?fit=1200%2C801&ssl=1&resize=350%2C200 1x, https:\/\/i0.wp.com\/asimon.eu\/blog\/wp-content\/uploads\/2019\/12\/silence-3810106_1280.png?fit=1200%2C801&ssl=1&resize=525%2C300 1.5x, https:\/\/i0.wp.com\/asimon.eu\/blog\/wp-content\/uploads\/2019\/12\/silence-3810106_1280.png?fit=1200%2C801&ssl=1&resize=700%2C400 2x, https:\/\/i0.wp.com\/asimon.eu\/blog\/wp-content\/uploads\/2019\/12\/silence-3810106_1280.png?fit=1200%2C801&ssl=1&resize=1050%2C600 3x"},"classes":[]},{"id":474134,"url":"https:\/\/asimon.eu\/blog\/tout-le-blog\/","url_meta":{"origin":472617,"position":3},"title":"Tout le blog","author":"Andr\u00e9","date":"24 mai 2023","format":false,"excerpt":"\u00a0","rel":"","context":"Article similaire","block_context":{"text":"Article similaire","link":""},"img":{"alt_text":"","src":"https:\/\/i0.wp.com\/asimon.eu\/blog\/wp-content\/uploads\/2016\/01\/7-despedida-1-cuadernillo.png?fit=889%2C500&ssl=1&resize=350%2C200","width":350,"height":200,"srcset":"https:\/\/i0.wp.com\/asimon.eu\/blog\/wp-content\/uploads\/2016\/01\/7-despedida-1-cuadernillo.png?fit=889%2C500&ssl=1&resize=350%2C200 1x, https:\/\/i0.wp.com\/asimon.eu\/blog\/wp-content\/uploads\/2016\/01\/7-despedida-1-cuadernillo.png?fit=889%2C500&ssl=1&resize=525%2C300 1.5x, https:\/\/i0.wp.com\/asimon.eu\/blog\/wp-content\/uploads\/2016\/01\/7-despedida-1-cuadernillo.png?fit=889%2C500&ssl=1&resize=700%2C400 2x"},"classes":[]},{"id":474107,"url":"https:\/\/asimon.eu\/blog\/le-cahier-vert\/","url_meta":{"origin":472617,"position":4},"title":"Le cahier vert","author":"Andr\u00e9","date":"26 janvier 2020","format":false,"excerpt":"","rel":"","context":"Dans \"cahier vert\"","block_context":{"text":"cahier vert","link":"https:\/\/asimon.eu\/blog\/tag\/cahier-vert\/"},"img":{"alt_text":"","src":"https:\/\/i0.wp.com\/asimon.eu\/blog\/wp-content\/uploads\/2020\/01\/mots_cahier-1.jpg?fit=600%2C800&ssl=1&resize=350%2C200","width":350,"height":200,"srcset":"https:\/\/i0.wp.com\/asimon.eu\/blog\/wp-content\/uploads\/2020\/01\/mots_cahier-1.jpg?fit=600%2C800&ssl=1&resize=350%2C200 1x, https:\/\/i0.wp.com\/asimon.eu\/blog\/wp-content\/uploads\/2020\/01\/mots_cahier-1.jpg?fit=600%2C800&ssl=1&resize=525%2C300 1.5x"},"classes":[]},{"id":484497,"url":"https:\/\/asimon.eu\/blog\/rencontre\/","url_meta":{"origin":472617,"position":5},"title":"Rencontre","author":"Andr\u00e9","date":"25 mai 2023","format":false,"excerpt":"Une exp\u00e9rience exceptionnelle, \u00e0 la d\u00e9couverte d'un monde.","rel":"","context":"Dans \"Monde\"","block_context":{"text":"Monde","link":"https:\/\/asimon.eu\/blog\/tag\/monde\/"},"img":{"alt_text":"","src":"https:\/\/i0.wp.com\/asimon.eu\/blog\/wp-content\/uploads\/2022\/01\/Guajira-acogida-bebe-2.png?fit=800%2C450&ssl=1&resize=350%2C200","width":350,"height":200,"srcset":"https:\/\/i0.wp.com\/asimon.eu\/blog\/wp-content\/uploads\/2022\/01\/Guajira-acogida-bebe-2.png?fit=800%2C450&ssl=1&resize=350%2C200 1x, https:\/\/i0.wp.com\/asimon.eu\/blog\/wp-content\/uploads\/2022\/01\/Guajira-acogida-bebe-2.png?fit=800%2C450&ssl=1&resize=525%2C300 1.5x, https:\/\/i0.wp.com\/asimon.eu\/blog\/wp-content\/uploads\/2022\/01\/Guajira-acogida-bebe-2.png?fit=800%2C450&ssl=1&resize=700%2C400 2x"},"classes":[]}],"jetpack_shortlink":"https:\/\/wp.me\/P9rk1P-1YWR","jetpack_sharing_enabled":true,"jetpack_likes_enabled":true,"_links":{"self":[{"href":"https:\/\/asimon.eu\/blog\/wp-json\/wp\/v2\/pages\/472617","targetHints":{"allow":["GET"]}}],"collection":[{"href":"https:\/\/asimon.eu\/blog\/wp-json\/wp\/v2\/pages"}],"about":[{"href":"https:\/\/asimon.eu\/blog\/wp-json\/wp\/v2\/types\/page"}],"author":[{"embeddable":true,"href":"https:\/\/asimon.eu\/blog\/wp-json\/wp\/v2\/users\/1"}],"replies":[{"embeddable":true,"href":"https:\/\/asimon.eu\/blog\/wp-json\/wp\/v2\/comments?post=472617"}],"version-history":[{"count":3,"href":"https:\/\/asimon.eu\/blog\/wp-json\/wp\/v2\/pages\/472617\/revisions"}],"predecessor-version":[{"id":487246,"href":"https:\/\/asimon.eu\/blog\/wp-json\/wp\/v2\/pages\/472617\/revisions\/487246"}],"wp:featuredmedia":[{"embeddable":true,"href":"https:\/\/asimon.eu\/blog\/wp-json\/wp\/v2\/media\/473427"}],"wp:attachment":[{"href":"https:\/\/asimon.eu\/blog\/wp-json\/wp\/v2\/media?parent=472617"}],"curies":[{"name":"wp","href":"https:\/\/api.w.org\/{rel}","templated":true}]}}