{"id":903,"date":"2016-02-06T19:26:45","date_gmt":"2016-02-06T18:26:45","guid":{"rendered":"https:\/\/cemondeblog.wordpress.com\/?page_id=903"},"modified":"2021-06-19T11:45:55","modified_gmt":"2021-06-19T09:45:55","slug":"la-femme-est-lavenir-de-lhomme","status":"publish","type":"page","link":"https:\/\/asimon.eu\/blog\/la-femme-est-lavenir-de-lhomme\/","title":{"rendered":"La femme est l&rsquo;avenir de l&rsquo;homme."},"content":{"rendered":"\n<div class=\"wp-block-ugb-container ugb-container ugb-e2a4807 ugb-container--v2 ugb-container--design-basic ugb-main-block\"><style>.ugb-e2a4807-wrapper.ugb-container__wrapper{padding-top:0 !important;padding-bottom:0 !important;background-color:rgba(255,255,255,0) !important}.ugb-e2a4807-wrapper > .ugb-container__side{padding-top:35px !important;padding-bottom:35px !important;align-items:center !important}@media screen and (min-width:768px){.ugb-e2a4807-content-wrapper.ugb-container__content-wrapper{width:70% !important}}<\/style><div class=\"ugb-inner-block\"><div class=\"ugb-block-content\"><div class=\"ugb-container__wrapper ugb-e2a4807-wrapper\"><div class=\"ugb-container__side\"><div class=\"ugb-container__content-wrapper ugb-e2a4807-content-wrapper\">\n<figure class=\"wp-block-embed is-type-video is-provider-dailymotion wp-block-embed-dailymotion wp-embed-aspect-4-3 wp-has-aspect-ratio\"><div class=\"wp-block-embed__wrapper\">\n<iframe loading=\"lazy\" title=\"Jean FERRAT - La femme est l&#039;avenir de l&#039;homme\" frameborder=\"0\" width=\"843\" height=\"632\" src=\"https:\/\/www.dailymotion.com\/embed\/video\/x191oc4\" allowfullscreen allow=\"autoplay\"><\/iframe>\n<\/div><\/figure>\n<\/div><\/div><\/div><\/div><\/div><\/div>\n\n\n<p style=\"padding-left: 200px;\">Le po\u00e8te a toujours raison<br \/>Qui voit plus haut que l&rsquo;horizon<br \/>Et le futur est son royaume<br \/>Face \u00e0 notre g\u00e9n\u00e9ration<br \/>Je d\u00e9clare avec Aragon<br \/>La femme est l&rsquo;avenir de l&rsquo;homme<\/p>\n<p style=\"padding-left: 200px;\">Entre l&rsquo;ancien et le nouveau<br \/>Votre lutte \u00e0 tous les niveaux<br \/>De la n\u00f4tre est indivisible<br \/>Dans les hommes qui font les lois<br \/>Si les uns chantent par ma voix<br \/>D&rsquo;autres d\u00e9cr\u00e8tent par la bible<\/p>\n<p style=\"padding-left: 200px;\">Le po\u00e8te a toujours raison<br \/>Qui d\u00e9truit l&rsquo;ancienne oraison<br \/>L&rsquo;image d&rsquo;Eve et de la pomme<br \/>Face aux vieilles mal\u00e9dictions<br \/>Je d\u00e9clare avec Aragon<br \/>La femme est l&rsquo;avenir de l&rsquo;homme<\/p>\n<p style=\"padding-left: 200px;\">Pour accoucher sans la souffrance<br \/>Pour le contr\u00f4le des naissances<br \/>Il a fallu des mill\u00e9naires<br \/>Si nous sortons du moyen \u00e2ge<br \/>Vos si\u00e8cles d&rsquo;infini servage<br \/>P\u00e8sent encor lourd sur la terre<\/p>\n<p style=\"padding-left: 200px;\">Le po\u00e8te a toujours raison<br \/>Qui annonce la floraison<br \/>D&rsquo;autres amours en son royaume<br \/>Remet \u00e0 l&rsquo;endroit la chanson<br \/>Et d\u00e9clare avec Aragon<br \/>La femme est l&rsquo;avenir de l&rsquo;homme<\/p>\n<p style=\"padding-left: 200px;\">Il faudra r\u00e9apprendre \u00e0 vivre<br \/>Ensemble \u00e9crire un nouveau livre<br \/>Red\u00e9couvrir tous les possibles<br \/>Chaque chose enfin partag\u00e9e<br \/>Tout dans le couple va changer<br \/>D&rsquo;une mani\u00e8re irr\u00e9versible<\/p>\n<p style=\"padding-left: 200px;\">Le po\u00e8te a toujours raison<br \/>Qui voit plus haut que l&rsquo;horizon<br \/>Et le futur est son royaume<br \/>Face aux autres g\u00e9n\u00e9rations<br \/>Je d\u00e9clare avec Aragon<br \/>La femme est l&rsquo;avenir de l&rsquo;homme<\/p>\n<p style=\"text-align: left; padding-left: 280px;\">Jean Ferrat<\/p>","protected":false},"excerpt":{"rendered":"<p>Le po\u00e8te a toujours raisonQui voit plus haut que l&rsquo;horizonEt le futur est son royaumeFace \u00e0 notre g\u00e9n\u00e9rationJe d\u00e9clare avec AragonLa femme est l&rsquo;avenir de&hellip;<\/p>\n","protected":false},"author":1,"featured_media":0,"parent":0,"menu_order":0,"comment_status":"closed","ping_status":"closed","template":"","meta":{"_uag_custom_page_level_css":"","_lmt_disableupdate":"no","_lmt_disable":"","h5ap_radio_sources":[],"footnotes":""},"class_list":["post-903","page","type-page","status-publish","hentry"],"featured_image_urls_v2":{"full":"","thumbnail":"","medium":"","medium_large":"","large":"","gs-tiny":"","xl":"","xxl":"","xxxl":"","xxxxl":"","xxxxxl":"","1536x1536":"","2048x2048":"","mailpoet_newsletter_max":""},"post_excerpt_stackable_v2":"<p>Le po\u00e8te a toujours raisonQui voit plus haut que l&rsquo;horizonEt le futur est son royaumeFace \u00e0 notre g\u00e9n\u00e9rationJe d\u00e9clare avec AragonLa femme est l&rsquo;avenir de l&rsquo;homme Entre l&rsquo;ancien et le nouveauVotre lutte \u00e0 tous les niveauxDe la n\u00f4tre est indivisibleDans les hommes qui font les loisSi les uns chantent par ma voixD&rsquo;autres d\u00e9cr\u00e8tent par la bible Le po\u00e8te a toujours raisonQui d\u00e9truit l&rsquo;ancienne oraisonL&rsquo;image d&rsquo;Eve et de la pommeFace aux vieilles mal\u00e9dictionsJe d\u00e9clare avec AragonLa femme est l&rsquo;avenir de l&rsquo;homme Pour accoucher sans la souffrancePour le contr\u00f4le des naissancesIl a fallu des mill\u00e9nairesSi nous sortons du moyen \u00e2geVos si\u00e8cles d&rsquo;infini\u2026<\/p>\n","category_list_v2":"","author_info_v2":{"name":"Andr\u00e9","url":"https:\/\/asimon.eu\/blog\/author\/andre\/"},"comments_num_v2":"0 commentaire","yoast_head":"<!-- This site is optimized with the Yoast SEO plugin v27.5 - https:\/\/yoast.com\/product\/yoast-seo-wordpress\/ -->\n<title>La femme est l&#039;avenir de l&#039;homme. - Cemondeblog<\/title>\n<meta name=\"robots\" content=\"index, follow, max-snippet:-1, max-image-preview:large, max-video-preview:-1\" \/>\n<link rel=\"canonical\" href=\"https:\/\/asimon.eu\/blog\/la-femme-est-lavenir-de-lhomme\/\" \/>\n<meta property=\"og:locale\" content=\"fr_FR\" \/>\n<meta property=\"og:type\" content=\"article\" \/>\n<meta property=\"og:title\" content=\"La femme est l&#039;avenir de l&#039;homme. - Cemondeblog\" \/>\n<meta property=\"og:description\" content=\"Le po\u00e8te a toujours raisonQui voit plus haut que l&rsquo;horizonEt le futur est son royaumeFace \u00e0 notre g\u00e9n\u00e9rationJe d\u00e9clare avec AragonLa femme est l&rsquo;avenir de&hellip;\" \/>\n<meta property=\"og:url\" content=\"https:\/\/asimon.eu\/blog\/la-femme-est-lavenir-de-lhomme\/\" \/>\n<meta property=\"og:site_name\" content=\"Cemondeblog\" \/>\n<meta property=\"article:modified_time\" content=\"2021-06-19T09:45:55+00:00\" \/>\n<meta name=\"twitter:card\" content=\"summary_large_image\" \/>\n<meta name=\"twitter:site\" content=\"@olrik16\" \/>\n<meta name=\"twitter:label1\" content=\"Dur\u00e9e de lecture estim\u00e9e\" \/>\n\t<meta name=\"twitter:data1\" content=\"1 minute\" \/>\n<script type=\"application\/ld+json\" class=\"yoast-schema-graph\">{\"@context\":\"https:\\\/\\\/schema.org\",\"@graph\":[{\"@type\":\"WebPage\",\"@id\":\"https:\\\/\\\/asimon.eu\\\/blog\\\/la-femme-est-lavenir-de-lhomme\\\/\",\"url\":\"https:\\\/\\\/asimon.eu\\\/blog\\\/la-femme-est-lavenir-de-lhomme\\\/\",\"name\":\"La femme est l'avenir de l'homme. - Cemondeblog\",\"isPartOf\":{\"@id\":\"https:\\\/\\\/asimon.eu\\\/blog\\\/#website\"},\"datePublished\":\"2016-02-06T18:26:45+00:00\",\"dateModified\":\"2021-06-19T09:45:55+00:00\",\"breadcrumb\":{\"@id\":\"https:\\\/\\\/asimon.eu\\\/blog\\\/la-femme-est-lavenir-de-lhomme\\\/#breadcrumb\"},\"inLanguage\":\"fr-FR\",\"potentialAction\":[{\"@type\":\"ReadAction\",\"target\":[\"https:\\\/\\\/asimon.eu\\\/blog\\\/la-femme-est-lavenir-de-lhomme\\\/\"]}]},{\"@type\":\"BreadcrumbList\",\"@id\":\"https:\\\/\\\/asimon.eu\\\/blog\\\/la-femme-est-lavenir-de-lhomme\\\/#breadcrumb\",\"itemListElement\":[{\"@type\":\"ListItem\",\"position\":1,\"name\":\"Accueil\",\"item\":\"https:\\\/\\\/asimon.eu\\\/blog\\\/\"},{\"@type\":\"ListItem\",\"position\":2,\"name\":\"La femme est l&rsquo;avenir de l&rsquo;homme.\"}]},{\"@type\":\"WebSite\",\"@id\":\"https:\\\/\\\/asimon.eu\\\/blog\\\/#website\",\"url\":\"https:\\\/\\\/asimon.eu\\\/blog\\\/\",\"name\":\"Cemondeblog\",\"description\":\"Ce monde o\u00f9 je vis, o\u00f9 nous vivons.\",\"publisher\":{\"@id\":\"https:\\\/\\\/asimon.eu\\\/blog\\\/#\\\/schema\\\/person\\\/4aef5843155766a51be733fbdace4241\"},\"potentialAction\":[{\"@type\":\"SearchAction\",\"target\":{\"@type\":\"EntryPoint\",\"urlTemplate\":\"https:\\\/\\\/asimon.eu\\\/blog\\\/?s={search_term_string}\"},\"query-input\":{\"@type\":\"PropertyValueSpecification\",\"valueRequired\":true,\"valueName\":\"search_term_string\"}}],\"inLanguage\":\"fr-FR\"},{\"@type\":[\"Person\",\"Organization\"],\"@id\":\"https:\\\/\\\/asimon.eu\\\/blog\\\/#\\\/schema\\\/person\\\/4aef5843155766a51be733fbdace4241\",\"name\":\"Andr\u00e9\",\"image\":{\"@type\":\"ImageObject\",\"inLanguage\":\"fr-FR\",\"@id\":\"https:\\\/\\\/i0.wp.com\\\/asimon.eu\\\/blog\\\/wp-content\\\/uploads\\\/2019\\\/12\\\/cropped-rancheria-14.png?fit=1597%2C422&ssl=1\",\"url\":\"https:\\\/\\\/i0.wp.com\\\/asimon.eu\\\/blog\\\/wp-content\\\/uploads\\\/2019\\\/12\\\/cropped-rancheria-14.png?fit=1597%2C422&ssl=1\",\"contentUrl\":\"https:\\\/\\\/i0.wp.com\\\/asimon.eu\\\/blog\\\/wp-content\\\/uploads\\\/2019\\\/12\\\/cropped-rancheria-14.png?fit=1597%2C422&ssl=1\",\"width\":1597,\"height\":422,\"caption\":\"Andr\u00e9\"},\"logo\":{\"@id\":\"https:\\\/\\\/i0.wp.com\\\/asimon.eu\\\/blog\\\/wp-content\\\/uploads\\\/2019\\\/12\\\/cropped-rancheria-14.png?fit=1597%2C422&ssl=1\"},\"description\":\"Et la vie va ...\",\"sameAs\":[\"https:\\\/\\\/asimon.eu\"]}]}<\/script>\n<!-- \/ Yoast SEO plugin. -->","yoast_head_json":{"title":"La femme est l'avenir de l'homme. - Cemondeblog","robots":{"index":"index","follow":"follow","max-snippet":"max-snippet:-1","max-image-preview":"max-image-preview:large","max-video-preview":"max-video-preview:-1"},"canonical":"https:\/\/asimon.eu\/blog\/la-femme-est-lavenir-de-lhomme\/","og_locale":"fr_FR","og_type":"article","og_title":"La femme est l'avenir de l'homme. - Cemondeblog","og_description":"Le po\u00e8te a toujours raisonQui voit plus haut que l&rsquo;horizonEt le futur est son royaumeFace \u00e0 notre g\u00e9n\u00e9rationJe d\u00e9clare avec AragonLa femme est l&rsquo;avenir de&hellip;","og_url":"https:\/\/asimon.eu\/blog\/la-femme-est-lavenir-de-lhomme\/","og_site_name":"Cemondeblog","article_modified_time":"2021-06-19T09:45:55+00:00","twitter_card":"summary_large_image","twitter_site":"@olrik16","twitter_misc":{"Dur\u00e9e de lecture estim\u00e9e":"1 minute"},"schema":{"@context":"https:\/\/schema.org","@graph":[{"@type":"WebPage","@id":"https:\/\/asimon.eu\/blog\/la-femme-est-lavenir-de-lhomme\/","url":"https:\/\/asimon.eu\/blog\/la-femme-est-lavenir-de-lhomme\/","name":"La femme est l'avenir de l'homme. - Cemondeblog","isPartOf":{"@id":"https:\/\/asimon.eu\/blog\/#website"},"datePublished":"2016-02-06T18:26:45+00:00","dateModified":"2021-06-19T09:45:55+00:00","breadcrumb":{"@id":"https:\/\/asimon.eu\/blog\/la-femme-est-lavenir-de-lhomme\/#breadcrumb"},"inLanguage":"fr-FR","potentialAction":[{"@type":"ReadAction","target":["https:\/\/asimon.eu\/blog\/la-femme-est-lavenir-de-lhomme\/"]}]},{"@type":"BreadcrumbList","@id":"https:\/\/asimon.eu\/blog\/la-femme-est-lavenir-de-lhomme\/#breadcrumb","itemListElement":[{"@type":"ListItem","position":1,"name":"Accueil","item":"https:\/\/asimon.eu\/blog\/"},{"@type":"ListItem","position":2,"name":"La femme est l&rsquo;avenir de l&rsquo;homme."}]},{"@type":"WebSite","@id":"https:\/\/asimon.eu\/blog\/#website","url":"https:\/\/asimon.eu\/blog\/","name":"Cemondeblog","description":"Ce monde o\u00f9 je vis, o\u00f9 nous vivons.","publisher":{"@id":"https:\/\/asimon.eu\/blog\/#\/schema\/person\/4aef5843155766a51be733fbdace4241"},"potentialAction":[{"@type":"SearchAction","target":{"@type":"EntryPoint","urlTemplate":"https:\/\/asimon.eu\/blog\/?s={search_term_string}"},"query-input":{"@type":"PropertyValueSpecification","valueRequired":true,"valueName":"search_term_string"}}],"inLanguage":"fr-FR"},{"@type":["Person","Organization"],"@id":"https:\/\/asimon.eu\/blog\/#\/schema\/person\/4aef5843155766a51be733fbdace4241","name":"Andr\u00e9","image":{"@type":"ImageObject","inLanguage":"fr-FR","@id":"https:\/\/i0.wp.com\/asimon.eu\/blog\/wp-content\/uploads\/2019\/12\/cropped-rancheria-14.png?fit=1597%2C422&ssl=1","url":"https:\/\/i0.wp.com\/asimon.eu\/blog\/wp-content\/uploads\/2019\/12\/cropped-rancheria-14.png?fit=1597%2C422&ssl=1","contentUrl":"https:\/\/i0.wp.com\/asimon.eu\/blog\/wp-content\/uploads\/2019\/12\/cropped-rancheria-14.png?fit=1597%2C422&ssl=1","width":1597,"height":422,"caption":"Andr\u00e9"},"logo":{"@id":"https:\/\/i0.wp.com\/asimon.eu\/blog\/wp-content\/uploads\/2019\/12\/cropped-rancheria-14.png?fit=1597%2C422&ssl=1"},"description":"Et la vie va ...","sameAs":["https:\/\/asimon.eu"]}]}},"uagb_featured_image_src":{"full":false,"thumbnail":false,"medium":false,"medium_large":false,"large":false,"gs-tiny":false,"xl":false,"xxl":false,"xxxl":false,"xxxxl":false,"xxxxxl":false,"1536x1536":false,"2048x2048":false,"mailpoet_newsletter_max":false},"uagb_author_info":{"display_name":"Andr\u00e9","author_link":"https:\/\/asimon.eu\/blog\/author\/andre\/"},"uagb_comment_info":0,"uagb_excerpt":"Le po\u00e8te a toujours raisonQui voit plus haut que l&rsquo;horizonEt le futur est son royaumeFace \u00e0 notre g\u00e9n\u00e9rationJe d\u00e9clare avec AragonLa femme est l&rsquo;avenir de&hellip;","jetpack-related-posts":[{"id":2016,"url":"https:\/\/asimon.eu\/blog\/evidemment\/","url_meta":{"origin":903,"position":0},"title":"Evidemment","author":"Andr\u00e9","date":"5 avril 2016","format":false,"excerpt":"https:\/\/dai.ly\/x121i59 Y a comme un go\u00fbt amer en nous Comme un go\u00fbt de poussi\u00e8re dans tout Et la col\u00e8re qui nous suit partoutY a des silences qui disent beaucoup Plus que tous les mots qu'on avoue Et toutes ces questions qui ne tiennent pas debout\u00c9videmment \u00c9videmment On danse encore Sur\u2026","rel":"","context":"Dans \"danse\"","block_context":{"text":"danse","link":"https:\/\/asimon.eu\/blog\/tag\/danse\/"},"img":{"alt_text":"","src":"","width":0,"height":0},"classes":[]},{"id":945,"url":"https:\/\/asimon.eu\/blog\/pour-les-enfants-du-monde-entier\/","url_meta":{"origin":903,"position":1},"title":"Pour les enfants du monde entier","author":"Andr\u00e9","date":"9 f\u00e9vrier 2016","format":false,"excerpt":"https:\/\/dai.ly\/x5s5w29 Pour les enfants du monde entierQui n'ont plus rien \u00e0 esp\u00e9rerJe voudrais faire une pri\u00e8re\u00c0 tous les Ma\u00eetres de la Terre \u00c0 chaque enfant qui dispara\u00eetC'est l'Univers qui tire un traitSur un espoir pour l'avenirDe pouvoir nous appartenir J'ai vu des enfants s'en allerSourire aux l\u00e8vres et c\u0153ur l\u00e9gerVers\u2026","rel":"","context":"Dans \"bonheur\"","block_context":{"text":"bonheur","link":"https:\/\/asimon.eu\/blog\/tag\/bonheur\/"},"img":{"alt_text":"","src":"","width":0,"height":0},"classes":[]},{"id":2073,"url":"https:\/\/asimon.eu\/blog\/les-passantes-le-passanti\/","url_meta":{"origin":903,"position":2},"title":"Les passantes &#8211; Le passanti","author":"Andr\u00e9","date":"9 avril 2016","format":false,"excerpt":"https:\/\/youtu.be\/OV5bI0tixYQ https:\/\/youtu.be\/AVN8mjhKdOY https:\/\/youtu.be\/yE3VZfGJTZc Les Passantes Je veux d\u00e9dier ce po\u00e8meA toutes les femmes qu'on aimePendant quelques instants secrets,A celles qu'on connait \u00e0 peine,Qu'un destin diff\u00e9rent entra\u00eeneEt qu'on ne retrouve jamais. A celle qu'on voit appara\u00eetreUne seconde \u00e0 sa fen\u00eatre,Et qui, preste, s'\u00e9vanouit,Mais dont la svelte silhouetteEst si gracieuse et fluetteQu'on\u2026","rel":"","context":"Dans \"avenir\"","block_context":{"text":"avenir","link":"https:\/\/asimon.eu\/blog\/tag\/avenir\/"},"img":{"alt_text":"","src":"https:\/\/i0.wp.com\/img.youtube.com\/vi\/OV5bI0tixYQ\/0.jpg?resize=350%2C200","width":350,"height":200},"classes":[]},{"id":747,"url":"https:\/\/asimon.eu\/blog\/fils-de\/","url_meta":{"origin":903,"position":3},"title":"Fils de &#8230;","author":"Andr\u00e9","date":"2 f\u00e9vrier 2016","format":false,"excerpt":"https:\/\/dai.ly\/x337u0 Fils de bourgeoisOu fils d'ap\u00f4tresTous les enfantsSont comme les v\u00f4tresFils de C\u00e9sarOu fils de rienTous les enfantsSont comme le tienLe m\u00eame sourireLes m\u00eames larmesLes m\u00eames alarmesLes m\u00eames soupirsFils de C\u00e9sarOu fils de rienTous les enfantsSont comme le tienCe n'est qu'apr\u00e8sLongtemps apr\u00e8sMais fils de sultanFils de fakirTous les enfantsOnt un\u2026","rel":"","context":"Dans \"Enfants\"","block_context":{"text":"Enfants","link":"https:\/\/asimon.eu\/blog\/tag\/enfants\/"},"img":{"alt_text":"","src":"","width":0,"height":0},"classes":[]},{"id":1896,"url":"https:\/\/asimon.eu\/blog\/non-non-rien-na-change\/","url_meta":{"origin":903,"position":4},"title":"Non, non, rien n&rsquo;a chang\u00e9","author":"Andr\u00e9","date":"2 avril 2016","format":false,"excerpt":"https:\/\/dai.ly\/x2q19hl C'est l'histoire d'une tr\u00eaveQue j'avais demand\u00e9eC'est l'histoire d'un soleilQue l'avais esp\u00e9r\u00e9C'est l'histoire d'un amourQue je croyais vivantC'est l'histoire d'un beau jourQue moi petit enfantJe voulais \u00eatre heureuxPour toutes la plan\u00e8teJe voulais, j'esp\u00e9raisQue la paix r\u00e8gne en ma\u00eetreEn ce soir de No\u00eblMais tout a continu\u00e9Mais tout a continu\u00e9Mais tout a\u2026","rel":"","context":"Dans \"chant\"","block_context":{"text":"chant","link":"https:\/\/asimon.eu\/blog\/tag\/chant\/"},"img":{"alt_text":"","src":"","width":0,"height":0},"classes":[]},{"id":1581,"url":"https:\/\/asimon.eu\/blog\/le-vieux\/","url_meta":{"origin":903,"position":5},"title":"Le vieux","author":"Andr\u00e9","date":"13 mars 2016","format":false,"excerpt":"https:\/\/dai.ly\/x1cfzt Combien d'entre nous ont vuLe vieux qui passe dans la rue\u00c9pouvantail tout grisQue la cit\u00e9 a exclu La rue et les gens et le mondeVont bien trop vite pour luiDans ses yeux absents d'enfantNe passe que l'effroi du temps Pour descendre et remonterSix \u00e9tages d'escaliersIl faut l'\u00e9ternit\u00e9Quelle faute a-t-il\u2026","rel":"","context":"Dans \"Enfants\"","block_context":{"text":"Enfants","link":"https:\/\/asimon.eu\/blog\/tag\/enfants\/"},"img":{"alt_text":"","src":"","width":0,"height":0},"classes":[]}],"jetpack_shortlink":"https:\/\/wp.me\/P9rk1P-ez","jetpack_sharing_enabled":true,"jetpack_likes_enabled":true,"_links":{"self":[{"href":"https:\/\/asimon.eu\/blog\/wp-json\/wp\/v2\/pages\/903","targetHints":{"allow":["GET"]}}],"collection":[{"href":"https:\/\/asimon.eu\/blog\/wp-json\/wp\/v2\/pages"}],"about":[{"href":"https:\/\/asimon.eu\/blog\/wp-json\/wp\/v2\/types\/page"}],"author":[{"embeddable":true,"href":"https:\/\/asimon.eu\/blog\/wp-json\/wp\/v2\/users\/1"}],"replies":[{"embeddable":true,"href":"https:\/\/asimon.eu\/blog\/wp-json\/wp\/v2\/comments?post=903"}],"version-history":[{"count":2,"href":"https:\/\/asimon.eu\/blog\/wp-json\/wp\/v2\/pages\/903\/revisions"}],"predecessor-version":[{"id":478305,"href":"https:\/\/asimon.eu\/blog\/wp-json\/wp\/v2\/pages\/903\/revisions\/478305"}],"wp:attachment":[{"href":"https:\/\/asimon.eu\/blog\/wp-json\/wp\/v2\/media?parent=903"}],"curies":[{"name":"wp","href":"https:\/\/api.w.org\/{rel}","templated":true}]}}