{"id":945,"date":"2016-02-09T14:51:54","date_gmt":"2016-02-09T13:51:54","guid":{"rendered":"https:\/\/cemondeblog.wordpress.com\/?page_id=945"},"modified":"2021-06-19T12:13:25","modified_gmt":"2021-06-19T10:13:25","slug":"pour-les-enfants-du-monde-entier","status":"publish","type":"page","link":"https:\/\/asimon.eu\/blog\/pour-les-enfants-du-monde-entier\/","title":{"rendered":"Pour les enfants du monde entier"},"content":{"rendered":"\n<div class=\"wp-block-ugb-container ugb-container ugb-968ad2f ugb-container--v2 ugb-container--design-basic ugb-main-block\"><style>.ugb-968ad2f-wrapper.ugb-container__wrapper{padding-top:0 !important;padding-bottom:0 !important;background-color:rgba(255,255,255,0) !important}.ugb-968ad2f-wrapper > .ugb-container__side{padding-top:35px !important;padding-bottom:35px !important}@media screen and (min-width:768px){.ugb-968ad2f-content-wrapper.ugb-container__content-wrapper{width:70% !important}}<\/style><div class=\"ugb-inner-block\"><div class=\"ugb-block-content\"><div class=\"ugb-container__wrapper ugb-968ad2f-wrapper\"><div class=\"ugb-container__side\"><div class=\"ugb-container__content-wrapper ugb-968ad2f-content-wrapper\">\n<figure class=\"wp-block-embed is-type-video is-provider-dailymotion wp-block-embed-dailymotion wp-embed-aspect-4-3 wp-has-aspect-ratio\"><div class=\"wp-block-embed__wrapper\">\n<iframe loading=\"lazy\" title=\"Yves Duteil - Pour les enfants du monde\" frameborder=\"0\" width=\"843\" height=\"632\" src=\"https:\/\/www.dailymotion.com\/embed\/video\/x5s5w29\" allowfullscreen allow=\"autoplay\"><\/iframe>\n<\/div><\/figure>\n<\/div><\/div><\/div><\/div><\/div><\/div>\n\n\n<p style=\"padding-left: 200px;\">Pour les enfants du monde entier<br>Qui n&rsquo;ont plus rien \u00e0 esp\u00e9rer<br>Je voudrais faire une pri\u00e8re<br>\u00c0 tous les Ma\u00eetres de la Terre<\/p>\n<p style=\"padding-left: 200px;\">\u00c0 chaque enfant qui dispara\u00eet<br>C&rsquo;est l&rsquo;Univers qui tire un trait<br>Sur un espoir pour l&rsquo;avenir<br>De pouvoir nous appartenir<\/p>\n<p style=\"padding-left: 200px;\">J&rsquo;ai vu des enfants s&rsquo;en aller<br>Sourire aux l\u00e8vres et c\u0153ur l\u00e9ger<br>Vers la mort et le paradis<br>Que des adultes avaient promis<\/p>\n<p style=\"padding-left: 200px;\">Mais quand ils sautaient sur les mines<br>C&rsquo;\u00e9tait Mozart qu&rsquo;on assassine<br>Si le bonheur est \u00e0 ce prix<br>De quel enfer s&rsquo;est-il nourri?<\/p>\n<p style=\"padding-left: 200px;\">Et combien faudra-t-il payer<br>De silence et d&rsquo;obscurit\u00e9<br>Pour effacer dans les m\u00e9moires<br>Le souvenir de leur histoire?<\/p>\n<p style=\"padding-left: 200px;\">Quel testament, quel \u00e9vangile<br>Quelle main aveugle ou imb\u00e9cile<br>Peut condamner tant d&rsquo;innocence<br>\u00c0 tant de larmes et de souffrances?<\/p>\n<p style=\"padding-left: 200px;\">La peur, la haine et la violence<br>Ont mis le feu \u00e0 leur enfance<br>Leurs chemins se sont h\u00e9riss\u00e9s<br>De mis\u00e8re et de barbel\u00e9s<\/p>\n<p style=\"padding-left: 200px;\">Peut-on convaincre un dictateur<br>D&rsquo;\u00e9couter battre un peu son c\u0153ur?<br>Peut-on souhaiter d&rsquo;un pr\u00e9sident<br>Qu&rsquo;il pleure aussi de temps en temps?<\/p>\n<p style=\"padding-left: 200px;\">Pour les enfants du monde entier<\/p>\n<p style=\"padding-left: 200px;\">Qui n&rsquo;ont de voix que pour pleurer<br>Je voudrais faire une pri\u00e8re<br>\u00c0 tous les Ma\u00eetres de la Terre<\/p>\n<p style=\"padding-left: 200px;\">Dans vos sommeils de somnif\u00e8res<br>O\u00f9 vous dormez les yeux ouverts<br>Laissez souffler pour un instant<br>La magie de vos c\u0153urs d&rsquo;enfants<\/p>\n<p style=\"padding-left: 200px;\">Puisque l&rsquo;on sait de par le monde<br>Faire la paix pour quelques secondes<br>Au nom du P\u00e8re et pour No\u00ebl<br>Que la tr\u00eave soit \u00e9ternelle<\/p>\n<p style=\"padding-left: 200px;\">Qu&rsquo;elle taise \u00e0 jamais les ranc\u0153urs<br>Et qu&rsquo;elle apaise au fond des c\u0153urs<br>La vengeance et la cruaut\u00e9<br>Jusqu&rsquo;au bout de l&rsquo;\u00e9ternit\u00e9<\/p>\n<p style=\"padding-left: 200px;\">Je n&rsquo;ai pas l&rsquo;ombre d&rsquo;un pouvoir<br>Mais j&rsquo;ai le c\u0153ur rempli d&rsquo;espoir<br>Et de chansons pour aujourd&rsquo;hui<br>Que sont des hymnes pour la vie<\/p>\n<p style=\"padding-left: 200px;\">Et des ghettos, des bidonvilles<br>Du c\u0153ur du si\u00e8cle de l&rsquo;exil<br>Des voix s&rsquo;\u00e9l\u00e8vent un peu partout<br>Qui font chanter les gens debout<\/p>\n<p style=\"padding-left: 200px;\">Vous pouvez fermer vos fronti\u00e8res<br>Bloquer vos ports et vos rivi\u00e8res<br>Mais les chansons voyagent \u00e0 pied<br>En secret dans des c\u0153urs ferm\u00e9s<\/p>\n<p style=\"padding-left: 200px;\">Ce sont les m\u00e8res qui les apprennent<br>\u00e0 leurs enfants qui les reprennent<br>Elles finiront par \u00e9clater<br>Sous le ciel de la libert\u00e9<\/p>\n<p style=\"padding-left: 200px;\">Pour les enfants du monde entier.<\/p>\n<p style=\"padding-left: 200px; text-align: center;\"><em>Yves Duteil<\/em><\/p>","protected":false},"excerpt":{"rendered":"<p>Pour les enfants du monde entierQui n&rsquo;ont plus rien \u00e0 esp\u00e9rerJe voudrais faire une pri\u00e8re\u00c0 tous les Ma\u00eetres de la Terre \u00c0 chaque enfant qui&hellip;<\/p>\n","protected":false},"author":1,"featured_media":0,"parent":0,"menu_order":0,"comment_status":"closed","ping_status":"closed","template":"","meta":{"_uag_custom_page_level_css":"","_lmt_disableupdate":"no","_lmt_disable":"","h5ap_radio_sources":[],"jetpack_post_was_ever_published":false,"footnotes":""},"class_list":["post-945","page","type-page","status-publish","hentry"],"featured_image_urls_v2":{"full":"","thumbnail":"","medium":"","medium_large":"","large":"","gs-tiny":"","xl":"","xxl":"","xxxl":"","xxxxl":"","xxxxxl":"","1536x1536":"","2048x2048":"","mailpoet_newsletter_max":""},"post_excerpt_stackable_v2":"<p>Pour les enfants du monde entierQui n&rsquo;ont plus rien \u00e0 esp\u00e9rerJe voudrais faire une pri\u00e8re\u00c0 tous les Ma\u00eetres de la Terre \u00c0 chaque enfant qui dispara\u00eetC&rsquo;est l&rsquo;Univers qui tire un traitSur un espoir pour l&rsquo;avenirDe pouvoir nous appartenir J&rsquo;ai vu des enfants s&rsquo;en allerSourire aux l\u00e8vres et c\u0153ur l\u00e9gerVers la mort et le paradisQue des adultes avaient promis Mais quand ils sautaient sur les minesC&rsquo;\u00e9tait Mozart qu&rsquo;on assassineSi le bonheur est \u00e0 ce prixDe quel enfer s&rsquo;est-il nourri? Et combien faudra-t-il payerDe silence et d&rsquo;obscurit\u00e9Pour effacer dans les m\u00e9moiresLe souvenir de leur histoire? Quel testament, quel \u00e9vangileQuelle main aveugle ou\u2026<\/p>\n","category_list_v2":"","author_info_v2":{"name":"Andr\u00e9","url":"https:\/\/asimon.eu\/blog\/author\/andre\/"},"comments_num_v2":"0 commentaire","yoast_head":"<!-- This site is optimized with the Yoast SEO plugin v27.4 - https:\/\/yoast.com\/product\/yoast-seo-wordpress\/ -->\n<title>Pour les enfants du monde entier - Cemondeblog<\/title>\n<meta name=\"robots\" content=\"index, follow, max-snippet:-1, max-image-preview:large, max-video-preview:-1\" \/>\n<link rel=\"canonical\" href=\"https:\/\/asimon.eu\/blog\/pour-les-enfants-du-monde-entier\/\" \/>\n<meta property=\"og:locale\" content=\"fr_FR\" \/>\n<meta property=\"og:type\" content=\"article\" \/>\n<meta property=\"og:title\" content=\"Pour les enfants du monde entier - Cemondeblog\" \/>\n<meta property=\"og:description\" content=\"Pour les enfants du monde entierQui n&rsquo;ont plus rien \u00e0 esp\u00e9rerJe voudrais faire une pri\u00e8re\u00c0 tous les Ma\u00eetres de la Terre \u00c0 chaque enfant qui&hellip;\" \/>\n<meta property=\"og:url\" content=\"https:\/\/asimon.eu\/blog\/pour-les-enfants-du-monde-entier\/\" \/>\n<meta property=\"og:site_name\" content=\"Cemondeblog\" \/>\n<meta property=\"article:modified_time\" content=\"2021-06-19T10:13:25+00:00\" \/>\n<meta name=\"twitter:card\" content=\"summary_large_image\" \/>\n<meta name=\"twitter:site\" content=\"@olrik16\" \/>\n<meta name=\"twitter:label1\" content=\"Dur\u00e9e de lecture estim\u00e9e\" \/>\n\t<meta name=\"twitter:data1\" content=\"2 minutes\" \/>\n<script type=\"application\/ld+json\" class=\"yoast-schema-graph\">{\"@context\":\"https:\\\/\\\/schema.org\",\"@graph\":[{\"@type\":\"WebPage\",\"@id\":\"https:\\\/\\\/asimon.eu\\\/blog\\\/pour-les-enfants-du-monde-entier\\\/\",\"url\":\"https:\\\/\\\/asimon.eu\\\/blog\\\/pour-les-enfants-du-monde-entier\\\/\",\"name\":\"Pour les enfants du monde entier - Cemondeblog\",\"isPartOf\":{\"@id\":\"https:\\\/\\\/asimon.eu\\\/blog\\\/#website\"},\"datePublished\":\"2016-02-09T13:51:54+00:00\",\"dateModified\":\"2021-06-19T10:13:25+00:00\",\"breadcrumb\":{\"@id\":\"https:\\\/\\\/asimon.eu\\\/blog\\\/pour-les-enfants-du-monde-entier\\\/#breadcrumb\"},\"inLanguage\":\"fr-FR\",\"potentialAction\":[{\"@type\":\"ReadAction\",\"target\":[\"https:\\\/\\\/asimon.eu\\\/blog\\\/pour-les-enfants-du-monde-entier\\\/\"]}]},{\"@type\":\"BreadcrumbList\",\"@id\":\"https:\\\/\\\/asimon.eu\\\/blog\\\/pour-les-enfants-du-monde-entier\\\/#breadcrumb\",\"itemListElement\":[{\"@type\":\"ListItem\",\"position\":1,\"name\":\"Accueil\",\"item\":\"https:\\\/\\\/asimon.eu\\\/blog\\\/\"},{\"@type\":\"ListItem\",\"position\":2,\"name\":\"Pour les enfants du monde entier\"}]},{\"@type\":\"WebSite\",\"@id\":\"https:\\\/\\\/asimon.eu\\\/blog\\\/#website\",\"url\":\"https:\\\/\\\/asimon.eu\\\/blog\\\/\",\"name\":\"Cemondeblog\",\"description\":\"Ce monde o\u00f9 je vis, o\u00f9 nous vivons.\",\"publisher\":{\"@id\":\"https:\\\/\\\/asimon.eu\\\/blog\\\/#\\\/schema\\\/person\\\/4aef5843155766a51be733fbdace4241\"},\"potentialAction\":[{\"@type\":\"SearchAction\",\"target\":{\"@type\":\"EntryPoint\",\"urlTemplate\":\"https:\\\/\\\/asimon.eu\\\/blog\\\/?s={search_term_string}\"},\"query-input\":{\"@type\":\"PropertyValueSpecification\",\"valueRequired\":true,\"valueName\":\"search_term_string\"}}],\"inLanguage\":\"fr-FR\"},{\"@type\":[\"Person\",\"Organization\"],\"@id\":\"https:\\\/\\\/asimon.eu\\\/blog\\\/#\\\/schema\\\/person\\\/4aef5843155766a51be733fbdace4241\",\"name\":\"Andr\u00e9\",\"image\":{\"@type\":\"ImageObject\",\"inLanguage\":\"fr-FR\",\"@id\":\"https:\\\/\\\/i0.wp.com\\\/asimon.eu\\\/blog\\\/wp-content\\\/uploads\\\/2019\\\/12\\\/cropped-rancheria-14.png?fit=1597%2C422&ssl=1\",\"url\":\"https:\\\/\\\/i0.wp.com\\\/asimon.eu\\\/blog\\\/wp-content\\\/uploads\\\/2019\\\/12\\\/cropped-rancheria-14.png?fit=1597%2C422&ssl=1\",\"contentUrl\":\"https:\\\/\\\/i0.wp.com\\\/asimon.eu\\\/blog\\\/wp-content\\\/uploads\\\/2019\\\/12\\\/cropped-rancheria-14.png?fit=1597%2C422&ssl=1\",\"width\":1597,\"height\":422,\"caption\":\"Andr\u00e9\"},\"logo\":{\"@id\":\"https:\\\/\\\/i0.wp.com\\\/asimon.eu\\\/blog\\\/wp-content\\\/uploads\\\/2019\\\/12\\\/cropped-rancheria-14.png?fit=1597%2C422&ssl=1\"},\"description\":\"Et la vie va ...\",\"sameAs\":[\"https:\\\/\\\/asimon.eu\"]}]}<\/script>\n<!-- \/ Yoast SEO plugin. -->","yoast_head_json":{"title":"Pour les enfants du monde entier - Cemondeblog","robots":{"index":"index","follow":"follow","max-snippet":"max-snippet:-1","max-image-preview":"max-image-preview:large","max-video-preview":"max-video-preview:-1"},"canonical":"https:\/\/asimon.eu\/blog\/pour-les-enfants-du-monde-entier\/","og_locale":"fr_FR","og_type":"article","og_title":"Pour les enfants du monde entier - Cemondeblog","og_description":"Pour les enfants du monde entierQui n&rsquo;ont plus rien \u00e0 esp\u00e9rerJe voudrais faire une pri\u00e8re\u00c0 tous les Ma\u00eetres de la Terre \u00c0 chaque enfant qui&hellip;","og_url":"https:\/\/asimon.eu\/blog\/pour-les-enfants-du-monde-entier\/","og_site_name":"Cemondeblog","article_modified_time":"2021-06-19T10:13:25+00:00","twitter_card":"summary_large_image","twitter_site":"@olrik16","twitter_misc":{"Dur\u00e9e de lecture estim\u00e9e":"2 minutes"},"schema":{"@context":"https:\/\/schema.org","@graph":[{"@type":"WebPage","@id":"https:\/\/asimon.eu\/blog\/pour-les-enfants-du-monde-entier\/","url":"https:\/\/asimon.eu\/blog\/pour-les-enfants-du-monde-entier\/","name":"Pour les enfants du monde entier - Cemondeblog","isPartOf":{"@id":"https:\/\/asimon.eu\/blog\/#website"},"datePublished":"2016-02-09T13:51:54+00:00","dateModified":"2021-06-19T10:13:25+00:00","breadcrumb":{"@id":"https:\/\/asimon.eu\/blog\/pour-les-enfants-du-monde-entier\/#breadcrumb"},"inLanguage":"fr-FR","potentialAction":[{"@type":"ReadAction","target":["https:\/\/asimon.eu\/blog\/pour-les-enfants-du-monde-entier\/"]}]},{"@type":"BreadcrumbList","@id":"https:\/\/asimon.eu\/blog\/pour-les-enfants-du-monde-entier\/#breadcrumb","itemListElement":[{"@type":"ListItem","position":1,"name":"Accueil","item":"https:\/\/asimon.eu\/blog\/"},{"@type":"ListItem","position":2,"name":"Pour les enfants du monde entier"}]},{"@type":"WebSite","@id":"https:\/\/asimon.eu\/blog\/#website","url":"https:\/\/asimon.eu\/blog\/","name":"Cemondeblog","description":"Ce monde o\u00f9 je vis, o\u00f9 nous vivons.","publisher":{"@id":"https:\/\/asimon.eu\/blog\/#\/schema\/person\/4aef5843155766a51be733fbdace4241"},"potentialAction":[{"@type":"SearchAction","target":{"@type":"EntryPoint","urlTemplate":"https:\/\/asimon.eu\/blog\/?s={search_term_string}"},"query-input":{"@type":"PropertyValueSpecification","valueRequired":true,"valueName":"search_term_string"}}],"inLanguage":"fr-FR"},{"@type":["Person","Organization"],"@id":"https:\/\/asimon.eu\/blog\/#\/schema\/person\/4aef5843155766a51be733fbdace4241","name":"Andr\u00e9","image":{"@type":"ImageObject","inLanguage":"fr-FR","@id":"https:\/\/i0.wp.com\/asimon.eu\/blog\/wp-content\/uploads\/2019\/12\/cropped-rancheria-14.png?fit=1597%2C422&ssl=1","url":"https:\/\/i0.wp.com\/asimon.eu\/blog\/wp-content\/uploads\/2019\/12\/cropped-rancheria-14.png?fit=1597%2C422&ssl=1","contentUrl":"https:\/\/i0.wp.com\/asimon.eu\/blog\/wp-content\/uploads\/2019\/12\/cropped-rancheria-14.png?fit=1597%2C422&ssl=1","width":1597,"height":422,"caption":"Andr\u00e9"},"logo":{"@id":"https:\/\/i0.wp.com\/asimon.eu\/blog\/wp-content\/uploads\/2019\/12\/cropped-rancheria-14.png?fit=1597%2C422&ssl=1"},"description":"Et la vie va ...","sameAs":["https:\/\/asimon.eu"]}]}},"uagb_featured_image_src":{"full":false,"thumbnail":false,"medium":false,"medium_large":false,"large":false,"gs-tiny":false,"xl":false,"xxl":false,"xxxl":false,"xxxxl":false,"xxxxxl":false,"1536x1536":false,"2048x2048":false,"mailpoet_newsletter_max":false},"uagb_author_info":{"display_name":"Andr\u00e9","author_link":"https:\/\/asimon.eu\/blog\/author\/andre\/"},"uagb_comment_info":0,"uagb_excerpt":"Pour les enfants du monde entierQui n&rsquo;ont plus rien \u00e0 esp\u00e9rerJe voudrais faire une pri\u00e8re\u00c0 tous les Ma\u00eetres de la Terre \u00c0 chaque enfant qui&hellip;","jetpack-related-posts":[{"id":2016,"url":"https:\/\/asimon.eu\/blog\/evidemment\/","url_meta":{"origin":945,"position":0},"title":"Evidemment","author":"Andr\u00e9","date":"5 avril 2016","format":false,"excerpt":"https:\/\/dai.ly\/x121i59 Y a comme un go\u00fbt amer en nous Comme un go\u00fbt de poussi\u00e8re dans tout Et la col\u00e8re qui nous suit partoutY a des silences qui disent beaucoup Plus que tous les mots qu'on avoue Et toutes ces questions qui ne tiennent pas debout\u00c9videmment \u00c9videmment On danse encore Sur\u2026","rel":"","context":"Dans \"danse\"","block_context":{"text":"danse","link":"https:\/\/asimon.eu\/blog\/tag\/danse\/"},"img":{"alt_text":"","src":"","width":0,"height":0},"classes":[]},{"id":903,"url":"https:\/\/asimon.eu\/blog\/la-femme-est-lavenir-de-lhomme\/","url_meta":{"origin":945,"position":1},"title":"La femme est l&rsquo;avenir de l&rsquo;homme.","author":"Andr\u00e9","date":"6 f\u00e9vrier 2016","format":false,"excerpt":"https:\/\/dai.ly\/x191oc4 Le po\u00e8te a toujours raisonQui voit plus haut que l'horizonEt le futur est son royaumeFace \u00e0 notre g\u00e9n\u00e9rationJe d\u00e9clare avec AragonLa femme est l'avenir de l'homme Entre l'ancien et le nouveauVotre lutte \u00e0 tous les niveauxDe la n\u00f4tre est indivisibleDans les hommes qui font les loisSi les uns chantent\u2026","rel":"","context":"Dans \"Aragon\"","block_context":{"text":"Aragon","link":"https:\/\/asimon.eu\/blog\/tag\/aragon\/"},"img":{"alt_text":"","src":"","width":0,"height":0},"classes":[]},{"id":2073,"url":"https:\/\/asimon.eu\/blog\/les-passantes-le-passanti\/","url_meta":{"origin":945,"position":2},"title":"Les passantes &#8211; Le passanti","author":"Andr\u00e9","date":"9 avril 2016","format":false,"excerpt":"https:\/\/youtu.be\/OV5bI0tixYQ https:\/\/youtu.be\/AVN8mjhKdOY https:\/\/youtu.be\/yE3VZfGJTZc Les Passantes Je veux d\u00e9dier ce po\u00e8meA toutes les femmes qu'on aimePendant quelques instants secrets,A celles qu'on connait \u00e0 peine,Qu'un destin diff\u00e9rent entra\u00eeneEt qu'on ne retrouve jamais. A celle qu'on voit appara\u00eetreUne seconde \u00e0 sa fen\u00eatre,Et qui, preste, s'\u00e9vanouit,Mais dont la svelte silhouetteEst si gracieuse et fluetteQu'on\u2026","rel":"","context":"Dans \"avenir\"","block_context":{"text":"avenir","link":"https:\/\/asimon.eu\/blog\/tag\/avenir\/"},"img":{"alt_text":"","src":"https:\/\/i0.wp.com\/img.youtube.com\/vi\/OV5bI0tixYQ\/0.jpg?resize=350%2C200","width":350,"height":200},"classes":[]},{"id":1581,"url":"https:\/\/asimon.eu\/blog\/le-vieux\/","url_meta":{"origin":945,"position":3},"title":"Le vieux","author":"Andr\u00e9","date":"13 mars 2016","format":false,"excerpt":"https:\/\/dai.ly\/x1cfzt Combien d'entre nous ont vuLe vieux qui passe dans la rue\u00c9pouvantail tout grisQue la cit\u00e9 a exclu La rue et les gens et le mondeVont bien trop vite pour luiDans ses yeux absents d'enfantNe passe que l'effroi du temps Pour descendre et remonterSix \u00e9tages d'escaliersIl faut l'\u00e9ternit\u00e9Quelle faute a-t-il\u2026","rel":"","context":"Dans \"Enfants\"","block_context":{"text":"Enfants","link":"https:\/\/asimon.eu\/blog\/tag\/enfants\/"},"img":{"alt_text":"","src":"","width":0,"height":0},"classes":[]},{"id":747,"url":"https:\/\/asimon.eu\/blog\/fils-de\/","url_meta":{"origin":945,"position":4},"title":"Fils de &#8230;","author":"Andr\u00e9","date":"2 f\u00e9vrier 2016","format":false,"excerpt":"https:\/\/dai.ly\/x337u0 Fils de bourgeoisOu fils d'ap\u00f4tresTous les enfantsSont comme les v\u00f4tresFils de C\u00e9sarOu fils de rienTous les enfantsSont comme le tienLe m\u00eame sourireLes m\u00eames larmesLes m\u00eames alarmesLes m\u00eames soupirsFils de C\u00e9sarOu fils de rienTous les enfantsSont comme le tienCe n'est qu'apr\u00e8sLongtemps apr\u00e8sMais fils de sultanFils de fakirTous les enfantsOnt un\u2026","rel":"","context":"Dans \"Enfants\"","block_context":{"text":"Enfants","link":"https:\/\/asimon.eu\/blog\/tag\/enfants\/"},"img":{"alt_text":"","src":"","width":0,"height":0},"classes":[]},{"id":2743,"url":"https:\/\/asimon.eu\/blog\/je-me-suis-souvent-demande\/","url_meta":{"origin":945,"position":5},"title":"Je me suis souvent demand\u00e9.","author":"Andr\u00e9","date":"1 juin 2016","format":false,"excerpt":"https:\/\/youtu.be\/BFRRCwJ16Ac Je me suis souvent demand\u00e9 Comment il se fait qu'un ma\u00e7on N'a presque jamais sa maison Je me suis souvent demand\u00e9 Pourquoi les noirs eux n'avaient pas Comme les blancs les m\u00eames droits Je me suis souvent demand\u00e9 Pourquoi les petits chiens pel\u00e9s Un peu partout \u00e9taient trait\u00e9s A\u2026","rel":"","context":"Dans \"amour\"","block_context":{"text":"amour","link":"https:\/\/asimon.eu\/blog\/tag\/amour\/"},"img":{"alt_text":"","src":"https:\/\/i0.wp.com\/img.youtube.com\/vi\/BFRRCwJ16Ac\/0.jpg?resize=350%2C200","width":350,"height":200},"classes":[]}],"jetpack_shortlink":"https:\/\/wp.me\/P9rk1P-ff","jetpack_sharing_enabled":true,"jetpack_likes_enabled":true,"_links":{"self":[{"href":"https:\/\/asimon.eu\/blog\/wp-json\/wp\/v2\/pages\/945","targetHints":{"allow":["GET"]}}],"collection":[{"href":"https:\/\/asimon.eu\/blog\/wp-json\/wp\/v2\/pages"}],"about":[{"href":"https:\/\/asimon.eu\/blog\/wp-json\/wp\/v2\/types\/page"}],"author":[{"embeddable":true,"href":"https:\/\/asimon.eu\/blog\/wp-json\/wp\/v2\/users\/1"}],"replies":[{"embeddable":true,"href":"https:\/\/asimon.eu\/blog\/wp-json\/wp\/v2\/comments?post=945"}],"version-history":[{"count":3,"href":"https:\/\/asimon.eu\/blog\/wp-json\/wp\/v2\/pages\/945\/revisions"}],"predecessor-version":[{"id":478312,"href":"https:\/\/asimon.eu\/blog\/wp-json\/wp\/v2\/pages\/945\/revisions\/478312"}],"wp:attachment":[{"href":"https:\/\/asimon.eu\/blog\/wp-json\/wp\/v2\/media?parent=945"}],"curies":[{"name":"wp","href":"https:\/\/api.w.org\/{rel}","templated":true}]}}